{"id":23470,"date":"2025-10-16T12:09:59","date_gmt":"2025-10-16T11:09:59","guid":{"rendered":"https:\/\/illyes-dombovar.hu\/honlap\/?page_id=23470"},"modified":"2025-10-16T12:10:00","modified_gmt":"2025-10-16T11:10:00","slug":"beszamolo-hatartalanul-program-hat-kp-1-2024-1-00-sz-palyazat-szakmai-beszamoloja","status":"publish","type":"page","link":"https:\/\/illyes-dombovar.hu\/honlap\/beszamolo-hatartalanul-program-hat-kp-1-2024-1-00-sz-palyazat-szakmai-beszamoloja\/","title":{"rendered":"Besz\u00e1mol\u00f3 \u2013 Hat\u00e1rtalanul program &#8211; HAT-KP-1-2024\/1-00 sz. p\u00e1ly\u00e1zat szakmai besz\u00e1mol\u00f3ja"},"content":{"rendered":"\n<p>Besz\u00e1mol\u00f3 \u2013 Hat\u00e1rtalanul program &#8211; HAT-KP-1-2024\/1-00 sz. p\u00e1ly\u00e1zat szakmai besz\u00e1mol\u00f3ja<\/p>\n\n\n\n<div data-wp-interactive=\"core\/file\" class=\"wp-block-file\"><object data-wp-bind--hidden=\"!state.hasPdfPreview\" hidden class=\"wp-block-file__embed\" data=\"https:\/\/illyes-dombovar.hu\/honlap\/wp-content\/uploads\/2025\/10\/HAT-KP-1-20241-00_Illyes_erdelyi-ut-beszamoloja.pdf\" type=\"application\/pdf\" style=\"width:100%;height:1220px\" aria-label=\"HAT-KP-1-20241-00_Illy\u00e9s_erd\u00e9lyi \u00fat besz\u00e1mol\u00f3ja be\u00e1gyaz\u00e1sa\"><\/object><a id=\"wp-block-file--media-3dad0a81-7ba9-419d-9cbe-c5ce51844d2d\" href=\"https:\/\/illyes-dombovar.hu\/honlap\/wp-content\/uploads\/2025\/10\/HAT-KP-1-20241-00_Illyes_erdelyi-ut-beszamoloja.pdf\">HAT-KP-1-20241-00_Illy\u00e9s_erd\u00e9lyi \u00fat besz\u00e1mol\u00f3ja<\/a><a href=\"https:\/\/illyes-dombovar.hu\/honlap\/wp-content\/uploads\/2025\/10\/HAT-KP-1-20241-00_Illyes_erdelyi-ut-beszamoloja.pdf\" class=\"wp-block-file__button wp-element-button\" download aria-describedby=\"wp-block-file--media-3dad0a81-7ba9-419d-9cbe-c5ce51844d2d\">Let\u00f6lt\u00e9s<\/a><\/div>\n","protected":false},"excerpt":{"rendered":"<p>Besz\u00e1mol\u00f3 \u2013 Hat\u00e1rtalanul program &#8211; HAT-KP-1-2024\/1-00 sz. p\u00e1ly\u00e1zat szakmai besz\u00e1mol\u00f3ja<\/p>\n","protected":false},"author":2,"featured_media":0,"parent":0,"menu_order":0,"comment_status":"closed","ping_status":"closed","template":"","meta":{"ngg_post_thumbnail":0,"footnotes":""},"class_list":["post-23470","page","type-page","status-publish","hentry"],"_links":{"self":[{"href":"https:\/\/illyes-dombovar.hu\/honlap\/wp-json\/wp\/v2\/pages\/23470","targetHints":{"allow":["GET"]}}],"collection":[{"href":"https:\/\/illyes-dombovar.hu\/honlap\/wp-json\/wp\/v2\/pages"}],"about":[{"href":"https:\/\/illyes-dombovar.hu\/honlap\/wp-json\/wp\/v2\/types\/page"}],"author":[{"embeddable":true,"href":"https:\/\/illyes-dombovar.hu\/honlap\/wp-json\/wp\/v2\/users\/2"}],"replies":[{"embeddable":true,"href":"https:\/\/illyes-dombovar.hu\/honlap\/wp-json\/wp\/v2\/comments?post=23470"}],"version-history":[{"count":1,"href":"https:\/\/illyes-dombovar.hu\/honlap\/wp-json\/wp\/v2\/pages\/23470\/revisions"}],"predecessor-version":[{"id":23473,"href":"https:\/\/illyes-dombovar.hu\/honlap\/wp-json\/wp\/v2\/pages\/23470\/revisions\/23473"}],"wp:attachment":[{"href":"https:\/\/illyes-dombovar.hu\/honlap\/wp-json\/wp\/v2\/media?parent=23470"}],"curies":[{"name":"wp","href":"https:\/\/api.w.org\/{rel}","templated":true}]}}