{"id":2245,"date":"2020-09-30T08:20:15","date_gmt":"2020-09-30T08:20:15","guid":{"rendered":"http:\/\/teszt.illyes-dombovar.hu\/honlap\/?page_id=2245"},"modified":"2022-08-24T08:54:06","modified_gmt":"2022-08-24T08:54:06","slug":"iskolai-szocialis-segito-2","status":"publish","type":"page","link":"https:\/\/illyes-dombovar.hu\/honlap\/iskolai-szocialis-segito-2\/","title":{"rendered":"Iskolai szoci\u00e1lis seg\u00edt\u0151"},"content":{"rendered":"\n<p><strong>T\u00e1j\u00e9koztat\u00e1s az iskol\u00e1ban gyermekek sz\u00e1m\u00e1ra ny\u00fajtott szoci\u00e1lis seg\u00edt\u0151 tev\u00e9kenys\u00e9gr\u0151l:<\/strong><\/p>\n\n\n\n<ul class=\"wp-block-list\"><li>Inform\u00e1ci\u00f3ny\u00fajt\u00e1s \u00e9s tan\u00e1csad\u00e1s (szoci\u00e1lis \u00fcgyint\u00e9z\u00e9sben, jogok \u00e9s k\u00f6teless\u00e9gek t\u00e9mak\u00f6r\u00e9ben, p\u00e1lyav\u00e1laszt\u00e1si k\u00e9rd\u00e9sekben, \u00e9s minden, amivel a gyermek a szoci\u00e1lis seg\u00edt\u0151 fel\u00e9 fordul).<\/li><li>A szoci\u00e1lisan h\u00e1tr\u00e1nyos helyzet\u0171 gyerekek r\u00e9sz\u00e9re szolg\u00e1ltat\u00e1sokhoz jut\u00e1s el\u0151seg\u00edt\u00e9se, szoci\u00e1lis \u00fcgyint\u00e9z\u00e9s.<\/li><li>Seg\u00edt\u0151 besz\u00e9lget\u00e9s (pl. az iskolai \u00e9s m\u00e1s \u00e9lethelyzetek neh\u00e9zs\u00e9geiben).<\/li><li>Csoportfoglalkoz\u00e1s tart\u00e1sa gyermekek, fiatalok sz\u00e1m\u00e1ra (t\u00e1rsas kapcsolataik \u00e9p\u00edt\u00e9s\u00e9nek vagy fejl\u0151d\u00e9s\u00e9nek el\u0151seg\u00edt\u00e9se \u00e9rdek\u00e9ben).<\/li><li>A pedag\u00f3gusok \u00e9s az egy\u00e9b szoci\u00e1lis szakemberek munk\u00e1j\u00e1nak t\u00e1mogat\u00e1sa.<\/li><li>Prevenci\u00f3s (megel\u0151z\u0151), \u00e9s szabadid\u0151s programok, csoportok vezet\u00e9se, szervez\u00e9se.<\/li><li>Rendszeres kapcsolattart\u00e1s di\u00e1kokkal, di\u00e1kcsoportokkal.<\/li><\/ul>\n\n\n\n<p>Iskolai szoci\u00e1lis munk\u00e1s: Fricker Andrea<\/p>\n\n\n\n<p>Fogad\u00f3\u00f3ra: cs\u00fct\u00f6rt\u00f6k\u00f6nk\u00e9nt 13.00-15.00 f\u00f6ldszint orvosi szoba<\/p>\n\n\n\n<p>El\u00e9rhet\u0151s\u00e9g: <a rel=\"noreferrer noopener\" href=\"mailto:iszm.dombovar@gmail.com\" target=\"_blank\">iszm.dombovar@gmail.com<\/a>, Messengeren: Szoci\u00e1lis Munk\u00e1s FrickerAndrea<\/p>\n","protected":false},"excerpt":{"rendered":"<p>T\u00e1j\u00e9koztat\u00e1s az iskol\u00e1ban gyermekek sz\u00e1m\u00e1ra ny\u00fajtott szoci\u00e1lis seg\u00edt\u0151 tev\u00e9kenys\u00e9gr\u0151l: Inform\u00e1ci\u00f3ny\u00fajt\u00e1s \u00e9s tan\u00e1csad\u00e1s (szoci\u00e1lis \u00fcgyint\u00e9z\u00e9sben, jogok \u00e9s k\u00f6teless\u00e9gek t\u00e9mak\u00f6r\u00e9ben, p\u00e1lyav\u00e1laszt\u00e1si k\u00e9rd\u00e9sekben, \u00e9s minden, amivel a gyermek a szoci\u00e1lis seg\u00edt\u0151 fel\u00e9 fordul). [&hellip;]<\/p>\n","protected":false},"author":2,"featured_media":0,"parent":0,"menu_order":0,"comment_status":"closed","ping_status":"closed","template":"","meta":{"ngg_post_thumbnail":0,"footnotes":""},"class_list":["post-2245","page","type-page","status-publish","hentry"],"_links":{"self":[{"href":"https:\/\/illyes-dombovar.hu\/honlap\/wp-json\/wp\/v2\/pages\/2245","targetHints":{"allow":["GET"]}}],"collection":[{"href":"https:\/\/illyes-dombovar.hu\/honlap\/wp-json\/wp\/v2\/pages"}],"about":[{"href":"https:\/\/illyes-dombovar.hu\/honlap\/wp-json\/wp\/v2\/types\/page"}],"author":[{"embeddable":true,"href":"https:\/\/illyes-dombovar.hu\/honlap\/wp-json\/wp\/v2\/users\/2"}],"replies":[{"embeddable":true,"href":"https:\/\/illyes-dombovar.hu\/honlap\/wp-json\/wp\/v2\/comments?post=2245"}],"version-history":[{"count":3,"href":"https:\/\/illyes-dombovar.hu\/honlap\/wp-json\/wp\/v2\/pages\/2245\/revisions"}],"predecessor-version":[{"id":14537,"href":"https:\/\/illyes-dombovar.hu\/honlap\/wp-json\/wp\/v2\/pages\/2245\/revisions\/14537"}],"wp:attachment":[{"href":"https:\/\/illyes-dombovar.hu\/honlap\/wp-json\/wp\/v2\/media?parent=2245"}],"curies":[{"name":"wp","href":"https:\/\/api.w.org\/{rel}","templated":true}]}}