{"id":1292,"date":"2020-05-27T11:36:55","date_gmt":"2020-05-27T11:36:55","guid":{"rendered":"http:\/\/teszt.illyes-dombovar.hu\/honlap\/?page_id=1292"},"modified":"2020-05-29T10:50:06","modified_gmt":"2020-05-29T10:50:06","slug":"tankonyvrendeles","status":"publish","type":"page","link":"https:\/\/illyes-dombovar.hu\/honlap\/tankonyvrendeles\/","title":{"rendered":"Tank\u00f6nyvrendel\u00e9s"},"content":{"rendered":"\n<p><strong>A 2020\/2021. tan\u00e9vi tank\u00f6nyvrendel\u00e9s menet\u00e9r\u0151l \u00e9s a legfontosabb feladatokr\u00f3l t\u00e1j\u00e9koztatjuk \u00d6n\u00f6ket.<\/strong><\/p>\n\n\n\n<p><strong>A nemzeti k\u00f6znevel\u00e9sr\u0151l sz\u00f3l\u00f3 2011. \u00e9vi CXC. t\u00f6rv\u00e9ny<\/strong><\/p>\n\n\n\n<ul class=\"wp-block-list\"><li><strong><em>93\/E. \u00a7 (1)<\/em><\/strong><em>&nbsp;Az iskola az iskolai tank\u00f6nyvrendel\u00e9s keret\u00e9ben a NAT szerinti kerettantervi tant\u00e1rgyhoz kiz\u00e1r\u00f3lag a tank\u00f6nyvjegyz\u00e9ken szerepl\u0151 tank\u00f6nyvek k\u00f6z\u00fcl v\u00e1laszthat.<\/em><\/li><li><strong><em>\u00a7 (6)<\/em><\/strong>&nbsp;<em>A tanul\u00f3k tank\u00f6nyvell\u00e1t\u00e1s\u00e1t szolg\u00e1l\u00f3 k\u00f6zponti k\u00f6lts\u00e9gvet\u00e9si t\u00e1mogat\u00e1s terh\u00e9re a&nbsp;saj\u00e1tos nevel\u00e9si ig\u00e9ny\u0171 tanul\u00f3k nevel\u00e9s\u00e9hez-oktat\u00e1s\u00e1hoz a&nbsp;szakmai munkak\u00f6z\u00f6ss\u00e9g \u00e9s az iskolai sz\u00fcl\u0151i szervezet egyet\u00e9rt\u00e9s\u00e9vel a pedag\u00f3giai programban foglaltak megval\u00f3s\u00edt\u00e1s\u00e1t szolg\u00e1l\u00f3, a tank\u00f6nyvjegyz\u00e9kben nem szerepl\u0151 k\u00f6nyvek, munkaf\u00fczetek, feladatlapok, eszk\u00f6z\u00f6k \u00e9s digit\u00e1lis ismerethordoz\u00f3k is beszerezhet\u0151k tank\u00f6nyv helyett, ha az iskol\u00e1ban a nevel\u0151 \u00e9s oktat\u00f3 munk\u00e1hoz r\u00e9szben vagy eg\u00e9szben nem alkalmaznak tank\u00f6nyvet.<\/em><\/li><\/ul>\n\n\n\n<p><strong>V\u00e1ltoz\u00e1sok<\/strong><\/p>\n\n\n\n<p>Az <em>\u00e1llami tank\u00f6nyvt\u00e1mogat\u00e1sban alanyi jogon r\u00e9szes\u00fcl\u0151k k\u00f6r\u00e9nek kiterjeszt\u00e9se<\/em><\/p>\n\n\n\n<p><em>&nbsp;A t\u00e9r\u00edt\u00e9smentes tank\u00f6nyvell\u00e1t\u00e1snak a k\u00f6znevel\u00e9s nappali rendszer\u0171 iskolai oktat\u00e1s 10\u201316. \u00e9vfolyamaira t\u00f6rt\u00e9n\u0151 kiterjeszt\u00e9s\u00e9r\u0151l sz\u00f3l\u00f3 1092\/2019. (III. 8.) Korm. hat\u00e1rozat<\/em>&nbsp;eredm\u00e9nyek\u00e9nt valamennyi, a nappali rendszer\u0171 alap- \u00e9s k\u00f6z\u00e9pfok\u00fa iskolai oktat\u00e1sban r\u00e9szt vev\u0151 tanul\u00f3 ingyenes tank\u00f6nyvell\u00e1t\u00e1sban r\u00e9szes\u00fcl. Ezzel&nbsp;<strong>az 1-16. \u00e9vfolyam valamennyi tanul\u00f3ja alanyi jogon t\u00e9r\u00edt\u00e9smentesen kapja a tank\u00f6nyveket, megsz\u0171nik a fizet\u0151s tanul\u00f3i st\u00e1tusz<\/strong>.<\/p>\n\n\n\n<p><em>Az ingyenesen biztos\u00edtott tank\u00f6nyvek finansz\u00edroz\u00e1s\u00e1nak m\u00f3dja<\/em><\/p>\n\n\n\n<p><em>A tank\u00f6nyvell\u00e1t\u00e1s finansz\u00edroz\u00e1s\u00e1nak \u00e9s az \u00e1llami tank\u00f6nyvfejleszt\u00e9s folyamat\u00e1nak hossz\u00fa t\u00e1v\u00fa biztos\u00edt\u00e1s\u00e1val kapcsolatos korm\u00e1nyzati \u00e1ll\u00e1sfoglal\u00e1sr\u00f3l sz\u00f3l\u00f3 1431\/2019. (VII. 26.) Korm. hat\u00e1rozatban<\/em>&nbsp;foglaltaknak megfelel\u0151en&nbsp;<strong>az ingyenes tank\u00f6nyvell\u00e1t\u00e1s finansz\u00edroz\u00e1sa<\/strong>&nbsp;valamennyi k\u00f6znevel\u00e9si int\u00e9zm\u00e9ny eset\u00e9ben, fenntart\u00f3t\u00f3l f\u00fcggetlen\u00fcl&nbsp;<strong>az EMMI \u00e9s a KELLO k\u00f6z\u00f6tti k\u00f6zvetlen elsz\u00e1mol\u00e1ssal val\u00f3sul meg<\/strong>. Az iskola \u00e1ltal megrendelt tank\u00f6nyvek vonatkoz\u00e1s\u00e1ban a KELLO a sz\u00e1ml\u00e1t az iskola\/fenntart\u00f3 r\u00e9sz\u00e9re \u2013 \u00e1llami forr\u00e1sb\u00f3l finansz\u00edrozott, p\u00e9nz\u00fcgyi teljes\u00edt\u00e9st nem ig\u00e9nyel megjel\u00f6l\u00e9ssel \u2013 ki\u00e1ll\u00edtja \u00e9s megk\u00fcldi az iskola\/fenntart\u00f3 r\u00e9sz\u00e9re, annak ellen\u00e9rt\u00e9k\u00e9t a KELLO-nak az EMMI t\u00e9r\u00edti meg.<\/p>\n\n\n\n<p><em>Nemzetis\u00e9gi nevel\u00e9s-oktat\u00e1s kieg\u00e9sz\u00edt\u0151 tank\u00f6nyvt\u00e1mogat\u00e1sa<\/em><\/p>\n\n\n\n<p>&nbsp;A nemzetis\u00e9gi nevel\u00e9s-oktat\u00e1st v\u00e9gz\u0151 iskol\u00e1k&nbsp;<strong>nemzetis\u00e9gi nevel\u00e9s-oktat\u00e1sban r\u00e9szes\u00fcl\u0151 tanul\u00f3i&nbsp;<\/strong>a 2020\/2021-es tan\u00e9vben a k\u00f6lts\u00e9gvet\u00e9si t\u00f6rv\u00e9nyben meghat\u00e1rozott 5 000 forint\/f\u0151\/\u00e9v&nbsp;<strong>kieg\u00e9sz\u00edt\u0151 tank\u00f6nyvt\u00e1mogat\u00e1sra jogosultak<\/strong>.<\/p>\n\n\n\n<p>A fenntart\u00f3 \u00e1ltal finansz\u00edrozott t\u00e9r\u00edt\u00e9ses rendel\u00e9s lehet\u0151s\u00e9ge (tank\u00f6nyv, k\u00f6nyv, SNI, egy\u00e9b taneszk\u00f6z)<\/p>\n\n\n\n<p>Sz\u00fcl\u0151i j\u00f3v\u00e1hagy\u00e1s<\/p>\n\n\n\n<p>Sz\u00fcl\u0151k r\u00e9sz\u00e9re kialak\u00edtott fel\u00fclet (<a href=\"http:\/\/www.szuloifelulet.kello.hu\/\">szuloifelulet.kello.hu<\/a>) lehet\u0151s\u00e9get ad<\/p>\n","protected":false},"excerpt":{"rendered":"<p>A 2020\/2021. tan\u00e9vi tank\u00f6nyvrendel\u00e9s menet\u00e9r\u0151l \u00e9s a legfontosabb feladatokr\u00f3l t\u00e1j\u00e9koztatjuk \u00d6n\u00f6ket. A nemzeti k\u00f6znevel\u00e9sr\u0151l sz\u00f3l\u00f3 2011. \u00e9vi CXC. t\u00f6rv\u00e9ny 93\/E. \u00a7 (1)&nbsp;Az iskola az iskolai tank\u00f6nyvrendel\u00e9s keret\u00e9ben a NAT szerinti [&hellip;]<\/p>\n","protected":false},"author":2,"featured_media":0,"parent":0,"menu_order":0,"comment_status":"closed","ping_status":"closed","template":"","meta":{"ngg_post_thumbnail":0,"footnotes":""},"class_list":["post-1292","page","type-page","status-publish","hentry"],"_links":{"self":[{"href":"https:\/\/illyes-dombovar.hu\/honlap\/wp-json\/wp\/v2\/pages\/1292","targetHints":{"allow":["GET"]}}],"collection":[{"href":"https:\/\/illyes-dombovar.hu\/honlap\/wp-json\/wp\/v2\/pages"}],"about":[{"href":"https:\/\/illyes-dombovar.hu\/honlap\/wp-json\/wp\/v2\/types\/page"}],"author":[{"embeddable":true,"href":"https:\/\/illyes-dombovar.hu\/honlap\/wp-json\/wp\/v2\/users\/2"}],"replies":[{"embeddable":true,"href":"https:\/\/illyes-dombovar.hu\/honlap\/wp-json\/wp\/v2\/comments?post=1292"}],"version-history":[{"count":2,"href":"https:\/\/illyes-dombovar.hu\/honlap\/wp-json\/wp\/v2\/pages\/1292\/revisions"}],"predecessor-version":[{"id":1500,"href":"https:\/\/illyes-dombovar.hu\/honlap\/wp-json\/wp\/v2\/pages\/1292\/revisions\/1500"}],"wp:attachment":[{"href":"https:\/\/illyes-dombovar.hu\/honlap\/wp-json\/wp\/v2\/media?parent=1292"}],"curies":[{"name":"wp","href":"https:\/\/api.w.org\/{rel}","templated":true}]}}