{"id":1281,"date":"2020-05-27T11:36:55","date_gmt":"2020-05-27T11:36:55","guid":{"rendered":"http:\/\/teszt.illyes-dombovar.hu\/honlap\/?page_id=1281"},"modified":"2025-03-13T11:07:16","modified_gmt":"2025-03-13T10:07:16","slug":"eredmenyek","status":"publish","type":"page","link":"https:\/\/illyes-dombovar.hu\/honlap\/eredmenyek\/","title":{"rendered":"Eredm\u00e9nyek"},"content":{"rendered":"\n<p class=\"has-text-align-center has-luminous-vivid-orange-color has-text-color has-link-color wp-elements-3f582d335d9dcf6b75145460d8f4dc7b\" style=\"font-size:30px\"><strong>A 2023-2024-es tan\u00e9v legkiemelked\u0151bb eredm\u00e9nyei<\/strong><\/p>\n\n\n\n<div data-wp-interactive=\"core\/file\" class=\"wp-block-file\"><object data-wp-bind--hidden=\"!state.hasPdfPreview\" hidden class=\"wp-block-file__embed\" data=\"https:\/\/illyes-dombovar.hu\/honlap\/wp-content\/uploads\/2025\/03\/2023-2024.pdf\" type=\"application\/pdf\" style=\"width:100%;height:2000px\" aria-label=\"2023-2024 be\u00e1gyaz\u00e1sa\"><\/object><a id=\"wp-block-file--media-595bb073-7d02-4205-a9e1-5eabb360b024\" href=\"https:\/\/illyes-dombovar.hu\/honlap\/wp-content\/uploads\/2025\/03\/2023-2024.pdf\">2023-2024<\/a><\/div>\n","protected":false},"excerpt":{"rendered":"<p>A 2023-2024-es tan\u00e9v legkiemelked\u0151bb eredm\u00e9nyei<\/p>\n","protected":false},"author":2,"featured_media":0,"parent":0,"menu_order":0,"comment_status":"closed","ping_status":"closed","template":"","meta":{"ngg_post_thumbnail":0,"footnotes":""},"class_list":["post-1281","page","type-page","status-publish","hentry"],"_links":{"self":[{"href":"https:\/\/illyes-dombovar.hu\/honlap\/wp-json\/wp\/v2\/pages\/1281","targetHints":{"allow":["GET"]}}],"collection":[{"href":"https:\/\/illyes-dombovar.hu\/honlap\/wp-json\/wp\/v2\/pages"}],"about":[{"href":"https:\/\/illyes-dombovar.hu\/honlap\/wp-json\/wp\/v2\/types\/page"}],"author":[{"embeddable":true,"href":"https:\/\/illyes-dombovar.hu\/honlap\/wp-json\/wp\/v2\/users\/2"}],"replies":[{"embeddable":true,"href":"https:\/\/illyes-dombovar.hu\/honlap\/wp-json\/wp\/v2\/comments?post=1281"}],"version-history":[{"count":3,"href":"https:\/\/illyes-dombovar.hu\/honlap\/wp-json\/wp\/v2\/pages\/1281\/revisions"}],"predecessor-version":[{"id":21972,"href":"https:\/\/illyes-dombovar.hu\/honlap\/wp-json\/wp\/v2\/pages\/1281\/revisions\/21972"}],"wp:attachment":[{"href":"https:\/\/illyes-dombovar.hu\/honlap\/wp-json\/wp\/v2\/media?parent=1281"}],"curies":[{"name":"wp","href":"https:\/\/api.w.org\/{rel}","templated":true}]}}