{"id":1245,"date":"2020-01-16T14:20:56","date_gmt":"2020-01-16T14:20:56","guid":{"rendered":"http:\/\/teszt.illyes-dombovar.hu\/?page_id=1245"},"modified":"2023-06-06T13:53:55","modified_gmt":"2023-06-06T12:53:55","slug":"kapcsolat","status":"publish","type":"page","link":"https:\/\/illyes-dombovar.hu\/honlap\/kapcsolat\/","title":{"rendered":"Kapcsolat"},"content":{"rendered":"\n<p><strong>&#8211; = Domb\u00f3v\u00e1ri Illy\u00e9s Gyula Gimn\u00e1zium = &#8211;<\/strong><\/p>\n\n\n\n<figure class=\"wp-block-table is-style-stripes\"><table><tbody><tr><td><strong>Iskol\u00e1nk c\u00edme:<\/strong><\/td><td>7200 Domb\u00f3v\u00e1r, Bajcsy-Zsilinszky utca 2.<\/td><\/tr><\/tbody><\/table><\/figure>\n\n\n\n<div class=\"wp-block-group\"><div class=\"wp-block-group__inner-container is-layout-flow wp-block-group-is-layout-flow\">\n<figure class=\"wp-block-table is-style-stripes\"><table><tbody><tr><td>Igazgat\u00f3i iroda:<\/td><td class=\"has-text-align-center\" data-align=\"center\">0674\/466-874<\/td><\/tr><tr><td>Igazgat\u00f3helyettesek:<\/td><td class=\"has-text-align-center\" data-align=\"center\">0674\/465-195<\/td><\/tr><tr><td>Porta:<\/td><td class=\"has-text-align-center\" data-align=\"center\">0674\/466-864<\/td><\/tr><tr><td>Titk\u00e1rs\u00e1g:<\/td><td class=\"has-text-align-center\" data-align=\"center\">0674\/466-336<\/td><\/tr><tr><td>E-mail:<\/td><td class=\"has-text-align-center\" data-align=\"center\">titkarsag@illyes-dombovar.hu<\/td><\/tr><tr><td>Honlap:<\/td><td class=\"has-text-align-center\" data-align=\"center\">www.illyes-dombovar.hu<\/td><\/tr><tr><td>OM-azonos\u00edt\u00f3:<\/td><td class=\"has-text-align-center\" data-align=\"center\">036379<\/td><\/tr><\/tbody><\/table><\/figure>\n<\/div><\/div>\n\n\n\n<figure class=\"wp-block-table is-style-stripes\"><table><tbody><tr><td class=\"has-text-align-right\" data-align=\"right\"><strong>N\u00e9v<\/strong><\/td><td class=\"has-text-align-center\" data-align=\"center\"><strong>Beoszt\u00e1s<\/strong><\/td><td class=\"has-text-align-center\" data-align=\"center\"><strong>Munkarend<\/strong><\/td><td class=\"has-text-align-center\" data-align=\"center\"><strong>Telefonsz\u00e1m<\/strong><\/td><\/tr><tr><td class=\"has-text-align-right\" data-align=\"right\">Dr. Szeny\u00e9ri Zolt\u00e1n<\/td><td class=\"has-text-align-center\" data-align=\"center\">igazgat\u00f3<\/td><td class=\"has-text-align-center\" data-align=\"center\">H.-Cs.: 7.30 &#8211; 16.00 P.: 7.30 &#8211; 13.30<\/td><td class=\"has-text-align-center\" data-align=\"center\">0674\/466-874<\/td><\/tr><tr><td class=\"has-text-align-right\" data-align=\"right\">Juh\u00e1sz Rita<\/td><td class=\"has-text-align-center\" data-align=\"center\">igazgat\u00f3helyettes<\/td><td class=\"has-text-align-center\" data-align=\"center\">H.-Cs.: 7.30 &#8211; 16.00 P.: 7.30 &#8211; 13.30<\/td><td class=\"has-text-align-center\" data-align=\"center\">&nbsp;<\/td><\/tr><tr><td class=\"has-text-align-right\" data-align=\"right\">Gyarmati Gy\u00f6ngyi<\/td><td class=\"has-text-align-center\" data-align=\"center\">igazgat\u00f3helyettes<\/td><td class=\"has-text-align-center\" data-align=\"center\">H.-Cs.: 7.30 &#8211; 16.00 P.: 7.30 &#8211; 13.30<\/td><td class=\"has-text-align-center\" data-align=\"center\"><\/td><\/tr><tr><td class=\"has-text-align-right\" data-align=\"right\">Szemesn\u00e9 T\u00f3th Zsanett<\/td><td class=\"has-text-align-center\" data-align=\"center\">iskolatitk\u00e1r<\/td><td class=\"has-text-align-center\" data-align=\"center\">H.-Cs.: 7.30 &#8211; 16.00 P.: 7.30 &#8211; 13.30<\/td><td class=\"has-text-align-center\" data-align=\"center\"><\/td><\/tr><tr><td class=\"has-text-align-right\" data-align=\"right\">Cs\u0151ke Szilvia<\/td><td class=\"has-text-align-center\" data-align=\"center\">gazdas\u00e1gi \u00fcgyint\u00e9z\u0151<\/td><td class=\"has-text-align-center\" data-align=\"center\">H.-Cs.: 7.30 &#8211; 16.00 P.: 7.30 &#8211; 13.30<\/td><td class=\"has-text-align-center\" data-align=\"center\">0674\/466-864 \/ 201<\/td><\/tr><tr><td class=\"has-text-align-right\" data-align=\"right\">Tak\u00e1csn\u00e9 Reisz Anett<\/td><td class=\"has-text-align-center\" data-align=\"center\">iskolai k\u00f6nyvt\u00e1r<\/td><td class=\"has-text-align-center\" data-align=\"center\"><a href=\"http:\/\/teszt.illyes-dombovar.hu\/honlap\/konyvtar\/\">l\u00e1sd a k\u00f6nyvt\u00e1r oldal\u00e1n<\/a><\/td><td class=\"has-text-align-center\" data-align=\"center\">&nbsp;<\/td><\/tr><tr><td class=\"has-text-align-right\" data-align=\"right\">Dancs \u00c1. Levente<\/td><td class=\"has-text-align-center\" data-align=\"center\">rendszergazda<\/td><td class=\"has-text-align-center\" data-align=\"center\">H.-Cs.: 7.30 &#8211; 16.00 P.: 7.30 &#8211; 13.30<\/td><td class=\"has-text-align-center\" data-align=\"center\">&nbsp;<\/td><\/tr><tr><td class=\"has-text-align-right\" data-align=\"right\">Fut\u00f3 Gy\u00f6rgy r. f\u0151hadnagy<\/td><td class=\"has-text-align-center\" data-align=\"center\">iskolai b\u0171nmegel\u0151z\u00e9si tan\u00e1csad\u00f3<\/td><td class=\"has-text-align-center\" data-align=\"center\">&#8212;&gt;<\/td><td class=\"has-text-align-center\" data-align=\"center\">0674\/566-070<\/td><\/tr><\/tbody><\/table><\/figure>\n\n\n\n<p><\/p>\n\n\n\n<p id=\"block-3324ba68-9b99-4efd-80b2-2aa8c169cd05\"><strong>Fenntart\u00f3i adatok:<\/strong><\/p>\n\n\n\n<p id=\"block-7b2bda15-dee0-442d-8f8f-1f25dade95bf\">C\u00edme: Tam\u00e1si Tanker\u00fcleti K\u00f6zpont<\/p>\n\n\n\n<p id=\"block-bacd9316-6c31-43f9-a35b-cb83961bad16\">7090 Tam\u00e1si, Szabads\u00e1g utca 29.<\/p>\n\n\n\n<p id=\"block-d0c9d501-8833-49b9-9529-598ae312ea82\">Tanker\u00fcleti igazgat\u00f3: Csike Tam\u00e1s<\/p>\n\n\n\n<p id=\"block-9c486b6a-a8bc-4181-923c-1e6cc77092c2\">Telefon: +36(74) 795-236; +36(74) 470-020<\/p>\n\n\n\n<p id=\"block-7bad9844-9f20-4e13-af57-3881a3aeeb96\">E-mail: <a rel=\"noreferrer noopener\" href=\"mailto:tamasi@kk.gov.hu\" target=\"_blank\">tamasi@kk.gov.hu<\/a><\/p>\n\n\n\n<p id=\"block-9faaa3a3-da2f-4dc6-94ce-3f675a98b0ba\">Honlap: <a rel=\"noreferrer noopener\" href=\"http:\/\/kk.gov.hu\/\" target=\"_blank\">kk.gov.hu\/<\/a> Tanker\u00fcleti K\u00f6zpontok\/Tam\u00e1si Tanker\u00fcleti K\u00f6zpont<\/p>\n\n\n\n<p id=\"block-6eb3aa0f-01dc-4376-9d95-e35fcabc73f6\">Megtekint\u00e9s t\u00e9rk\u00e9pen ide kattintva: <a rel=\"noreferrer noopener\" href=\"https:\/\/www.google.com\/maps?ll=46.375017,18.135229&amp;z=16&amp;t=m&amp;hl=hu-HU&amp;gl=HU&amp;mapclient=embed&amp;cid=2406876680276162136\" target=\"_blank\">itt<\/a><\/p>\n","protected":false},"excerpt":{"rendered":"<p>&#8211; = Domb\u00f3v\u00e1ri Illy\u00e9s Gyula Gimn\u00e1zium = &#8211; Iskol\u00e1nk c\u00edme: 7200 Domb\u00f3v\u00e1r, Bajcsy-Zsilinszky utca 2. Igazgat\u00f3i iroda: 0674\/466-874 Igazgat\u00f3helyettesek: 0674\/465-195 Porta: 0674\/466-864 Titk\u00e1rs\u00e1g: 0674\/466-336 E-mail: titkarsag@illyes-dombovar.hu Honlap: www.illyes-dombovar.hu OM-azonos\u00edt\u00f3: 036379 [&hellip;]<\/p>\n","protected":false},"author":2,"featured_media":0,"parent":0,"menu_order":0,"comment_status":"closed","ping_status":"closed","template":"","meta":{"ngg_post_thumbnail":0,"footnotes":""},"class_list":["post-1245","page","type-page","status-publish","hentry"],"_links":{"self":[{"href":"https:\/\/illyes-dombovar.hu\/honlap\/wp-json\/wp\/v2\/pages\/1245","targetHints":{"allow":["GET"]}}],"collection":[{"href":"https:\/\/illyes-dombovar.hu\/honlap\/wp-json\/wp\/v2\/pages"}],"about":[{"href":"https:\/\/illyes-dombovar.hu\/honlap\/wp-json\/wp\/v2\/types\/page"}],"author":[{"embeddable":true,"href":"https:\/\/illyes-dombovar.hu\/honlap\/wp-json\/wp\/v2\/users\/2"}],"replies":[{"embeddable":true,"href":"https:\/\/illyes-dombovar.hu\/honlap\/wp-json\/wp\/v2\/comments?post=1245"}],"version-history":[{"count":11,"href":"https:\/\/illyes-dombovar.hu\/honlap\/wp-json\/wp\/v2\/pages\/1245\/revisions"}],"predecessor-version":[{"id":17527,"href":"https:\/\/illyes-dombovar.hu\/honlap\/wp-json\/wp\/v2\/pages\/1245\/revisions\/17527"}],"wp:attachment":[{"href":"https:\/\/illyes-dombovar.hu\/honlap\/wp-json\/wp\/v2\/media?parent=1245"}],"curies":[{"name":"wp","href":"https:\/\/api.w.org\/{rel}","templated":true}]}}