{"id":11777,"date":"2021-09-17T09:35:58","date_gmt":"2021-09-17T09:35:58","guid":{"rendered":"http:\/\/illyes-dombovar.hu\/honlap\/?page_id=11777"},"modified":"2023-05-10T09:43:36","modified_gmt":"2023-05-10T08:43:36","slug":"adatvedelem","status":"publish","type":"page","link":"https:\/\/illyes-dombovar.hu\/honlap\/adatvedelem\/","title":{"rendered":"Adatv\u00e9delem"},"content":{"rendered":"<div class=\"wp-block-image\">\n<figure class=\"aligncenter size-large is-resized\"><img loading=\"lazy\" decoding=\"async\" src=\"http:\/\/illyes-dombovar.hu\/honlap\/wp-content\/uploads\/2021\/02\/DJI_0318-1-1024x819.jpg\" alt=\"\" class=\"wp-image-11157\" width=\"498\" height=\"398\" srcset=\"https:\/\/illyes-dombovar.hu\/honlap\/wp-content\/uploads\/2021\/02\/DJI_0318-1-1024x819.jpg 1024w, https:\/\/illyes-dombovar.hu\/honlap\/wp-content\/uploads\/2021\/02\/DJI_0318-1-300x240.jpg 300w, https:\/\/illyes-dombovar.hu\/honlap\/wp-content\/uploads\/2021\/02\/DJI_0318-1-768x614.jpg 768w, https:\/\/illyes-dombovar.hu\/honlap\/wp-content\/uploads\/2021\/02\/DJI_0318-1-1536x1228.jpg 1536w, https:\/\/illyes-dombovar.hu\/honlap\/wp-content\/uploads\/2021\/02\/DJI_0318-1-375x300.jpg 375w, https:\/\/illyes-dombovar.hu\/honlap\/wp-content\/uploads\/2021\/02\/DJI_0318-1.jpg 1956w\" sizes=\"auto, (max-width: 498px) 100vw, 498px\" \/><\/figure>\n<\/div>\n\n\n<p class=\"has-text-align-center\"><strong>A di\u00e1kokkal kapcsolatos adatkezel\u00e9si t\u00e1j\u00e9koztat\u00f3kat az al\u00e1bbi linkeken \u00e9rhetik el:<\/strong><\/p>\n\n\n\n<div class=\"wp-block-file aligncenter\"><a id=\"wp-block-file--media-dc25287b-cbd1-4507-b6e8-2da848a0baea\" href=\"http:\/\/illyes-dombovar.hu\/honlap\/wp-content\/uploads\/2021\/09\/Adatkezelesi-tajekoztato-eves-munkaterv-alapjan-tartando-rendezveny.docx\" target=\"_blank\" rel=\"noreferrer noopener\">Adatkezelesi-tajekoztato-eves-munkaterv-alapjan-tartando-rendezveny<\/a><a href=\"http:\/\/illyes-dombovar.hu\/honlap\/wp-content\/uploads\/2021\/09\/Adatkezelesi-tajekoztato-eves-munkaterv-alapjan-tartando-rendezveny.docx\" class=\"wp-block-file__button wp-element-button\" download aria-describedby=\"wp-block-file--media-dc25287b-cbd1-4507-b6e8-2da848a0baea\">Let\u00f6lt\u00e9s<\/a><\/div>\n\n\n\n<div class=\"wp-block-file aligncenter\"><a id=\"wp-block-file--media-ca8f1dc6-a950-4d70-8fe9-5228fc31b1a0\" href=\"http:\/\/illyes-dombovar.hu\/honlap\/wp-content\/uploads\/2021\/09\/Altalanos-adatkezelesi-tajekoztato-tanulokat-erinto-adatkezelesekrol.docx\" target=\"_blank\" rel=\"noreferrer noopener\">Altalanos-adatkezelesi-tajekoztato-tanulokat-erinto-adatkezelesekrol<\/a><a href=\"http:\/\/illyes-dombovar.hu\/honlap\/wp-content\/uploads\/2021\/09\/Altalanos-adatkezelesi-tajekoztato-tanulokat-erinto-adatkezelesekrol.docx\" class=\"wp-block-file__button wp-element-button\" download aria-describedby=\"wp-block-file--media-ca8f1dc6-a950-4d70-8fe9-5228fc31b1a0\">Let\u00f6lt\u00e9s<\/a><\/div>\n\n\n\n<p><strong>A Tam\u00e1si Tanker\u00fcleti K\u00f6zpont 6\/2021. (VII.07.) sz\u00e1m\u00fa Adatv\u00e9delmi \u00e9s adatbiztons\u00e1gi szab\u00e1lyzata:<\/strong><\/p>\n\n\n\n<p><a rel=\"noreferrer noopener\" href=\"http:\/\/kk.gov.hu\/download\/b\/92\/03000\/Adatvedelmi_szabalyzat.pdf\" target=\"_blank\">http:\/\/kk.gov.hu\/download\/b\/92\/03000\/Adatvedelmi_szabalyzat.pdf<\/a><\/p>\n\n\n\n<p><strong>A Tam\u00e1si Tanker\u00fcleti K\u00f6zpont adatb\u00e1zisai, nyilv\u00e1ntart\u00e1sai:<\/strong><\/p>\n\n\n\n<p><a href=\"http:\/\/kk.gov.hu\/download\/1\/c5\/03000\/nyilvantartasok.pdf\" target=\"_blank\" rel=\"noreferrer noopener\">http:\/\/kk.gov.hu\/download\/1\/c5\/03000\/nyilvantartasok.pdf<\/a><\/p>\n","protected":false},"excerpt":{"rendered":"<p>A di\u00e1kokkal kapcsolatos adatkezel\u00e9si t\u00e1j\u00e9koztat\u00f3kat az al\u00e1bbi linkeken \u00e9rhetik el: A Tam\u00e1si Tanker\u00fcleti K\u00f6zpont 6\/2021. (VII.07.) sz\u00e1m\u00fa Adatv\u00e9delmi \u00e9s adatbiztons\u00e1gi szab\u00e1lyzata: http:\/\/kk.gov.hu\/download\/b\/92\/03000\/Adatvedelmi_szabalyzat.pdf A Tam\u00e1si Tanker\u00fcleti K\u00f6zpont adatb\u00e1zisai, nyilv\u00e1ntart\u00e1sai: http:\/\/kk.gov.hu\/download\/1\/c5\/03000\/nyilvantartasok.pdf<\/p>\n","protected":false},"author":2,"featured_media":11785,"parent":0,"menu_order":0,"comment_status":"closed","ping_status":"closed","template":"","meta":{"ngg_post_thumbnail":0,"footnotes":""},"class_list":["post-11777","page","type-page","status-publish","has-post-thumbnail","hentry"],"_links":{"self":[{"href":"https:\/\/illyes-dombovar.hu\/honlap\/wp-json\/wp\/v2\/pages\/11777","targetHints":{"allow":["GET"]}}],"collection":[{"href":"https:\/\/illyes-dombovar.hu\/honlap\/wp-json\/wp\/v2\/pages"}],"about":[{"href":"https:\/\/illyes-dombovar.hu\/honlap\/wp-json\/wp\/v2\/types\/page"}],"author":[{"embeddable":true,"href":"https:\/\/illyes-dombovar.hu\/honlap\/wp-json\/wp\/v2\/users\/2"}],"replies":[{"embeddable":true,"href":"https:\/\/illyes-dombovar.hu\/honlap\/wp-json\/wp\/v2\/comments?post=11777"}],"version-history":[{"count":4,"href":"https:\/\/illyes-dombovar.hu\/honlap\/wp-json\/wp\/v2\/pages\/11777\/revisions"}],"predecessor-version":[{"id":17435,"href":"https:\/\/illyes-dombovar.hu\/honlap\/wp-json\/wp\/v2\/pages\/11777\/revisions\/17435"}],"wp:featuredmedia":[{"embeddable":true,"href":"https:\/\/illyes-dombovar.hu\/honlap\/wp-json\/wp\/v2\/media\/11785"}],"wp:attachment":[{"href":"https:\/\/illyes-dombovar.hu\/honlap\/wp-json\/wp\/v2\/media?parent=11777"}],"curies":[{"name":"wp","href":"https:\/\/api.w.org\/{rel}","templated":true}]}}