{"id":11739,"date":"2021-08-25T13:05:31","date_gmt":"2021-08-25T13:05:31","guid":{"rendered":"http:\/\/illyes-dombovar.hu\/honlap\/?page_id=11739"},"modified":"2025-03-31T06:58:56","modified_gmt":"2025-03-31T05:58:56","slug":"menza","status":"publish","type":"page","link":"https:\/\/illyes-dombovar.hu\/honlap\/menza\/","title":{"rendered":"Menza"},"content":{"rendered":"\n<p>Kedves Sz\u00fcl\u0151k \u00e9s Di\u00e1kok!<\/p>\n\n\n\n<p>T\u00e1j\u00e9koztatjuk \u00d6n\u00f6ket\/Benneteket, hogy a menz\u00e1ra val\u00f3 jelentkez\u00e9s hat\u00e1rideje augusztus 30. Aki jelentkezni szeretne az \u00e9tkez\u00e9sre az al\u00e1bbi mell\u00e9kletben szerepl\u0151 ig\u00e9nyl\u0151 lapokat legyen sz\u00edves kit\u00f6lteni \u00e9s augusztus 30-\u00e1n 12 \u00f3r\u00e1ig eljuttatni Domb\u00f3v\u00e1r V\u00e1ros \u00d6nkorm\u00e1nyzat\u00e1hoz, melynek c\u00edme: 7200 Domb\u00f3v\u00e1r, Szabads\u00e1g utca 18.&nbsp; Az ig\u00e9nyl\u0151 lapot emailben is el lehet juttatni az int\u00e9zm\u00e9nyhez az&nbsp;<a href=\"mailto:etkezes.integralt.dombovar@gmail.com\" target=\"_blank\" rel=\"noreferrer noopener\">etkezes.integralt.dombovar@gmail.com<\/a>&nbsp;c\u00edmre, de az eredeti nyilatkozatot ebben az esetben is el kell k\u00fcldeni az \u00d6nkorm\u00e1nyzathoz.&nbsp;Az \u00e9tkez\u00e9s lemond\u00e1s\u00e1ra els\u0151sorban a Menza Pure Domb\u00f3v\u00e1r online fel\u00fclet\u00e9n van lehet\u0151s\u00e9g, illetve a fenti email c\u00edmen a n\u00e9v \u00e9s az oszt\u00e1ly megjel\u00f6l\u00e9s\u00e9vel a lemond\u00e1st megel\u0151z\u0151 munkanapon 9 \u00f3r\u00e1ig. K\u00e9rj\u00fck, hogy a bejelent\u00e9s tartalmazza d\u00e1tum szerint a hi\u00e1nyz\u00e1s napjait. Amennyiben v\u00e1ratlan esem\u00e9ny miatt a lemond\u00e1s nem lehets\u00e9ges, az adott napi eb\u00e9d saj\u00e1t \u00e9thord\u00f3ban elvihet\u0151 az Ipari Iskola (5-7. oszt\u00e1ly) \u00e9s az Evang\u00e9likus \u00c1ltal\u00e1nos Iskola (8-12. oszt\u00e1ly) eb\u00e9dl\u0151j\u00e9b\u0151l. Aki a k\u00e9s\u0151bbiekben (szeptember elseje ut\u00e1n) szeretn\u00e9 ig\u00e9nybe venni a menzai szolg\u00e1ltat\u00e1st, az ig\u00e9nyl\u00e9st a fent ismertetett m\u00f3don teheti meg.&nbsp; A menza d\u00edj fizet\u00e9s\u00e9r\u0151l az ig\u00e9nyl\u00e9st k\u00f6vet\u0151en kapnak t\u00e1j\u00e9koztat\u00e1st a sz\u00fcl\u0151k k\u00f6zvetlen\u00fcl az \u00d6nkorm\u00e1nyzatt\u00f3l. Ha b\u00e1rmi k\u00e9rd\u00e9s felmer\u00fclne a menz\u00e1val kapcsolatban, k\u00e9rj\u00fck keress\u00e9k bizalommal Tenczn\u00e9 T\u00f6r\u0151 T\u00edme\u00e1t a 06\/20376-6446-os telefonsz\u00e1mon, vagy a fenti email c\u00edmen. A gyermek\u00e9tkeztet\u00e9ssel kapcsolatos szem\u00e9lyes \u00fcgyint\u00e9z\u00e9sre a V\u00e1rosh\u00e1z\u00e1n (Szabads\u00e1g utca 18.) van lehet\u0151s\u00e9g a hivatal p\u00e9nzt\u00e1r\u00e1ban, h\u00e9tf\u0151n 13.00-15.00-ig \u00e9s cs\u00fct\u00f6rt\u00f6k\u00f6n 08.00-09.00-ig.<strong><em> <\/em><\/strong><\/p>\n\n\n\n<p><strong>T\u00e1j\u00e9koztat\u00f3<\/strong><\/p>\n\n\n\n<div class=\"wp-block-file aligncenter\"><a id=\"wp-block-file--media-36ca862c-5f07-4ed5-ae0d-0506a52cc81d\" href=\"http:\/\/illyes-dombovar.hu\/honlap\/wp-content\/uploads\/2022\/10\/tajekoztato-intezmenyi-etkeztetesrol-uj.pdf\">tajekoztato-intezmenyi-etkeztetesrol-uj<\/a><a href=\"http:\/\/illyes-dombovar.hu\/honlap\/wp-content\/uploads\/2022\/10\/tajekoztato-intezmenyi-etkeztetesrol-uj.pdf\" class=\"wp-block-file__button wp-element-button\" download aria-describedby=\"wp-block-file--media-36ca862c-5f07-4ed5-ae0d-0506a52cc81d\">Let\u00f6lt\u00e9s<\/a><\/div>\n\n\n\n<div class=\"wp-block-file aligncenter\"><a id=\"wp-block-file--media-cda9a30e-a412-4542-bda5-7948fdd6c842\" href=\"http:\/\/illyes-dombovar.hu\/honlap\/wp-content\/uploads\/2023\/08\/Menza-Pure-regisztracios-nyilatkozat.pdf\">Menza-Pure-regisztracios-nyilatkozat<\/a><a href=\"http:\/\/illyes-dombovar.hu\/honlap\/wp-content\/uploads\/2023\/08\/Menza-Pure-regisztracios-nyilatkozat.pdf\" class=\"wp-block-file__button wp-element-button\" download aria-describedby=\"wp-block-file--media-cda9a30e-a412-4542-bda5-7948fdd6c842\">Let\u00f6lt\u00e9s<\/a><\/div>\n\n\n\n<div class=\"wp-block-file aligncenter\"><a id=\"wp-block-file--media-e39f4142-1101-4eee-a0ed-f4df162a5242\" href=\"http:\/\/illyes-dombovar.hu\/honlap\/wp-content\/uploads\/2023\/08\/Gimnaziumi-etkezesigenylo-nyilatkozat.pdf\">Gimnaziumi-etkezesigenylo-nyilatkozat<\/a><a href=\"http:\/\/illyes-dombovar.hu\/honlap\/wp-content\/uploads\/2023\/08\/Gimnaziumi-etkezesigenylo-nyilatkozat.pdf\" class=\"wp-block-file__button wp-element-button\" download aria-describedby=\"wp-block-file--media-e39f4142-1101-4eee-a0ed-f4df162a5242\">Let\u00f6lt\u00e9s<\/a><\/div>\n\n\n\n<div data-wp-interactive=\"core\/file\" class=\"wp-block-file aligncenter\"><object data-wp-bind--hidden=\"!state.hasPdfPreview\" hidden class=\"wp-block-file__embed\" data=\"https:\/\/illyes-dombovar.hu\/honlap\/wp-content\/uploads\/2025\/03\/Tajekoztato-Gimnazium-2025.04.01-tol.pdf\" type=\"application\/pdf\" style=\"width:100%;height:600px\" aria-label=\"T\u00e1j\u00e9koztat\u00f3- Gimn\u00e1zium  2025.04.01-t\u0151l be\u00e1gyaz\u00e1sa\"><\/object><a id=\"wp-block-file--media-d6fe3b8b-5394-4190-beca-7c5ec0a6a5cc\" href=\"https:\/\/illyes-dombovar.hu\/honlap\/wp-content\/uploads\/2025\/03\/Tajekoztato-Gimnazium-2025.04.01-tol.pdf\">T\u00e1j\u00e9koztat\u00f3- Gimn\u00e1zium  2025.04.01-t\u0151l<\/a><a href=\"https:\/\/illyes-dombovar.hu\/honlap\/wp-content\/uploads\/2025\/03\/Tajekoztato-Gimnazium-2025.04.01-tol.pdf\" class=\"wp-block-file__button wp-element-button\" download aria-describedby=\"wp-block-file--media-d6fe3b8b-5394-4190-beca-7c5ec0a6a5cc\">Let\u00f6lt\u00e9s<\/a><\/div>\n","protected":false},"excerpt":{"rendered":"<p>Kedves Sz\u00fcl\u0151k \u00e9s Di\u00e1kok! T\u00e1j\u00e9koztatjuk \u00d6n\u00f6ket\/Benneteket, hogy a menz\u00e1ra val\u00f3 jelentkez\u00e9s hat\u00e1rideje augusztus 30. Aki jelentkezni szeretne az \u00e9tkez\u00e9sre az al\u00e1bbi mell\u00e9kletben szerepl\u0151 ig\u00e9nyl\u0151 lapokat legyen sz\u00edves kit\u00f6lteni \u00e9s augusztus [&hellip;]<\/p>\n","protected":false},"author":2,"featured_media":0,"parent":0,"menu_order":0,"comment_status":"closed","ping_status":"closed","template":"","meta":{"ngg_post_thumbnail":0,"footnotes":""},"class_list":["post-11739","page","type-page","status-publish","hentry"],"_links":{"self":[{"href":"https:\/\/illyes-dombovar.hu\/honlap\/wp-json\/wp\/v2\/pages\/11739","targetHints":{"allow":["GET"]}}],"collection":[{"href":"https:\/\/illyes-dombovar.hu\/honlap\/wp-json\/wp\/v2\/pages"}],"about":[{"href":"https:\/\/illyes-dombovar.hu\/honlap\/wp-json\/wp\/v2\/types\/page"}],"author":[{"embeddable":true,"href":"https:\/\/illyes-dombovar.hu\/honlap\/wp-json\/wp\/v2\/users\/2"}],"replies":[{"embeddable":true,"href":"https:\/\/illyes-dombovar.hu\/honlap\/wp-json\/wp\/v2\/comments?post=11739"}],"version-history":[{"count":11,"href":"https:\/\/illyes-dombovar.hu\/honlap\/wp-json\/wp\/v2\/pages\/11739\/revisions"}],"predecessor-version":[{"id":22061,"href":"https:\/\/illyes-dombovar.hu\/honlap\/wp-json\/wp\/v2\/pages\/11739\/revisions\/22061"}],"wp:attachment":[{"href":"https:\/\/illyes-dombovar.hu\/honlap\/wp-json\/wp\/v2\/media?parent=11739"}],"curies":[{"name":"wp","href":"https:\/\/api.w.org\/{rel}","templated":true}]}}