{"id":3,"date":"2019-09-05T08:24:56","date_gmt":"2019-09-05T08:24:56","guid":{"rendered":"http:\/?page_id=3"},"modified":"2020-09-14T13:37:35","modified_gmt":"2020-09-14T13:37:35","slug":"privacy-policy","status":"publish","type":"page","link":"http:\/\/illyes-dombovar.hu\/honlap\/privacy-policy\/","title":{"rendered":"Adatv\u00e9delmi szab\u00e1lyzat"},"content":{"rendered":"\n<div class=\"wp-block-file\"><a href=\"http:\/\/teszt.illyes-dombovar.hu\/wp-content\/uploads\/2019\/10\/Adatkezel\u00e9si-t\u00e1j\u00e9koztat\u00f3.docx\"><strong>Adatkezel\u00e9si t\u00e1j\u00e9koztat\u00f3<\/strong><\/a><a href=\"http:\/\/teszt.illyes-dombovar.hu\/wp-content\/uploads\/2019\/10\/Adatkezel\u00e9si-t\u00e1j\u00e9koztat\u00f3.docx\" class=\"wp-block-file__button\" download>Let\u00f6lt\u00e9s<\/a><\/div>\n","protected":false},"excerpt":{"rendered":"","protected":false},"author":1,"featured_media":2178,"parent":0,"menu_order":0,"comment_status":"closed","ping_status":"open","template":"","meta":{"ngg_post_thumbnail":0,"footnotes":""},"class_list":["post-3","page","type-page","status-publish","has-post-thumbnail","hentry"],"_links":{"self":[{"href":"http:\/\/illyes-dombovar.hu\/honlap\/wp-json\/wp\/v2\/pages\/3","targetHints":{"allow":["GET"]}}],"collection":[{"href":"http:\/\/illyes-dombovar.hu\/honlap\/wp-json\/wp\/v2\/pages"}],"about":[{"href":"http:\/\/illyes-dombovar.hu\/honlap\/wp-json\/wp\/v2\/types\/page"}],"author":[{"embeddable":true,"href":"http:\/\/illyes-dombovar.hu\/honlap\/wp-json\/wp\/v2\/users\/1"}],"replies":[{"embeddable":true,"href":"http:\/\/illyes-dombovar.hu\/honlap\/wp-json\/wp\/v2\/comments?post=3"}],"version-history":[{"count":7,"href":"http:\/\/illyes-dombovar.hu\/honlap\/wp-json\/wp\/v2\/pages\/3\/revisions"}],"predecessor-version":[{"id":1567,"href":"http:\/\/illyes-dombovar.hu\/honlap\/wp-json\/wp\/v2\/pages\/3\/revisions\/1567"}],"wp:featuredmedia":[{"embeddable":true,"href":"http:\/\/illyes-dombovar.hu\/honlap\/wp-json\/wp\/v2\/media\/2178"}],"wp:attachment":[{"href":"http:\/\/illyes-dombovar.hu\/honlap\/wp-json\/wp\/v2\/media?parent=3"}],"curies":[{"name":"wp","href":"https:\/\/api.w.org\/{rel}","templated":true}]}}