{"id":2247,"date":"2020-09-30T08:20:15","date_gmt":"2020-09-30T08:20:15","guid":{"rendered":"http:\/\/teszt.illyes-dombovar.hu\/honlap\/?page_id=2247"},"modified":"2022-01-14T08:48:57","modified_gmt":"2022-01-14T08:48:57","slug":"osztalytalalkozok","status":"publish","type":"page","link":"http:\/\/illyes-dombovar.hu\/honlap\/osztalytalalkozok\/","title":{"rendered":"Oszt\u00e1lytal\u00e1lkoz\u00f3k"},"content":{"rendered":"\n<p>Kedves Egykori Di\u00e1kjaink!<\/p>\n\n\n\n<p>Szeretn\u00e9nk seg\u00edts\u00e9get ny\u00fajtani a szervez\u00e9sben, azoknak a k\u00f6z\u00f6ss\u00e9geknek, akik oszt\u00e1lytal\u00e1lkoz\u00f3ikat egykori tanterm\u00fckben, a gimn\u00e1zium falai k\u00f6zt szeretn\u00e9k megszervezni.<\/p>\n\n\n\n<p>Az oszt\u00e1lytal\u00e1lkoz\u00f3 szervez\u00e9s\u00e9nek menete:<\/p>\n\n\n\n<p>A gimn\u00e1zium titk\u00e1rs\u00e1g\u00e1val kell felvenni a kapcsolatot a <strong>06 74&nbsp;466&nbsp;336<\/strong>-os telefonsz\u00e1mon<\/p>\n\n\n\n<p>Itt a k\u00f6vetkez\u0151 adatok megad\u00e1sa sz\u00fcks\u00e9ges:<\/p>\n\n\n\n<ul class=\"wp-block-list\"><li>az egykori tanterem megjel\u00f6l\u00e9se<\/li><li>a v\u00e9gz\u00e9s \u00e9v\u00e9nek megad\u00e1sa<\/li><li>a tervezett tal\u00e1lkoz\u00f3 pontos d\u00e1tuma \u00e9s id\u0151pontja, illetve a tervezett itt tart\u00f3zkod\u00e1s id\u0151tartama<\/li><\/ul>\n\n\n\n<p>(ez a portaszolg\u00e1lat biztos\u00edt\u00e1s\u00e1hoz sz\u00fcks\u00e9ges)<\/p>\n\n\n\n<p>Nagy szeretettel \u00e9s az oszt\u00e1ly tabl\u00f3j\u00e1nak az egykori tanterembe bek\u00e9sz\u00edt\u00e9s\u00e9vel v\u00e1rjuk eml\u00e9kezni visszat\u00e9r\u0151 di\u00e1kjainkat alma mater\u00fckbe!<\/p>\n","protected":false},"excerpt":{"rendered":"<p>Kedves Egykori Di\u00e1kjaink! Szeretn\u00e9nk seg\u00edts\u00e9get ny\u00fajtani a szervez\u00e9sben, azoknak a k\u00f6z\u00f6ss\u00e9geknek, akik oszt\u00e1lytal\u00e1lkoz\u00f3ikat egykori tanterm\u00fckben, a gimn\u00e1zium falai k\u00f6zt szeretn\u00e9k megszervezni. Az oszt\u00e1lytal\u00e1lkoz\u00f3 szervez\u00e9s\u00e9nek menete: A gimn\u00e1zium titk\u00e1rs\u00e1g\u00e1val kell felvenni [&hellip;]<\/p>\n","protected":false},"author":2,"featured_media":0,"parent":0,"menu_order":0,"comment_status":"closed","ping_status":"closed","template":"","meta":{"ngg_post_thumbnail":0,"footnotes":""},"class_list":["post-2247","page","type-page","status-publish","hentry"],"_links":{"self":[{"href":"http:\/\/illyes-dombovar.hu\/honlap\/wp-json\/wp\/v2\/pages\/2247","targetHints":{"allow":["GET"]}}],"collection":[{"href":"http:\/\/illyes-dombovar.hu\/honlap\/wp-json\/wp\/v2\/pages"}],"about":[{"href":"http:\/\/illyes-dombovar.hu\/honlap\/wp-json\/wp\/v2\/types\/page"}],"author":[{"embeddable":true,"href":"http:\/\/illyes-dombovar.hu\/honlap\/wp-json\/wp\/v2\/users\/2"}],"replies":[{"embeddable":true,"href":"http:\/\/illyes-dombovar.hu\/honlap\/wp-json\/wp\/v2\/comments?post=2247"}],"version-history":[{"count":2,"href":"http:\/\/illyes-dombovar.hu\/honlap\/wp-json\/wp\/v2\/pages\/2247\/revisions"}],"predecessor-version":[{"id":13144,"href":"http:\/\/illyes-dombovar.hu\/honlap\/wp-json\/wp\/v2\/pages\/2247\/revisions\/13144"}],"wp:attachment":[{"href":"http:\/\/illyes-dombovar.hu\/honlap\/wp-json\/wp\/v2\/media?parent=2247"}],"curies":[{"name":"wp","href":"https:\/\/api.w.org\/{rel}","templated":true}]}}