{"id":2244,"date":"2020-09-30T08:20:15","date_gmt":"2020-09-30T08:20:15","guid":{"rendered":"http:\/\/teszt.illyes-dombovar.hu\/honlap\/?page_id=2244"},"modified":"2024-09-11T09:49:29","modified_gmt":"2024-09-11T08:49:29","slug":"teremberlet","status":"publish","type":"page","link":"http:\/\/illyes-dombovar.hu\/honlap\/teremberlet\/","title":{"rendered":"Teremb\u00e9rlet"},"content":{"rendered":"\n<figure class=\"wp-block-table is-style-regular\"><table><tbody><tr><td>Teremb\u00e9rlet<\/td><td>&nbsp;<\/td><\/tr><\/tbody><\/table><\/figure>\n\n\n\n<p class=\"has-text-align-left has-medium-font-size\">Az Illy\u00e9s Gyula Gimn\u00e1ziumban az al\u00e1bbi helyis\u00e9gek b\u00e9relhet\u0151k:<\/p>\n\n\n\n<ul class=\"wp-block-list\">\n<li>tornaterem, alapter\u00fclete: 238 m2 (a parkett\u00e1s terem focira nem alkalmas);<\/li>\n\n\n\n<li>Kar\u00e1szi tornaterem, alapter\u00fclete: 648 m2; (a hozz\u00e1nk tartoz\u00f3 tornaterem c\u00edme: 7200 Domb\u00f3v\u00e1r, Szabads\u00e1g utca 27.)<\/li>\n\n\n\n<li>klub helyis\u00e9g, alapter\u00fclete 118 m2 (kis csoportok r\u00e9sz\u00e9re t\u00e1nc, torna, aerobic);<\/li>\n\n\n\n<li>tantermek (20\u201340 f\u00e9r\u0151helyesek);<\/li>\n\n\n\n<li>m\u0171f\u00fcves p\u00e1lya: 41\u00d722m (k\u00e9zi, foci, r\u00f6plabda). [\u00d6lt\u00f6z\u0151t h\u00e9t k\u00f6zben itt nem tudunk biztos\u00edtani.]<\/li>\n<\/ul>\n\n\n\n<p>A b\u00e9rleti d\u00edjak:<\/p>\n\n\n\n<ul class=\"wp-block-list\">\n<li>tornaterem: 6000 ft\/\u00f3ra\u00a0\u00a0 h\u00e9tv\u00e9g\u00e9n: 10000 ft\/\u00f3ra (az \u00e1r a takar\u00edt\u00e1st \u00e9s az \u00fcgyeleti d\u00edjat is tartalmazza)<\/li>\n\n\n\n<li>Kar\u00e1szi tornaterem: 15000 ft\/ \u00f3ra\u00a0 h\u00e9tv\u00e9g\u00e9n: 19000 ft\/\u00f3ra<\/li>\n\n\n\n<li>klub helyis\u00e9g: 6000 ft\/\u00f3ra\u00a0 h\u00e9tv\u00e9g\u00e9n: 10000 ft\/\u00f3ra<\/li>\n\n\n\n<li>tantermek: 6000 ft\/\u00f3ra\u00a0 h\u00e9tv\u00e9g\u00e9n: 10000 ft\/\u00f3ra<\/li>\n\n\n\n<li>m\u0171f\u00fcves p\u00e1lya:<br>\u2013 V\u00e1rosi ifj\u00fas\u00e1gi csapatok, egyes\u00fcletek- \u00f6lt\u00f6z\u0151haszn\u00e1lat n\u00e9lk\u00fcl: 2000 forint\/\u00f3ra<br>\u2013 Egy\u00e9b b\u00e9rl\u0151k- \u00f6lt\u00f6z\u0151haszn\u00e1lat n\u00e9lk\u00fcl: 3000 forint\/\u00f3ra<br>\u2013 Ifj\u00fas\u00e1gi csapatok \u00f6lt\u00f6z\u0151haszn\u00e1lattal, h\u00e9tk\u00f6znap: 3000 forint\/\u00f3ra<br>\u2013 Egy\u00e9b b\u00e9rl\u0151k \u00f6lt\u00f6z\u0151haszn\u00e1lattal, h\u00e9tk\u00f6znap: 4000 forint\/\u00f3ra<br>\u2013 Ifj\u00fas\u00e1gi csapatok h\u00e9tv\u00e9g\u00e9n, \u00f6lt\u00f6z\u0151haszn\u00e1lattal, \u00fcgyeleti d\u00edjjal: 6800 forint\/\u00f3ra<br>\u2013 Egy\u00e9b b\u00e9rl\u0151k h\u00e9tv\u00e9g\u00e9n, \u00f6lt\u00f6z\u0151haszn\u00e1lattal, \u00fcgyeleti d\u00edjjal: 7500 forint\/\u00f3ra\u00a0\u00a0\u00a0\u00a0\u00a0\u00a0\u00a0\u00a0\u00a0\u00a0<\/li>\n<\/ul>\n\n\n\n<p>A helyis\u00e9gek foglalts\u00e1g\u00e1r\u00f3l \u00e9rdekl\u0151dni lehet emailben: titkarsag@illyes-dombovar.hu<\/p>\n","protected":false},"excerpt":{"rendered":"<p>Teremb\u00e9rlet &nbsp; Az Illy\u00e9s Gyula Gimn\u00e1ziumban az al\u00e1bbi helyis\u00e9gek b\u00e9relhet\u0151k: A b\u00e9rleti d\u00edjak: A helyis\u00e9gek foglalts\u00e1g\u00e1r\u00f3l \u00e9rdekl\u0151dni lehet emailben: titkarsag@illyes-dombovar.hu<\/p>\n","protected":false},"author":2,"featured_media":0,"parent":0,"menu_order":0,"comment_status":"closed","ping_status":"closed","template":"","meta":{"ngg_post_thumbnail":0,"footnotes":""},"class_list":["post-2244","page","type-page","status-publish","hentry"],"_links":{"self":[{"href":"http:\/\/illyes-dombovar.hu\/honlap\/wp-json\/wp\/v2\/pages\/2244","targetHints":{"allow":["GET"]}}],"collection":[{"href":"http:\/\/illyes-dombovar.hu\/honlap\/wp-json\/wp\/v2\/pages"}],"about":[{"href":"http:\/\/illyes-dombovar.hu\/honlap\/wp-json\/wp\/v2\/types\/page"}],"author":[{"embeddable":true,"href":"http:\/\/illyes-dombovar.hu\/honlap\/wp-json\/wp\/v2\/users\/2"}],"replies":[{"embeddable":true,"href":"http:\/\/illyes-dombovar.hu\/honlap\/wp-json\/wp\/v2\/comments?post=2244"}],"version-history":[{"count":5,"href":"http:\/\/illyes-dombovar.hu\/honlap\/wp-json\/wp\/v2\/pages\/2244\/revisions"}],"predecessor-version":[{"id":20651,"href":"http:\/\/illyes-dombovar.hu\/honlap\/wp-json\/wp\/v2\/pages\/2244\/revisions\/20651"}],"wp:attachment":[{"href":"http:\/\/illyes-dombovar.hu\/honlap\/wp-json\/wp\/v2\/media?parent=2244"}],"curies":[{"name":"wp","href":"https:\/\/api.w.org\/{rel}","templated":true}]}}