{"id":2242,"date":"2020-09-30T08:20:15","date_gmt":"2020-09-30T08:20:15","guid":{"rendered":"http:\/\/teszt.illyes-dombovar.hu\/honlap\/?page_id=2242"},"modified":"2020-09-30T08:20:15","modified_gmt":"2020-09-30T08:20:15","slug":"kozerdeku-informaciok","status":"publish","type":"page","link":"http:\/\/illyes-dombovar.hu\/honlap\/kozerdeku-informaciok\/","title":{"rendered":"K\u00f6z\u00e9rdek\u0171 Inform\u00e1ci\u00f3k"},"content":{"rendered":"","protected":false},"excerpt":{"rendered":"","protected":false},"author":2,"featured_media":0,"parent":0,"menu_order":0,"comment_status":"closed","ping_status":"closed","template":"","meta":{"ngg_post_thumbnail":0,"footnotes":""},"class_list":["post-2242","page","type-page","status-publish","hentry"],"_links":{"self":[{"href":"http:\/\/illyes-dombovar.hu\/honlap\/wp-json\/wp\/v2\/pages\/2242","targetHints":{"allow":["GET"]}}],"collection":[{"href":"http:\/\/illyes-dombovar.hu\/honlap\/wp-json\/wp\/v2\/pages"}],"about":[{"href":"http:\/\/illyes-dombovar.hu\/honlap\/wp-json\/wp\/v2\/types\/page"}],"author":[{"embeddable":true,"href":"http:\/\/illyes-dombovar.hu\/honlap\/wp-json\/wp\/v2\/users\/2"}],"replies":[{"embeddable":true,"href":"http:\/\/illyes-dombovar.hu\/honlap\/wp-json\/wp\/v2\/comments?post=2242"}],"version-history":[{"count":1,"href":"http:\/\/illyes-dombovar.hu\/honlap\/wp-json\/wp\/v2\/pages\/2242\/revisions"}],"predecessor-version":[{"id":2248,"href":"http:\/\/illyes-dombovar.hu\/honlap\/wp-json\/wp\/v2\/pages\/2242\/revisions\/2248"}],"wp:attachment":[{"href":"http:\/\/illyes-dombovar.hu\/honlap\/wp-json\/wp\/v2\/media?parent=2242"}],"curies":[{"name":"wp","href":"https:\/\/api.w.org\/{rel}","templated":true}]}}