{"id":20606,"date":"2024-09-03T13:57:50","date_gmt":"2024-09-03T12:57:50","guid":{"rendered":"http:\/\/illyes-dombovar.hu\/honlap\/?page_id=20606"},"modified":"2025-11-13T13:31:44","modified_gmt":"2025-11-13T12:31:44","slug":"iskolapszichologus-2","status":"publish","type":"page","link":"http:\/\/illyes-dombovar.hu\/honlap\/iskolapszichologus-2\/","title":{"rendered":"Iskolapszichol\u00f3gus"},"content":{"rendered":"\n<p>T\u00e1j\u00e9koztat\u00f3 az iskolapszichol\u00f3gusi tev\u00e9kenys\u00e9gr\u0151l<\/p>\n\n\n\n<p>Az iskolapszichol\u00f3gusi tev\u00e9kenys\u00e9g sokr\u00e9t\u0171, a di\u00e1kok, a sz\u00fcl\u0151k \u00e9s a pedag\u00f3gusok megkeres\u00e9se \u00e9s ig\u00e9nye szerint alakul. Az iskolapszichol\u00f3gus els\u0151dleges c\u00e9lja az iskol\u00e1ban tanul\u00f3 di\u00e1kok \u00e9s az ott dolgoz\u00f3 pedag\u00f3gusok mindennapjainak seg\u00edt\u00e9se, a felmer\u00fcl\u0151 egy\u00e9ni vagy csoportos szint\u0171 neh\u00e9zs\u00e9gek megold\u00e1sa, seg\u00edt\u0151 beavatkoz\u00e1s biztos\u00edt\u00e1sa. Az egy\u00e9nek \u00e9s a csoportok (pl. oszt\u00e1lyk\u00f6z\u00f6ss\u00e9gek) \u00e9let\u00e9ben id\u0151r\u0151l id\u0151re felmer\u00fclnek kisebb-nagyobb elakad\u00e1sok, konfliktusok \u2013 az iskolapszichol\u00f3gus feladata, hogy az int\u00e9zm\u00e9ny, a di\u00e1kok \u00e9s pedag\u00f3gusok neh\u00e9zs\u00e9geinek, konfliktusainak, probl\u00e9m\u00e1inak megold\u00e1s\u00e1t el\u0151seg\u00edtse.<br><br>Az iskolapszichol\u00f3gust egyar\u00e1nt felkeresheti a sz\u00fcl\u0151, a pedag\u00f3gus \u00e9s a tanul\u00f3 t\u00f6bbek k\u00f6z\u00f6tt az al\u00e1bbi probl\u00e9m\u00e1k b\u00e1rmelyik\u00e9vel:<\/p>\n\n\n\n<p><br>\u2212 alacsony \u00f6n\u00e9rt\u00e9kel\u00e9s, \u00f6nbizalomhi\u00e1ny<\/p>\n\n\n\n<p>\u2212 stressz, szorong\u00e1s, f\u00e9lelmek<\/p>\n\n\n\n<p>\u2212 tanul\u00e1si probl\u00e9m\u00e1k (tanul\u00e1si neh\u00e9zs\u00e9g, motiv\u00e1ci\u00f3 cs\u00f6kken\u00e9se, teljes\u00edtm\u00e9nyszorong\u00e1s)<\/p>\n\n\n\n<p>\u2212 p\u00e1lyav\u00e1laszt\u00e1si k\u00e9rd\u00e9sek<\/p>\n\n\n\n<p>\u2212 magatart\u00e1sprobl\u00e9m\u00e1k, viselked\u00e9s- \u00e9s \u00e9rzelemszab\u00e1lyoz\u00e1si neh\u00e9zs\u00e9gek (pl. indulatkezel\u00e9s neh\u00e9zs\u00e9ge, agressz\u00edv viselked\u00e9s)<\/p>\n\n\n\n<p>\u2212 t\u00e1rsas kapcsolati neh\u00e9zs\u00e9gek (beilleszked\u00e9si probl\u00e9m\u00e1k, konfliktusok, kort\u00e1rsb\u00e1ntalmaz\u00e1s)<\/p>\n\n\n\n<p>\u2212 kr\u00edzishelyzetek (pl. v\u00e1l\u00e1s, sz\u00fcl\u0151 vagy csal\u00e1dtag betegs\u00e9ge, elveszt\u00e9se)<\/p>\n\n\n\n<p>\u2212 csal\u00e1di vagy otthoni neh\u00e9zs\u00e9gek (pl. nevel\u00e9si neh\u00e9zs\u00e9gek, sz\u00fcl\u0151-gyerek kapcsolat neh\u00e9zs\u00e9gei, testv\u00e9rf\u00e9lt\u00e9kenys\u00e9g)<\/p>\n\n\n\n<p><br>Az iskolapszichol\u00f3gust k\u00f6ti a titoktart\u00e1si k\u00f6telezetts\u00e9g, a vele val\u00f3 tal\u00e1lkoz\u00e1s pedig \u00f6nk\u00e9ntes. A tal\u00e1lkoz\u00e1sok sz\u00e1ma az egy\u00e9ni konzult\u00e1ci\u00f3k eset\u00e9ben a probl\u00e9m\u00e1t\u00f3l f\u00fcgg. Egy alkalom 45 perc id\u0151tartam\u00fa.<br><br>Az iskolapszichol\u00f3gia r\u00e9sze a csoportokkal, oszt\u00e1lyokkal val\u00f3 munka is. Oszt\u00e1lyok eset\u00e9ben ilyen p\u00e9ld\u00e1ul a szociometria felm\u00e9r\u00e9s, az oszt\u00e1ly t\u00e1rsas kapcsolatainak felm\u00e9r\u00e9se, vagy egy\u00e9b felm\u00e9r\u0151 vizsg\u00e1latok, el\u0151ad\u00e1sok, oszt\u00e1lyf\u0151n\u00f6ki \u00f3ra keret\u00e9ben zajl\u00f3 \u00f6nismereti foglalkoz\u00e1sok, k\u00f6z\u00f6ss\u00e9gfejleszt\u0151 feladatok. A konzult\u00e1ci\u00f3k \u00e1ltal\u00e1ban el\u0151zetes id\u0151pont-egyeztet\u00e9s alapj\u00e1n t\u00f6rt\u00e9nnek, kr\u00edzis eset\u00e9n azonban b\u00e1rmikor kereshet\u0151 az iskolapszichol\u00f3gus.<\/p>\n\n\n\n<p>K\u00e9rd\u00e9s, k\u00e9r\u00e9s vagy id\u0151pontegyeztet\u00e9s c\u00e9lj\u00e1b\u00f3l keressenek bizalommal a <a href=\"mailto:horvathorsolya@illyes-dombovar.hu\">horvathorsolya@illyes-dombovar.hu<\/a> e-mail c\u00edmen. A di\u00e1k nev\u00e9t \u00e9s oszt\u00e1ly\u00e1t k\u00e9rem megjel\u00f6lni, valamint r\u00f6vid le\u00edr\u00e1st arr\u00f3l milyen neh\u00e9zs\u00e9ggel \u00e9rkezik a di\u00e1k.<\/p>\n\n\n\n<p><strong>Az al\u00e1bbi napokon \u00e9s id\u0151pontban vagyok el\u00e9rhet\u0151 az iskol\u00e1ban:<\/strong><\/p>\n\n\n\n<p><strong>h\u00e9tf\u0151: 8:55 \u2013 14:15 \u00a0\u00a0\u00a0\u00a0\u00a0\u00a0\u00a0\u00a0\u00a0\u00a0\u00a0\u00a0\u00a0\u00a0\u00a0\u00a0\u00a0\u00a0\u00a0\u00a0\u00a0\u00a0\u00a0\u00a0\u00a0\u00a0\u00a0\u00a0\u00a0\u00a0\u00a0\u00a0\u00a0\u00a0\u00a0\u00a0\u00a0\u00a0\u00a0\u00a0\u00a0\u00a0\u00a0\u00a0\u00a0\u00a0\u00a0\u00a0\u00a0\u00a0\u00a0\u00a0 cs\u00fct\u00f6rt\u00f6k: 8:55 \u2013 13:20<\/strong><br><br>A konzult\u00e1ci\u00f3k helysz\u00edne a f\u00f6ldszinten a k\u00f6nyvt\u00e1r mellett tal\u00e1lhat\u00f3 orvosi szoba.<\/p>\n\n\n\n<p><\/p>\n\n\n\n<p class=\"has-text-align-center has-medium-font-size\"><strong><em>Let\u00f6lthet\u0151 t\u00e1j\u00e9koztat\u00f3k a di\u00e1kok\/sz\u00fcl\u0151k<\/em><\/strong><strong><em>\/tan\u00e1rok<\/em><\/strong><strong><em> sz\u00e1m\u00e1ra:<\/em><\/strong><\/p>\n\n\n\n<div class=\"wp-block-file aligncenter\"><a id=\"wp-block-file--media-6036b718-015f-4124-887b-36b2963350c6\" href=\"http:\/\/illyes-dombovar.hu\/honlap\/wp-content\/uploads\/2024\/09\/Iskolapszichologus_diak-tajekoztato.pdf\">Iskolapszichol\u00f3gus_di\u00e1k t\u00e1j\u00e9koztat\u00f3<\/a><a href=\"http:\/\/illyes-dombovar.hu\/honlap\/wp-content\/uploads\/2024\/09\/Iskolapszichologus_diak-tajekoztato.pdf\" class=\"wp-block-file__button wp-element-button\" download aria-describedby=\"wp-block-file--media-6036b718-015f-4124-887b-36b2963350c6\">Let\u00f6lt\u00e9s<\/a><\/div>\n\n\n\n<div class=\"wp-block-file aligncenter\"><a id=\"wp-block-file--media-ec6965a2-d67a-4a6b-9917-5d45c83884e2\" href=\"http:\/\/illyes-dombovar.hu\/honlap\/wp-content\/uploads\/2024\/09\/Iskolapszichologus_szuloi-tajekoztato.pdf\">Iskolapszichol\u00f3gus_sz\u00fcl\u0151i t\u00e1j\u00e9koztat\u00f3<\/a><a href=\"http:\/\/illyes-dombovar.hu\/honlap\/wp-content\/uploads\/2024\/09\/Iskolapszichologus_szuloi-tajekoztato.pdf\" class=\"wp-block-file__button wp-element-button\" download aria-describedby=\"wp-block-file--media-ec6965a2-d67a-4a6b-9917-5d45c83884e2\">Let\u00f6lt\u00e9s<\/a><\/div>\n\n\n\n<div class=\"wp-block-file aligncenter\"><a id=\"wp-block-file--media-f385183f-df17-4849-9160-55f14d73dbfd\" href=\"http:\/\/illyes-dombovar.hu\/honlap\/wp-content\/uploads\/2024\/09\/Iskolapszichologus_tanari-tajekoztato.pdf\">Iskolapszichol\u00f3gus_tan\u00e1ri t\u00e1j\u00e9koztat\u00f3<\/a><a href=\"http:\/\/illyes-dombovar.hu\/honlap\/wp-content\/uploads\/2024\/09\/Iskolapszichologus_tanari-tajekoztato.pdf\" class=\"wp-block-file__button wp-element-button\" download aria-describedby=\"wp-block-file--media-f385183f-df17-4849-9160-55f14d73dbfd\">Let\u00f6lt\u00e9s<\/a><\/div>\n","protected":false},"excerpt":{"rendered":"<p>T\u00e1j\u00e9koztat\u00f3 az iskolapszichol\u00f3gusi tev\u00e9kenys\u00e9gr\u0151l Az iskolapszichol\u00f3gusi tev\u00e9kenys\u00e9g sokr\u00e9t\u0171, a di\u00e1kok, a sz\u00fcl\u0151k \u00e9s a pedag\u00f3gusok megkeres\u00e9se \u00e9s ig\u00e9nye szerint alakul. Az iskolapszichol\u00f3gus els\u0151dleges c\u00e9lja az iskol\u00e1ban tanul\u00f3 di\u00e1kok \u00e9s az [&hellip;]<\/p>\n","protected":false},"author":2,"featured_media":0,"parent":0,"menu_order":0,"comment_status":"closed","ping_status":"closed","template":"","meta":{"ngg_post_thumbnail":0,"footnotes":""},"class_list":["post-20606","page","type-page","status-publish","hentry"],"_links":{"self":[{"href":"http:\/\/illyes-dombovar.hu\/honlap\/wp-json\/wp\/v2\/pages\/20606","targetHints":{"allow":["GET"]}}],"collection":[{"href":"http:\/\/illyes-dombovar.hu\/honlap\/wp-json\/wp\/v2\/pages"}],"about":[{"href":"http:\/\/illyes-dombovar.hu\/honlap\/wp-json\/wp\/v2\/types\/page"}],"author":[{"embeddable":true,"href":"http:\/\/illyes-dombovar.hu\/honlap\/wp-json\/wp\/v2\/users\/2"}],"replies":[{"embeddable":true,"href":"http:\/\/illyes-dombovar.hu\/honlap\/wp-json\/wp\/v2\/comments?post=20606"}],"version-history":[{"count":6,"href":"http:\/\/illyes-dombovar.hu\/honlap\/wp-json\/wp\/v2\/pages\/20606\/revisions"}],"predecessor-version":[{"id":23955,"href":"http:\/\/illyes-dombovar.hu\/honlap\/wp-json\/wp\/v2\/pages\/20606\/revisions\/23955"}],"wp:attachment":[{"href":"http:\/\/illyes-dombovar.hu\/honlap\/wp-json\/wp\/v2\/media?parent=20606"}],"curies":[{"name":"wp","href":"https:\/\/api.w.org\/{rel}","templated":true}]}}