{"id":19450,"date":"2024-03-13T08:57:01","date_gmt":"2024-03-13T07:57:01","guid":{"rendered":"http:\/\/illyes-dombovar.hu\/honlap\/?page_id=19450"},"modified":"2024-03-13T09:45:49","modified_gmt":"2024-03-13T08:45:49","slug":"a-nyolcosztalyos-tagozat-nemet-nemzetisegi-csoportjanak-jelentkezoi-letolthetok-itt-kod-0006","status":"publish","type":"page","link":"http:\/\/illyes-dombovar.hu\/honlap\/a-nyolcosztalyos-tagozat-nemet-nemzetisegi-csoportjanak-jelentkezoi-letolthetok-itt-kod-0006\/","title":{"rendered":"A nyolcoszt\u00e1lyos tagozat n\u00e9met nemzetis\u00e9gi csoportj\u00e1nak jelentkez\u0151i let\u00f6lthet\u0151k itt. (K\u00f3d: 0006)"},"content":{"rendered":"\n<figure class=\"wp-block-table\"><table><tbody><tr><td colspan=\"3\"><strong>0006 &#8211; N\u00c9MET CSOPORT<\/strong><\/td><\/tr><tr><td><strong>Sorsz\u00e1m<\/strong><\/td><td><strong>OKTAN<\/strong><\/td><td><strong>\u00c1TLAG<\/strong><\/td><\/tr><tr><td><strong>1.<\/strong><\/td><td><strong>73268744591<\/strong><\/td><td><strong>5,00<\/strong><\/td><\/tr><tr><td><strong>2.<\/strong><\/td><td><strong>73168942595<\/strong><\/td><td><strong>5,00<\/strong><\/td><\/tr><tr><td><strong>3.<\/strong><\/td><td><strong>73208480796<\/strong><\/td><td><strong>5,00<\/strong><\/td><\/tr><tr><td><strong>4.<\/strong><\/td><td><strong>73240029163<\/strong><\/td><td><strong>5,00<\/strong><\/td><\/tr><tr><td><strong>5.<\/strong><\/td><td><strong>73140823349<\/strong><\/td><td><strong>5,00<\/strong><\/td><\/tr><tr><td><strong>6.<\/strong><\/td><td><strong>73236970672<\/strong><\/td><td><strong>5,00<\/strong><\/td><\/tr><tr><td><strong>7.<\/strong><\/td><td><strong>73237306118<\/strong><\/td><td><strong>5,00<\/strong><\/td><\/tr><tr><td><strong>8.<\/strong><\/td><td><strong>73178632694<\/strong><\/td><td><strong>4,78<\/strong><\/td><\/tr><tr><td><strong>9.<\/strong><\/td><td><strong>73178590208<\/strong><\/td><td><strong>4,78<\/strong><\/td><\/tr><tr><td><strong>10.<\/strong><\/td><td><strong>73208496562<\/strong><\/td><td><strong>4,67<\/strong><\/td><\/tr><tr><td><strong>11.<\/strong><\/td><td><strong>73252888106<\/strong><\/td><td><strong>4,67<\/strong><\/td><\/tr><tr><td><strong>12.<\/strong><\/td><td><strong>73089005368<\/strong><\/td><td><strong>4,22<\/strong><\/td><\/tr><tr><td><strong>13.<\/strong><\/td><td><strong>73189673102<\/strong><\/td><td><strong>4,11<\/strong><\/td><\/tr><tr><td><strong>14.<\/strong><\/td><td><strong>73289112461<\/strong><\/td><td><strong>4,11<\/strong><\/td><\/tr><\/tbody><\/table><\/figure>\n","protected":false},"excerpt":{"rendered":"<p>0006 &#8211; N\u00c9MET CSOPORT Sorsz\u00e1m OKTAN \u00c1TLAG 1. 73268744591 5,00 2. 73168942595 5,00 3. 73208480796 5,00 4. 73240029163 5,00 5. 73140823349 5,00 6. 73236970672 5,00 7. 73237306118 5,00 8. 73178632694 [&hellip;]<\/p>\n","protected":false},"author":2,"featured_media":0,"parent":0,"menu_order":0,"comment_status":"closed","ping_status":"closed","template":"","meta":{"ngg_post_thumbnail":0,"footnotes":""},"class_list":["post-19450","page","type-page","status-publish","hentry"],"_links":{"self":[{"href":"http:\/\/illyes-dombovar.hu\/honlap\/wp-json\/wp\/v2\/pages\/19450","targetHints":{"allow":["GET"]}}],"collection":[{"href":"http:\/\/illyes-dombovar.hu\/honlap\/wp-json\/wp\/v2\/pages"}],"about":[{"href":"http:\/\/illyes-dombovar.hu\/honlap\/wp-json\/wp\/v2\/types\/page"}],"author":[{"embeddable":true,"href":"http:\/\/illyes-dombovar.hu\/honlap\/wp-json\/wp\/v2\/users\/2"}],"replies":[{"embeddable":true,"href":"http:\/\/illyes-dombovar.hu\/honlap\/wp-json\/wp\/v2\/comments?post=19450"}],"version-history":[{"count":2,"href":"http:\/\/illyes-dombovar.hu\/honlap\/wp-json\/wp\/v2\/pages\/19450\/revisions"}],"predecessor-version":[{"id":19465,"href":"http:\/\/illyes-dombovar.hu\/honlap\/wp-json\/wp\/v2\/pages\/19450\/revisions\/19465"}],"wp:attachment":[{"href":"http:\/\/illyes-dombovar.hu\/honlap\/wp-json\/wp\/v2\/media?parent=19450"}],"curies":[{"name":"wp","href":"https:\/\/api.w.org\/{rel}","templated":true}]}}