{"id":19449,"date":"2024-03-13T08:57:51","date_gmt":"2024-03-13T07:57:51","guid":{"rendered":"http:\/\/illyes-dombovar.hu\/honlap\/?page_id=19449"},"modified":"2024-03-13T09:45:17","modified_gmt":"2024-03-13T08:45:17","slug":"a-nyolcosztalyos-tagozat-emelt-angol-csoportjanak-jelentkezoi-letolthetok-itt-kod0005","status":"publish","type":"page","link":"http:\/\/illyes-dombovar.hu\/honlap\/a-nyolcosztalyos-tagozat-emelt-angol-csoportjanak-jelentkezoi-letolthetok-itt-kod0005\/","title":{"rendered":"A nyolcoszt\u00e1lyos tagozat emelt angol csoportj\u00e1nak jelentkez\u0151i let\u00f6lthet\u0151k itt. (K\u00f3d:0005)"},"content":{"rendered":"\n<figure class=\"wp-block-table\"><table><tbody><tr><td colspan=\"3\"><strong>0005 &#8211; ANGOL EMELT CSOPORT<\/strong><\/td><\/tr><tr><td><strong>Sorsz\u00e1m<\/strong><\/td><td><strong>OKTAN<\/strong><\/td><td><strong>\u00c1TLAG<\/strong><\/td><\/tr><tr><td><strong>1.<\/strong><\/td><td><strong>73231388967<\/strong><\/td><td><strong>5,00<\/strong><\/td><\/tr><tr><td><strong>2.<\/strong><\/td><td><strong>73234237160<\/strong><\/td><td><strong>5,00<\/strong><\/td><\/tr><tr><td><strong>3.<\/strong><\/td><td><strong>73192144642<\/strong><\/td><td><strong>5,00<\/strong><\/td><\/tr><tr><td><strong>4.<\/strong><\/td><td><strong>73208852686<\/strong><\/td><td><strong>5,00<\/strong><\/td><\/tr><tr><td><strong>5.<\/strong><\/td><td><strong>73191494969<\/strong><\/td><td><strong>5,00<\/strong><\/td><\/tr><tr><td><strong>6.<\/strong><\/td><td><strong>73259029515<\/strong><\/td><td><strong>4,89<\/strong><\/td><\/tr><tr><td><strong>7.<\/strong><\/td><td><strong>73189267551<\/strong><\/td><td><strong>4,78<\/strong><\/td><\/tr><tr><td><strong>8.<\/strong><\/td><td><strong>73184535720<\/strong><\/td><td><strong>4,67<\/strong><\/td><\/tr><tr><td><strong>9.<\/strong><\/td><td><strong>73208862664<\/strong><\/td><td><strong>4,67<\/strong><\/td><\/tr><tr><td><strong>10.<\/strong><\/td><td><strong>73189739106<\/strong><\/td><td><strong>4,67<\/strong><\/td><\/tr><tr><td><strong>11.<\/strong><\/td><td><strong>73191424169<\/strong><\/td><td><strong>4,67<\/strong><\/td><\/tr><tr><td><strong>12.<\/strong><\/td><td><strong>73237007843<\/strong><\/td><td><strong>4,56<\/strong><\/td><\/tr><tr><td><strong>13.<\/strong><\/td><td><strong>73237006416<\/strong><\/td><td><strong>4,56<\/strong><\/td><\/tr><tr><td><strong>14.<\/strong><\/td><td><strong>73143614941<\/strong><\/td><td><strong>4,44<\/strong><\/td><\/tr><tr><td><strong>15.<\/strong><\/td><td><strong>73168969703<\/strong><\/td><td><strong>4,22<\/strong><\/td><\/tr><tr><td><strong>16.<\/strong><\/td><td><strong>73184817513<\/strong><\/td><td><strong>4,11<\/strong><\/td><\/tr><tr><td><strong>17.<\/strong><\/td><td><strong>73084274363<\/strong><\/td><td><strong>4,00<\/strong><\/td><\/tr><\/tbody><\/table><\/figure>\n","protected":false},"excerpt":{"rendered":"<p>0005 &#8211; ANGOL EMELT CSOPORT Sorsz\u00e1m OKTAN \u00c1TLAG 1. 73231388967 5,00 2. 73234237160 5,00 3. 73192144642 5,00 4. 73208852686 5,00 5. 73191494969 5,00 6. 73259029515 4,89 7. 73189267551 4,78 8. [&hellip;]<\/p>\n","protected":false},"author":2,"featured_media":0,"parent":0,"menu_order":0,"comment_status":"closed","ping_status":"closed","template":"","meta":{"ngg_post_thumbnail":0,"footnotes":""},"class_list":["post-19449","page","type-page","status-publish","hentry"],"_links":{"self":[{"href":"http:\/\/illyes-dombovar.hu\/honlap\/wp-json\/wp\/v2\/pages\/19449","targetHints":{"allow":["GET"]}}],"collection":[{"href":"http:\/\/illyes-dombovar.hu\/honlap\/wp-json\/wp\/v2\/pages"}],"about":[{"href":"http:\/\/illyes-dombovar.hu\/honlap\/wp-json\/wp\/v2\/types\/page"}],"author":[{"embeddable":true,"href":"http:\/\/illyes-dombovar.hu\/honlap\/wp-json\/wp\/v2\/users\/2"}],"replies":[{"embeddable":true,"href":"http:\/\/illyes-dombovar.hu\/honlap\/wp-json\/wp\/v2\/comments?post=19449"}],"version-history":[{"count":2,"href":"http:\/\/illyes-dombovar.hu\/honlap\/wp-json\/wp\/v2\/pages\/19449\/revisions"}],"predecessor-version":[{"id":19464,"href":"http:\/\/illyes-dombovar.hu\/honlap\/wp-json\/wp\/v2\/pages\/19449\/revisions\/19464"}],"wp:attachment":[{"href":"http:\/\/illyes-dombovar.hu\/honlap\/wp-json\/wp\/v2\/media?parent=19449"}],"curies":[{"name":"wp","href":"https:\/\/api.w.org\/{rel}","templated":true}]}}