{"id":19448,"date":"2024-03-13T08:58:15","date_gmt":"2024-03-13T07:58:15","guid":{"rendered":"http:\/\/illyes-dombovar.hu\/honlap\/?page_id=19448"},"modified":"2024-03-13T09:44:45","modified_gmt":"2024-03-13T08:44:45","slug":"az-angol-emelt-csoport-jelentkezoi-letolthetok-itt-kod0004","status":"publish","type":"page","link":"http:\/\/illyes-dombovar.hu\/honlap\/az-angol-emelt-csoport-jelentkezoi-letolthetok-itt-kod0004\/","title":{"rendered":"Az angol emelt csoport jelentkez\u0151i let\u00f6lthet\u0151k itt. (K\u00f3d:0004)"},"content":{"rendered":"\n<figure class=\"wp-block-table\"><table><tbody><tr><td colspan=\"3\"><strong>0004 &#8211; ANGOL CSOPORT<\/strong><\/td><\/tr><tr><td><strong>Sorsz\u00e1m<\/strong><\/td><td><strong>OKTAN\/JELIGE<\/strong><\/td><td><strong>\u00c1TLAG<\/strong><\/td><\/tr><tr><td><strong>1.<\/strong><\/td><td><strong>72739477528<\/strong><\/td><td><strong>5,00<\/strong><\/td><\/tr><tr><td><strong>2.<\/strong><\/td><td><strong>72810676464<\/strong><\/td><td><strong>5,00<\/strong><\/td><\/tr><tr><td><strong>3.<\/strong><\/td><td><strong>72723733449<\/strong><\/td><td><strong>5,00<\/strong><\/td><\/tr><tr><td><strong>4.<\/strong><\/td><td><strong>72811428943<\/strong><\/td><td><strong>5,00<\/strong><\/td><\/tr><tr><td><strong>5.<\/strong><\/td><td><strong>73062921236<\/strong><\/td><td><strong>5,00<\/strong><\/td><\/tr><tr><td><strong>6.<\/strong><\/td><td><strong>72735269554<\/strong><\/td><td><strong>5,00<\/strong><\/td><\/tr><tr><td><strong>7.<\/strong><\/td><td><strong>72703715846<\/strong><\/td><td><strong>5,00<\/strong><\/td><\/tr><tr><td><strong>8.<\/strong><\/td><td><strong>72885558692<\/strong><\/td><td><strong>5,00<\/strong><\/td><\/tr><tr><td><strong>9.<\/strong><\/td><td><strong>72888443802<\/strong><\/td><td><strong>5,00<\/strong><\/td><\/tr><tr><td><strong>10.<\/strong><\/td><td><strong>72809289584<\/strong><\/td><td><strong>5,00<\/strong><\/td><\/tr><tr><td><strong>11.<\/strong><\/td><td><strong>72745935146<\/strong><\/td><td><strong>4,92<\/strong><\/td><\/tr><tr><td><strong>12.<\/strong><\/td><td><strong>72885274036<\/strong><\/td><td><strong>4,92<\/strong><\/td><\/tr><tr><td><strong>13.<\/strong><\/td><td><strong>72735050201<\/strong><\/td><td><strong>4,92<\/strong><\/td><\/tr><tr><td><strong>14.<\/strong><\/td><td><strong>73836363054<\/strong><\/td><td><strong>4,92<\/strong><\/td><\/tr><tr><td><strong>15.<\/strong><\/td><td><strong>72916391651<\/strong><\/td><td><strong>4,83<\/strong><\/td><\/tr><tr><td><strong>16.<\/strong><\/td><td><strong>72809867543<\/strong><\/td><td><strong>4,75<\/strong><\/td><\/tr><tr><td><strong>17.<\/strong><\/td><td><strong>72811053846<\/strong><\/td><td><strong>4,75<\/strong><\/td><\/tr><tr><td><strong>18.<\/strong><\/td><td><strong>72806003502<\/strong><\/td><td><strong>4,67<\/strong><\/td><\/tr><tr><td><strong>19.<\/strong><\/td><td><strong>72745335920<\/strong><\/td><td><strong>4,58<\/strong><\/td><\/tr><tr><td><strong>20.<\/strong><\/td><td><strong>72918002117<\/strong><\/td><td><strong>4,50<\/strong><\/td><\/tr><tr><td><strong>21.<\/strong><\/td><td><strong>72751324619<\/strong><\/td><td><strong>4,50<\/strong><\/td><\/tr><tr><td><strong>22.<\/strong><\/td><td><strong>72754837725<\/strong><\/td><td><strong>4,50<\/strong><\/td><\/tr><tr><td><strong>23.<\/strong><\/td><td><strong>SZVL<\/strong><\/td><td><strong>4,50<\/strong><\/td><\/tr><tr><td><strong>24.<\/strong><\/td><td><strong>72704693850<\/strong><\/td><td><strong>4,42<\/strong><\/td><\/tr><tr><td><strong>25.<\/strong><\/td><td><strong>72918039663<\/strong><\/td><td><strong>4,42<\/strong><\/td><\/tr><tr><td><strong>26.<\/strong><\/td><td><strong>72746344076<\/strong><\/td><td><strong>4,33<\/strong><\/td><\/tr><tr><td><strong>27.<\/strong><\/td><td><strong>72746501679<\/strong><\/td><td><strong>4,33<\/strong><\/td><\/tr><tr><td><strong>28.<\/strong><\/td><td><strong>72747379405<\/strong><\/td><td><strong>4,25<\/strong><\/td><\/tr><tr><td><strong>29.<\/strong><\/td><td><strong>72777695952<\/strong><\/td><td><strong>4,25<\/strong><\/td><\/tr><tr><td><strong>30.<\/strong><\/td><td><strong>72732095569<\/strong><\/td><td><strong>4,25<\/strong><\/td><\/tr><tr><td><strong>31.<\/strong><\/td><td><strong>72759976982<\/strong><\/td><td><strong>4,25<\/strong><\/td><\/tr><tr><td><strong>32.<\/strong><\/td><td><strong>72806492148<\/strong><\/td><td><strong>4,25<\/strong><\/td><\/tr><tr><td><strong>33.<\/strong><\/td><td><strong>72749799276<\/strong><\/td><td><strong>4,25<\/strong><\/td><\/tr><tr><td><strong>34.<\/strong><\/td><td><strong>72760128545<\/strong><\/td><td><strong>4,17<\/strong><\/td><\/tr><tr><td><strong>35.<\/strong><\/td><td><strong>72728871401<\/strong><\/td><td><strong>4,08<\/strong><\/td><\/tr><tr><td><strong>36.<\/strong><\/td><td><strong>72718342329<\/strong><\/td><td><strong>4,08<\/strong><\/td><\/tr><tr><td><strong>37.<\/strong><\/td><td><strong>72917470052<\/strong><\/td><td><strong>4,08<\/strong><\/td><\/tr><tr><td><strong>38.<\/strong><\/td><td><strong>72894562344<\/strong><\/td><td><strong>4,00<\/strong><\/td><\/tr><tr><td><strong>39.<\/strong><\/td><td><strong>MEMI<\/strong><\/td><td><strong>4,00<\/strong><\/td><\/tr><tr><td><strong>40.<\/strong><\/td><td><strong>72834496917<\/strong><\/td><td><strong>3,58<\/strong><\/td><\/tr><tr><td><strong>41.<\/strong><\/td><td><strong>72738599849<\/strong><\/td><td><strong>3,50<\/strong><\/td><\/tr><\/tbody><\/table><\/figure>\n","protected":false},"excerpt":{"rendered":"<p>0004 &#8211; ANGOL CSOPORT Sorsz\u00e1m OKTAN\/JELIGE \u00c1TLAG 1. 72739477528 5,00 2. 72810676464 5,00 3. 72723733449 5,00 4. 72811428943 5,00 5. 73062921236 5,00 6. 72735269554 5,00 7. 72703715846 5,00 8. 72885558692 [&hellip;]<\/p>\n","protected":false},"author":2,"featured_media":0,"parent":0,"menu_order":0,"comment_status":"closed","ping_status":"closed","template":"","meta":{"ngg_post_thumbnail":0,"footnotes":""},"class_list":["post-19448","page","type-page","status-publish","hentry"],"_links":{"self":[{"href":"http:\/\/illyes-dombovar.hu\/honlap\/wp-json\/wp\/v2\/pages\/19448","targetHints":{"allow":["GET"]}}],"collection":[{"href":"http:\/\/illyes-dombovar.hu\/honlap\/wp-json\/wp\/v2\/pages"}],"about":[{"href":"http:\/\/illyes-dombovar.hu\/honlap\/wp-json\/wp\/v2\/types\/page"}],"author":[{"embeddable":true,"href":"http:\/\/illyes-dombovar.hu\/honlap\/wp-json\/wp\/v2\/users\/2"}],"replies":[{"embeddable":true,"href":"http:\/\/illyes-dombovar.hu\/honlap\/wp-json\/wp\/v2\/comments?post=19448"}],"version-history":[{"count":2,"href":"http:\/\/illyes-dombovar.hu\/honlap\/wp-json\/wp\/v2\/pages\/19448\/revisions"}],"predecessor-version":[{"id":19463,"href":"http:\/\/illyes-dombovar.hu\/honlap\/wp-json\/wp\/v2\/pages\/19448\/revisions\/19463"}],"wp:attachment":[{"href":"http:\/\/illyes-dombovar.hu\/honlap\/wp-json\/wp\/v2\/media?parent=19448"}],"curies":[{"name":"wp","href":"https:\/\/api.w.org\/{rel}","templated":true}]}}