{"id":19447,"date":"2024-03-13T08:58:36","date_gmt":"2024-03-13T07:58:36","guid":{"rendered":"http:\/\/illyes-dombovar.hu\/honlap\/?page_id=19447"},"modified":"2024-03-13T12:54:48","modified_gmt":"2024-03-13T11:54:48","slug":"a-nemet-emelt-szintu-csoport-jelentkezoi-letolthetok-itt-kod0003","status":"publish","type":"page","link":"http:\/\/illyes-dombovar.hu\/honlap\/a-nemet-emelt-szintu-csoport-jelentkezoi-letolthetok-itt-kod0003\/","title":{"rendered":"A n\u00e9met emelt szint\u0171 csoport jelentkez\u0151i let\u00f6lthet\u0151k itt. (K\u00f3d:0003)"},"content":{"rendered":"\n<figure class=\"wp-block-table\"><table><tbody><tr><td colspan=\"3\"><strong>0003 &#8211; N\u00c9MET CSOPORT<\/strong><\/td><\/tr><tr><td><strong>Sorsz\u00e1m<\/strong><\/td><td><strong>OKTAN\/JELIGE<\/strong><\/td><td><strong>\u00c1TLAG<\/strong><\/td><\/tr><tr><td><strong>1.<\/strong><\/td><td><strong>72736525200<\/strong><\/td><td><strong>5,00<\/strong><\/td><\/tr><tr><td><strong>2.<\/strong><\/td><td><strong>72627820906<\/strong><\/td><td><strong>5,00<\/strong><\/td><\/tr><tr><td><strong>3.<\/strong><\/td><td><strong>72739509766<\/strong><\/td><td><strong>5,00<\/strong><\/td><\/tr><tr><td><strong>4.<\/strong><\/td><td><strong>72888303801<\/strong><\/td><td><strong>5,00<\/strong><\/td><\/tr><tr><td><strong>5.<\/strong><\/td><td><strong>72811428943<\/strong><\/td><td><strong>5,00<\/strong><\/td><\/tr><tr><td><strong>6.<\/strong><\/td><td><strong>MICIKE99<\/strong><\/td><td><strong>5,00<\/strong><\/td><\/tr><tr><td><strong>7.<\/strong><\/td><td><strong>72735269554<\/strong><\/td><td><strong>5,00<\/strong><\/td><\/tr><tr><td><strong>8.<\/strong><\/td><td><strong>SEUNGMIN<\/strong><\/td><td><strong>5,00<\/strong><\/td><\/tr><tr><td><strong>9.<\/strong><\/td><td><strong>72945382013<\/strong><\/td><td><strong>5,00<\/strong><\/td><\/tr><tr><td><strong>10.<\/strong><\/td><td><strong>72857092953<\/strong><\/td><td><strong>5,00<\/strong><\/td><\/tr><tr><td><strong>11.<\/strong><\/td><td><strong>72893088886<\/strong><\/td><td><strong>5,00<\/strong><\/td><\/tr><tr><td><strong>12.<\/strong><\/td><td><strong>72731239726<\/strong><\/td><td><strong>5,00<\/strong><\/td><\/tr><tr><td><strong>13.<\/strong><\/td><td><strong>72775199810<\/strong><\/td><td><strong>5,00<\/strong><\/td><\/tr><tr><td><strong>14.<\/strong><\/td><td><strong>72779852427<\/strong><\/td><td><strong>5,00<\/strong><\/td><\/tr><tr><td><strong>15.<\/strong><\/td><td><strong>72779921631<\/strong><\/td><td><strong>5,00<\/strong><\/td><\/tr><tr><td><strong>16.<\/strong><\/td><td><strong>SACI2009<\/strong><\/td><td><strong>4,92<\/strong><\/td><\/tr><tr><td><strong>17.<\/strong><\/td><td><strong>72745935146<\/strong><\/td><td><strong>4,92<\/strong><\/td><\/tr><tr><td><strong>18.<\/strong><\/td><td><strong>72747087071<\/strong><\/td><td><strong>4,92<\/strong><\/td><\/tr><tr><td><strong>19.<\/strong><\/td><td><strong>72735050201<\/strong><\/td><td><strong>4,92<\/strong><\/td><\/tr><tr><td><strong>20.<\/strong><\/td><td><strong>BEBIHAL<\/strong><\/td><td><strong>4,92<\/strong><\/td><\/tr><tr><td><strong>21.<\/strong><\/td><td><strong>72885274036<\/strong><\/td><td><strong>4,92<\/strong><\/td><\/tr><tr><td><strong>22.<\/strong><\/td><td><strong>72859378468<\/strong><\/td><td><strong>4,83<\/strong><\/td><\/tr><tr><td><strong>23.<\/strong><\/td><td><strong>72896801068<\/strong><\/td><td><strong>4,75<\/strong><\/td><\/tr><tr><td><strong>24.<\/strong><\/td><td><strong>72753972135<\/strong><\/td><td><strong>4,75<\/strong><\/td><\/tr><tr><td><strong>25.<\/strong><\/td><td><strong>73105476652<\/strong><\/td><td><strong>4,75<\/strong><\/td><\/tr><tr><td><strong>26.<\/strong><\/td><td><strong>72859542410<\/strong><\/td><td><strong>4,75<\/strong><\/td><\/tr><tr><td><strong>27.<\/strong><\/td><td><strong>72811053846<\/strong><\/td><td><strong>4,75<\/strong><\/td><\/tr><tr><td><strong>28.<\/strong><\/td><td><strong>72677373428<\/strong><\/td><td><strong>4,50<\/strong><\/td><\/tr><tr><td><strong>29.<\/strong><\/td><td><strong>72780108998<\/strong><\/td><td><strong>4,33<\/strong><\/td><\/tr><tr><td><strong>30.<\/strong><\/td><td><strong>EVANGELIKUS1<\/strong><\/td><td><strong>4,33<\/strong><\/td><\/tr><tr><td><strong>31.<\/strong><\/td><td><strong>72759386055<\/strong><\/td><td><strong>4,33<\/strong><\/td><\/tr><tr><td><strong>32.<\/strong><\/td><td><strong>72746149080<\/strong><\/td><td><strong>4,25<\/strong><\/td><\/tr><tr><td><strong>33.<\/strong><\/td><td><strong>72749799276<\/strong><\/td><td><strong>4,25<\/strong><\/td><\/tr><tr><td><strong>34.<\/strong><\/td><td><strong>72883341784<\/strong><\/td><td><strong>4,17<\/strong><\/td><\/tr><tr><td><strong>35.<\/strong><\/td><td><strong>72760128545<\/strong><\/td><td><strong>4,17<\/strong><\/td><\/tr><tr><td><strong>36.<\/strong><\/td><td><strong>MEMI<\/strong><\/td><td><strong>4,00<\/strong><\/td><\/tr><tr><td><strong>E<\/strong><\/td><td><strong>N\u00d3RI 15<\/strong><\/td><td><strong>3,17<\/strong><\/td><\/tr><\/tbody><\/table><\/figure>\n","protected":false},"excerpt":{"rendered":"<p>0003 &#8211; N\u00c9MET CSOPORT Sorsz\u00e1m OKTAN\/JELIGE \u00c1TLAG 1. 72736525200 5,00 2. 72627820906 5,00 3. 72739509766 5,00 4. 72888303801 5,00 5. 72811428943 5,00 6. MICIKE99 5,00 7. 72735269554 5,00 8. SEUNGMIN [&hellip;]<\/p>\n","protected":false},"author":2,"featured_media":0,"parent":0,"menu_order":0,"comment_status":"closed","ping_status":"closed","template":"","meta":{"ngg_post_thumbnail":0,"footnotes":""},"class_list":["post-19447","page","type-page","status-publish","hentry"],"_links":{"self":[{"href":"http:\/\/illyes-dombovar.hu\/honlap\/wp-json\/wp\/v2\/pages\/19447","targetHints":{"allow":["GET"]}}],"collection":[{"href":"http:\/\/illyes-dombovar.hu\/honlap\/wp-json\/wp\/v2\/pages"}],"about":[{"href":"http:\/\/illyes-dombovar.hu\/honlap\/wp-json\/wp\/v2\/types\/page"}],"author":[{"embeddable":true,"href":"http:\/\/illyes-dombovar.hu\/honlap\/wp-json\/wp\/v2\/users\/2"}],"replies":[{"embeddable":true,"href":"http:\/\/illyes-dombovar.hu\/honlap\/wp-json\/wp\/v2\/comments?post=19447"}],"version-history":[{"count":4,"href":"http:\/\/illyes-dombovar.hu\/honlap\/wp-json\/wp\/v2\/pages\/19447\/revisions"}],"predecessor-version":[{"id":19473,"href":"http:\/\/illyes-dombovar.hu\/honlap\/wp-json\/wp\/v2\/pages\/19447\/revisions\/19473"}],"wp:attachment":[{"href":"http:\/\/illyes-dombovar.hu\/honlap\/wp-json\/wp\/v2\/media?parent=19447"}],"curies":[{"name":"wp","href":"https:\/\/api.w.org\/{rel}","templated":true}]}}