{"id":19445,"date":"2024-03-13T08:59:22","date_gmt":"2024-03-13T07:59:22","guid":{"rendered":"http:\/\/illyes-dombovar.hu\/honlap\/?page_id=19445"},"modified":"2024-03-13T09:56:49","modified_gmt":"2024-03-13T08:56:49","slug":"az-altalanos-tantervu-csoport-jelentkezoi-letolthetok-itt-kod-0001","status":"publish","type":"page","link":"http:\/\/illyes-dombovar.hu\/honlap\/az-altalanos-tantervu-csoport-jelentkezoi-letolthetok-itt-kod-0001\/","title":{"rendered":"Az \u00e1ltal\u00e1nos tanterv\u0171 csoport jelentkez\u0151i let\u00f6lthet\u0151k itt. (K\u00f3d: 0001)"},"content":{"rendered":"\n<figure class=\"wp-block-table\"><table><tbody><tr><td colspan=\"3\"><strong>0001 &#8211; \u00c1LTAL\u00c1NOS CSOPORT<\/strong><\/td><\/tr><tr><td><strong>Sorsz\u00e1m<\/strong><\/td><td><strong>OKTAN\/JELIGE<\/strong><\/td><td><strong>\u00c1TLAG<\/strong><\/td><\/tr><tr><td><strong>1.<\/strong><\/td><td><strong>72739509766<\/strong><\/td><td><strong>5,00<\/strong><\/td><\/tr><tr><td><strong>2.<\/strong><\/td><td><strong>72811428943<\/strong><\/td><td><strong>5,00<\/strong><\/td><\/tr><tr><td><strong>3.<\/strong><\/td><td><strong>73062921236<\/strong><\/td><td><strong>5,00<\/strong><\/td><\/tr><tr><td><strong>4.<\/strong><\/td><td><strong>MICIKE99<\/strong><\/td><td><strong>5,00<\/strong><\/td><\/tr><tr><td><strong>5.<\/strong><\/td><td><strong>72735269554<\/strong><\/td><td><strong>5,00<\/strong><\/td><\/tr><tr><td><strong>6.<\/strong><\/td><td><strong>SEUNGMIN<\/strong><\/td><td><strong>5,00<\/strong><\/td><\/tr><tr><td><strong>7.<\/strong><\/td><td><strong>72703715846<\/strong><\/td><td><strong>5,00<\/strong><\/td><\/tr><tr><td><strong>8.<\/strong><\/td><td><strong>72893088886<\/strong><\/td><td><strong>5,00<\/strong><\/td><\/tr><tr><td><strong>9.<\/strong><\/td><td><strong>72692102994<\/strong><\/td><td><strong>5,00<\/strong><\/td><\/tr><tr><td><strong>10.<\/strong><\/td><td><strong>72779852427<\/strong><\/td><td><strong>5,00<\/strong><\/td><\/tr><tr><td><strong>11.<\/strong><\/td><td><strong>72779921631<\/strong><\/td><td><strong>5,00<\/strong><\/td><\/tr><tr><td><strong>12.<\/strong><\/td><td><strong>GELUGRE<\/strong><\/td><td><strong>4,92<\/strong><\/td><\/tr><tr><td><strong>13.<\/strong><\/td><td><strong>72747087071<\/strong><\/td><td><strong>4,92<\/strong><\/td><\/tr><tr><td><strong>14.<\/strong><\/td><td><strong>72735050201<\/strong><\/td><td><strong>4,92<\/strong><\/td><\/tr><tr><td><strong>15.<\/strong><\/td><td><strong>BEBIHAL<\/strong><\/td><td><strong>4,92<\/strong><\/td><\/tr><tr><td><strong>16.<\/strong><\/td><td><strong>72809289584<\/strong><\/td><td><strong>4,92<\/strong><\/td><\/tr><tr><td><strong>17.<\/strong><\/td><td><strong>72759923020<\/strong><\/td><td><strong>4,83<\/strong><\/td><\/tr><tr><td><strong>18.<\/strong><\/td><td><strong>72859378468<\/strong><\/td><td><strong>4,83<\/strong><\/td><\/tr><tr><td><strong>19.<\/strong><\/td><td><strong>72871600865<\/strong><\/td><td><strong>4,83<\/strong><\/td><\/tr><tr><td><strong>20.<\/strong><\/td><td><strong>72747305976<\/strong><\/td><td><strong>4,83<\/strong><\/td><\/tr><tr><td><strong>21.<\/strong><\/td><td><strong>72916391651<\/strong><\/td><td><strong>4,83<\/strong><\/td><\/tr><tr><td><strong>22.<\/strong><\/td><td><strong>72896801068<\/strong><\/td><td><strong>4,75<\/strong><\/td><\/tr><tr><td><strong>23.<\/strong><\/td><td><strong>73105476652<\/strong><\/td><td><strong>4,75<\/strong><\/td><\/tr><tr><td><strong>24.<\/strong><\/td><td><strong>72859542410<\/strong><\/td><td><strong>4,75<\/strong><\/td><\/tr><tr><td><strong>25.<\/strong><\/td><td><strong>72759901257<\/strong><\/td><td><strong>4,67<\/strong><\/td><\/tr><tr><td><strong>26.<\/strong><\/td><td><strong>72803385690<\/strong><\/td><td><strong>4,67<\/strong><\/td><\/tr><tr><td><strong>27.<\/strong><\/td><td><strong>72735983622<\/strong><\/td><td><strong>4,67<\/strong><\/td><\/tr><tr><td><strong>28.<\/strong><\/td><td><strong>72628566224<\/strong><\/td><td><strong>4,67<\/strong><\/td><\/tr><tr><td><strong>29.<\/strong><\/td><td><strong>72806003502<\/strong><\/td><td><strong>4,67<\/strong><\/td><\/tr><tr><td><strong>30.<\/strong><\/td><td><strong>72706570439<\/strong><\/td><td><strong>4,67<\/strong><\/td><\/tr><tr><td><strong>31.<\/strong><\/td><td><strong>PUTELLAS<\/strong><\/td><td><strong>4,67<\/strong><\/td><\/tr><tr><td><strong>32.<\/strong><\/td><td><strong>72745335920<\/strong><\/td><td><strong>4,58<\/strong><\/td><\/tr><tr><td><strong>33.<\/strong><\/td><td><strong>VIKT\u00d3RIA28<\/strong><\/td><td><strong>4,58<\/strong><\/td><\/tr><tr><td><strong>34.<\/strong><\/td><td><strong>72680788676<\/strong><\/td><td><strong>4,58<\/strong><\/td><\/tr><tr><td><strong>35.<\/strong><\/td><td><strong>72747278761<\/strong><\/td><td><strong>4,58<\/strong><\/td><\/tr><tr><td><strong>36.<\/strong><\/td><td><strong>72680608464<\/strong><\/td><td><strong>4,50<\/strong><\/td><\/tr><tr><td><strong>37.<\/strong><\/td><td><strong>72677373428<\/strong><\/td><td><strong>4,50<\/strong><\/td><\/tr><tr><td><strong>38.<\/strong><\/td><td><strong>72918002117<\/strong><\/td><td><strong>4,50<\/strong><\/td><\/tr><tr><td><strong>39.<\/strong><\/td><td><strong>72745483647<\/strong><\/td><td><strong>4,50<\/strong><\/td><\/tr><tr><td><strong>40.<\/strong><\/td><td><strong>72760073939<\/strong><\/td><td><strong>4,50<\/strong><\/td><\/tr><tr><td><strong>41.<\/strong><\/td><td><strong>72754837725<\/strong><\/td><td><strong>4,50<\/strong><\/td><\/tr><tr><td><strong>42.<\/strong><\/td><td><strong>SZVL<\/strong><\/td><td><strong>4,50<\/strong><\/td><\/tr><tr><td><strong>43.<\/strong><\/td><td><strong>72916424583<\/strong><\/td><td><strong>4,42<\/strong><\/td><\/tr><tr><td><strong>44.<\/strong><\/td><td><strong>72704693850<\/strong><\/td><td><strong>4,42<\/strong><\/td><\/tr><tr><td><strong>45.<\/strong><\/td><td><strong>72918039663<\/strong><\/td><td><strong>4,42<\/strong><\/td><\/tr><tr><td><strong>46.<\/strong><\/td><td><strong>72746344076<\/strong><\/td><td><strong>4,33<\/strong><\/td><\/tr><tr><td><strong>47.<\/strong><\/td><td><strong>72746501679<\/strong><\/td><td><strong>4,33<\/strong><\/td><\/tr><tr><td><strong>48.<\/strong><\/td><td><strong>72934233982<\/strong><\/td><td><strong>4,33<\/strong><\/td><\/tr><tr><td><strong>49.<\/strong><\/td><td><strong>EVANGELIKUS1<\/strong><\/td><td><strong>4,33<\/strong><\/td><\/tr><tr><td><strong>50.<\/strong><\/td><td><strong>72780241755<\/strong><\/td><td><strong>4,33<\/strong><\/td><\/tr><tr><td><strong>51.<\/strong><\/td><td><strong>72759386055<\/strong><\/td><td><strong>4,33<\/strong><\/td><\/tr><tr><td><strong>52.<\/strong><\/td><td><strong>72747379405<\/strong><\/td><td><strong>4,25<\/strong><\/td><\/tr><tr><td><strong>53.<\/strong><\/td><td><strong>72777695952<\/strong><\/td><td><strong>4,25<\/strong><\/td><\/tr><tr><td><strong>54.<\/strong><\/td><td><strong>72732095569<\/strong><\/td><td><strong>4,25<\/strong><\/td><\/tr><tr><td><strong>55.<\/strong><\/td><td><strong>72746149080<\/strong><\/td><td><strong>4,25<\/strong><\/td><\/tr><tr><td><strong>56.<\/strong><\/td><td><strong>72806492148<\/strong><\/td><td><strong>4,25<\/strong><\/td><\/tr><tr><td><strong>57.<\/strong><\/td><td><strong>72749799276<\/strong><\/td><td><strong>4,25<\/strong><\/td><\/tr><tr><td><strong>58.<\/strong><\/td><td><strong>72883341784<\/strong><\/td><td><strong>4,17<\/strong><\/td><\/tr><tr><td><strong>59.<\/strong><\/td><td><strong>72780291309<\/strong><\/td><td><strong>4,17<\/strong><\/td><\/tr><tr><td><strong>60.<\/strong><\/td><td><strong>72760128545<\/strong><\/td><td><strong>4,17<\/strong><\/td><\/tr><tr><td><strong>61.<\/strong><\/td><td><strong>72780049841<\/strong><\/td><td><strong>4,08<\/strong><\/td><\/tr><tr><td><strong>62.<\/strong><\/td><td><strong>72728871401<\/strong><\/td><td><strong>4,08<\/strong><\/td><\/tr><tr><td><strong>63.<\/strong><\/td><td><strong>72806523790<\/strong><\/td><td><strong>4,08<\/strong><\/td><\/tr><tr><td><strong>64.<\/strong><\/td><td><strong>72718342329<\/strong><\/td><td><strong>4,08<\/strong><\/td><\/tr><tr><td><strong>65.<\/strong><\/td><td><strong>72863334488<\/strong><\/td><td><strong>4,08<\/strong><\/td><\/tr><tr><td><strong>66.<\/strong><\/td><td><strong>72894562344<\/strong><\/td><td><strong>4,00<\/strong><\/td><\/tr><tr><td><strong>67.<\/strong><\/td><td><strong>M\u00c9MI<\/strong><\/td><td><strong>4,00<\/strong><\/td><\/tr><tr><td><strong>68.<\/strong><\/td><td><strong>72760190372<\/strong><\/td><td><strong>4,00<\/strong><\/td><\/tr><tr><td><strong>69.<\/strong><\/td><td><strong>72893099763<\/strong><\/td><td><strong>3,75<\/strong><\/td><\/tr><tr><td><strong>70.<\/strong><\/td><td><strong>72724291735<\/strong><\/td><td><strong>3,75<\/strong><\/td><\/tr><tr><td><strong>71.<\/strong><\/td><td><strong>72823676748<\/strong><\/td><td><strong>3,67<\/strong><\/td><\/tr><tr><td><strong>72.<\/strong><\/td><td><strong>72738599849<\/strong><\/td><td><strong>3,58<\/strong><\/td><\/tr><tr><td><em>E<\/em><\/td><td><em>72700364602<\/em><\/td><td><em>3,08<\/em><\/td><\/tr><\/tbody><\/table><\/figure>\n","protected":false},"excerpt":{"rendered":"<p>0001 &#8211; \u00c1LTAL\u00c1NOS CSOPORT Sorsz\u00e1m OKTAN\/JELIGE \u00c1TLAG 1. 72739509766 5,00 2. 72811428943 5,00 3. 73062921236 5,00 4. MICIKE99 5,00 5. 72735269554 5,00 6. SEUNGMIN 5,00 7. 72703715846 5,00 8. 72893088886 [&hellip;]<\/p>\n","protected":false},"author":2,"featured_media":0,"parent":0,"menu_order":0,"comment_status":"closed","ping_status":"closed","template":"","meta":{"ngg_post_thumbnail":0,"footnotes":""},"class_list":["post-19445","page","type-page","status-publish","hentry"],"_links":{"self":[{"href":"http:\/\/illyes-dombovar.hu\/honlap\/wp-json\/wp\/v2\/pages\/19445","targetHints":{"allow":["GET"]}}],"collection":[{"href":"http:\/\/illyes-dombovar.hu\/honlap\/wp-json\/wp\/v2\/pages"}],"about":[{"href":"http:\/\/illyes-dombovar.hu\/honlap\/wp-json\/wp\/v2\/types\/page"}],"author":[{"embeddable":true,"href":"http:\/\/illyes-dombovar.hu\/honlap\/wp-json\/wp\/v2\/users\/2"}],"replies":[{"embeddable":true,"href":"http:\/\/illyes-dombovar.hu\/honlap\/wp-json\/wp\/v2\/comments?post=19445"}],"version-history":[{"count":3,"href":"http:\/\/illyes-dombovar.hu\/honlap\/wp-json\/wp\/v2\/pages\/19445\/revisions"}],"predecessor-version":[{"id":19467,"href":"http:\/\/illyes-dombovar.hu\/honlap\/wp-json\/wp\/v2\/pages\/19445\/revisions\/19467"}],"wp:attachment":[{"href":"http:\/\/illyes-dombovar.hu\/honlap\/wp-json\/wp\/v2\/media?parent=19445"}],"curies":[{"name":"wp","href":"https:\/\/api.w.org\/{rel}","templated":true}]}}