{"id":18561,"date":"2023-11-08T08:51:24","date_gmt":"2023-11-08T06:51:24","guid":{"rendered":"http:\/\/illyes-dombovar.hu\/honlap\/?page_id=18561"},"modified":"2023-11-08T08:51:24","modified_gmt":"2023-11-08T06:51:24","slug":"beszamolo-hatartalanul-program-hat-19-02-0308","status":"publish","type":"page","link":"http:\/\/illyes-dombovar.hu\/honlap\/beszamolo-hatartalanul-program-hat-19-02-0308\/","title":{"rendered":"Besz\u00e1mol\u00f3 \u2013 Hat\u00e1rtalanul program! HAT-19-02-0308"},"content":{"rendered":"\n<p><strong>Erd\u00e9lyiek Magyarorsz\u00e1gon \u2013 2022. m\u00e1jus 10-14.<\/strong><\/p>\n\n\n\n<p><strong>A Domb\u00f3v\u00e1ri Illy\u00e9s Gyula Gimn\u00e1zium \u00e9s a T\u00e9gl\u00e1s G\u00e1bor L\u00edceum, D\u00e9va k\u00f6z\u00f6s programja<\/strong><\/p>\n\n\n\n<div data-wp-interactive=\"core\/file\" class=\"wp-block-file\"><object data-wp-bind--hidden=\"!state.hasPdfPreview\" hidden class=\"wp-block-file__embed\" data=\"http:\/\/illyes-dombovar.hu\/honlap\/wp-content\/uploads\/2023\/11\/HAT_19_02_0308_beszamolo.pdf\" type=\"application\/pdf\" style=\"width:100%;height:600px\" aria-label=\"HAT_19_02_0308_beszamolo be\u00e1gyaz\u00e1sa\"><\/object><a id=\"wp-block-file--media-3afa5fc5-e6b8-4fb2-8b7c-76e788781783\" href=\"http:\/\/illyes-dombovar.hu\/honlap\/wp-content\/uploads\/2023\/11\/HAT_19_02_0308_beszamolo.pdf\">HAT_19_02_0308_beszamolo<\/a><a href=\"http:\/\/illyes-dombovar.hu\/honlap\/wp-content\/uploads\/2023\/11\/HAT_19_02_0308_beszamolo.pdf\" class=\"wp-block-file__button wp-element-button\" download aria-describedby=\"wp-block-file--media-3afa5fc5-e6b8-4fb2-8b7c-76e788781783\">Let\u00f6lt\u00e9s<\/a><\/div>\n","protected":false},"excerpt":{"rendered":"<p>Erd\u00e9lyiek Magyarorsz\u00e1gon \u2013 2022. m\u00e1jus 10-14. A Domb\u00f3v\u00e1ri Illy\u00e9s Gyula Gimn\u00e1zium \u00e9s a T\u00e9gl\u00e1s G\u00e1bor L\u00edceum, D\u00e9va k\u00f6z\u00f6s programja<\/p>\n","protected":false},"author":2,"featured_media":0,"parent":0,"menu_order":0,"comment_status":"closed","ping_status":"closed","template":"","meta":{"ngg_post_thumbnail":0,"footnotes":""},"class_list":["post-18561","page","type-page","status-publish","hentry"],"_links":{"self":[{"href":"http:\/\/illyes-dombovar.hu\/honlap\/wp-json\/wp\/v2\/pages\/18561","targetHints":{"allow":["GET"]}}],"collection":[{"href":"http:\/\/illyes-dombovar.hu\/honlap\/wp-json\/wp\/v2\/pages"}],"about":[{"href":"http:\/\/illyes-dombovar.hu\/honlap\/wp-json\/wp\/v2\/types\/page"}],"author":[{"embeddable":true,"href":"http:\/\/illyes-dombovar.hu\/honlap\/wp-json\/wp\/v2\/users\/2"}],"replies":[{"embeddable":true,"href":"http:\/\/illyes-dombovar.hu\/honlap\/wp-json\/wp\/v2\/comments?post=18561"}],"version-history":[{"count":1,"href":"http:\/\/illyes-dombovar.hu\/honlap\/wp-json\/wp\/v2\/pages\/18561\/revisions"}],"predecessor-version":[{"id":18563,"href":"http:\/\/illyes-dombovar.hu\/honlap\/wp-json\/wp\/v2\/pages\/18561\/revisions\/18563"}],"wp:attachment":[{"href":"http:\/\/illyes-dombovar.hu\/honlap\/wp-json\/wp\/v2\/media?parent=18561"}],"curies":[{"name":"wp","href":"https:\/\/api.w.org\/{rel}","templated":true}]}}