{"id":17543,"date":"2023-06-16T06:58:55","date_gmt":"2023-06-16T05:58:55","guid":{"rendered":"http:\/\/illyes-dombovar.hu\/honlap\/?page_id=17543"},"modified":"2023-06-16T06:58:55","modified_gmt":"2023-06-16T05:58:55","slug":"hatartalanul-hat-kp-1-2022-1-001475-erdely-2023-junius-6-10-7-n-osztaly-kirandulasa","status":"publish","type":"page","link":"http:\/\/illyes-dombovar.hu\/honlap\/hatartalanul-hat-kp-1-2022-1-001475-erdely-2023-junius-6-10-7-n-osztaly-kirandulasa\/","title":{"rendered":"Hat\u00e1rtalanul &#8211; HAT-KP-1-2022\/1-001475 -Erd\u00e9ly, 2023. j\u00fanius 6-10., 7. n oszt\u00e1ly kir\u00e1ndul\u00e1sa\u00a0"},"content":{"rendered":"\n<div data-wp-interactive=\"core\/file\" class=\"wp-block-file\"><object data-wp-bind--hidden=\"!state.hasPdfPreview\" hidden class=\"wp-block-file__embed\" data=\"http:\/\/illyes-dombovar.hu\/honlap\/wp-content\/uploads\/2023\/06\/HAT_2023junius_Erdely_beszamolo.pdf\" type=\"application\/pdf\" style=\"width:100%;height:770px\" aria-label=\"HAT_2023junius_Erdely_beszamolo be\u00e1gyaz\u00e1sa\"><\/object><a id=\"wp-block-file--media-57008fb3-f1e8-4d60-8727-786cf24c2ddf\" href=\"http:\/\/illyes-dombovar.hu\/honlap\/wp-content\/uploads\/2023\/06\/HAT_2023junius_Erdely_beszamolo.pdf\">HAT_2023junius_Erdely_beszamolo<\/a><a href=\"http:\/\/illyes-dombovar.hu\/honlap\/wp-content\/uploads\/2023\/06\/HAT_2023junius_Erdely_beszamolo.pdf\" class=\"wp-block-file__button wp-element-button\" download aria-describedby=\"wp-block-file--media-57008fb3-f1e8-4d60-8727-786cf24c2ddf\">Let\u00f6lt\u00e9s<\/a><\/div>\n","protected":false},"excerpt":{"rendered":"","protected":false},"author":2,"featured_media":0,"parent":0,"menu_order":0,"comment_status":"closed","ping_status":"closed","template":"","meta":{"ngg_post_thumbnail":0,"footnotes":""},"class_list":["post-17543","page","type-page","status-publish","hentry"],"_links":{"self":[{"href":"http:\/\/illyes-dombovar.hu\/honlap\/wp-json\/wp\/v2\/pages\/17543","targetHints":{"allow":["GET"]}}],"collection":[{"href":"http:\/\/illyes-dombovar.hu\/honlap\/wp-json\/wp\/v2\/pages"}],"about":[{"href":"http:\/\/illyes-dombovar.hu\/honlap\/wp-json\/wp\/v2\/types\/page"}],"author":[{"embeddable":true,"href":"http:\/\/illyes-dombovar.hu\/honlap\/wp-json\/wp\/v2\/users\/2"}],"replies":[{"embeddable":true,"href":"http:\/\/illyes-dombovar.hu\/honlap\/wp-json\/wp\/v2\/comments?post=17543"}],"version-history":[{"count":1,"href":"http:\/\/illyes-dombovar.hu\/honlap\/wp-json\/wp\/v2\/pages\/17543\/revisions"}],"predecessor-version":[{"id":17545,"href":"http:\/\/illyes-dombovar.hu\/honlap\/wp-json\/wp\/v2\/pages\/17543\/revisions\/17545"}],"wp:attachment":[{"href":"http:\/\/illyes-dombovar.hu\/honlap\/wp-json\/wp\/v2\/media?parent=17543"}],"curies":[{"name":"wp","href":"https:\/\/api.w.org\/{rel}","templated":true}]}}