{"id":1501,"date":"2020-05-29T10:52:14","date_gmt":"2020-05-29T10:52:14","guid":{"rendered":"http:\/\/teszt.illyes-dombovar.hu\/honlap\/?page_id=1501"},"modified":"2023-09-11T10:19:58","modified_gmt":"2023-09-11T09:19:58","slug":"konyvtar","status":"publish","type":"page","link":"http:\/\/illyes-dombovar.hu\/honlap\/konyvtar\/","title":{"rendered":"K\u00f6nyvt\u00e1r"},"content":{"rendered":"\n<p><strong>A k\u00f6nyvt\u00e1r nyitva tart\u00e1sa:<\/strong><\/p>\n\n\n\n<p>H\u00e9tf\u0151 :&nbsp;&nbsp;&nbsp;&nbsp;&nbsp;&nbsp;&nbsp;&nbsp;&nbsp;&nbsp;&nbsp;&nbsp;&nbsp;&nbsp;&nbsp;&nbsp;&nbsp; 8.00 -12.30&nbsp;&nbsp; 13.30 \u2013 16.00<\/p>\n\n\n\n<p>Kedd :&nbsp; &nbsp;&nbsp;&nbsp;&nbsp;&nbsp;&nbsp;&nbsp;&nbsp;&nbsp;&nbsp; &nbsp;&nbsp;&nbsp;&nbsp;&nbsp; 8.00 -12.30&nbsp;&nbsp; 13.30 \u2013 16.00<\/p>\n\n\n\n<p>Szerda: &nbsp;&nbsp;&nbsp;&nbsp;&nbsp;&nbsp;&nbsp;&nbsp;&nbsp;&nbsp;&nbsp;&nbsp;&nbsp;&nbsp;&nbsp; 8.00 -12.30&nbsp;&nbsp; 13.30 \u2013 16.00<\/p>\n\n\n\n<p>Cs\u00fct\u00f6rt\u00f6k: &nbsp;&nbsp;&nbsp;&nbsp;&nbsp;&nbsp;&nbsp;&nbsp;&nbsp;&nbsp; 8.00 -12.30&nbsp;&nbsp; 13.30 \u2013 16.00<\/p>\n\n\n\n<p>P\u00e9ntek :\u00a0\u00a0\u00a0\u00a0\u00a0\u00a0\u00a0\u00a0\u00a0\u00a0 \u00a0\u00a0\u00a0\u00a0\u00a0\u00a0\u00a0\u00a0\u00a0\u00a0\u00a0\u00a0\u00a0\u00a0\u00a0\u00a0\u00a0\u00a0\u00a0\u00a0\u00a0\u00a0\u00a0\u00a0\u00a0\u00a0\u00a08.00 \u2013\u00a012.30<\/p>\n\n\n\n<p>Adott esetben a nyitvatart\u00e1s igazodik a k\u00f6nyvt\u00e1ros egy\u00e9b feladataihoz (tan\u00edt\u00e1si \u00f3ra, eb\u00e9deltet\u00e9s), illetve az iskolai rendezv\u00e9nyekhez is.<\/p>\n\n\n\n<p><strong>Tak\u00e1csn\u00e9 Reisz Anett<br>k\u00f6nyvt\u00e1ros<\/strong><\/p>\n\n\n\n<p class=\"has-text-align-center\"><strong>A k\u00f6nyvt\u00e1r m\u0171k\u00f6d\u00e9si szab\u00e1lyzata<\/strong><\/p>\n\n\n\n<p>A k\u00f6nyvt\u00e1r neve : Domb\u00f3v\u00e1ri Illy\u00e9s Gyula Gimn\u00e1zium K\u00f6nyvt\u00e1ra<\/p>\n\n\n\n<p>A k\u00f6nyvt\u00e1r c\u00edme : 7200 Domb\u00f3v\u00e1r, Bajcsy-Zsilinszky utca 2.<\/p>\n\n\n\n<p>A k\u00f6nyvt\u00e1r jellege : z\u00e1rt k\u00f6nyvt\u00e1r, szabadpolcos<\/p>\n\n\n\n<p><strong>I. Fenntart\u00e1sa<\/strong><\/p>\n\n\n\n<p>Fenntart\u00f3ja: Tam\u00e1si Tanker\u00fclet K\u00f6zpont<\/p>\n\n\n\n<p>C\u00edme: 7090 Tam\u00e1si, Szabads\u00e1g u. 29.<\/p>\n\n\n\n<p><strong>II. Az iskolai k\u00f6nyvt\u00e1r feladatai<\/strong><\/p>\n\n\n\n<ol class=\"wp-block-list\" type=\"1\">\n<li>Biztos\u00edtja az iskola nevel\u0151i \u00e9s tanul\u00f3i sz\u00e1m\u00e1ra az oktat\u00e1shoz, tanul\u00e1shoz \u00e9s \u00f6nm\u0171vel\u00e9shez sz\u00fcks\u00e9ges inform\u00e1ci\u00f3kat \u00e9s inform\u00e1ci\u00f3hordoz\u00f3kat.<\/li>\n\n\n\n<li>Gy\u0171jtem\u00e9ny\u00e9t folyamatosan fejleszti, felt\u00e1rja, \u0151rzi, gondozza \u00e9s rendelkez\u00e9sre bocs\u00e1tja.<\/li>\n\n\n\n<li>K\u00f6nyv- \u00e9s k\u00f6nyvt\u00e1rhaszn\u00e1lati ismeretek tan\u00edt\u00e1s\u00e1val, szolg\u00e1ltat\u00e1s\u00e1nak eg\u00e9sz rendszer\u00e9vel a tanul\u00f3k \u00f6n\u00e1ll\u00f3 ismeretszerz\u0151 k\u00e9pess\u00e9g\u00e9nek kialak\u00edt\u00e1s\u00e1ra t\u00f6rekszik.<\/li>\n\n\n\n<li>K\u00f6zponti szerepet t\u00f6lt be az iskola olvas\u00e1s- \u00e9s k\u00f6nyvt\u00e1r-pedag\u00f3giai tev\u00e9kenys\u00e9g\u00e9ben.<\/li>\n\n\n\n<li>A nevel\u0151test\u00fclet akt\u00edv k\u00f6zrem\u0171k\u00f6d\u00e9s\u00e9vel szervezi a tanul\u00f3k k\u00f6nyvt\u00e1rhaszn\u00e1l\u00f3v\u00e1 nevel\u00e9s\u00e9t.<\/li>\n\n\n\n<li>T\u00e1j\u00e9koztat\u00e1st ny\u00fajt a dokumentumokr\u00f3l \u00e9s szolg\u00e1ltat\u00e1sokr\u00f3l.<\/li>\n\n\n\n<li>Helyet biztos\u00edt tan\u00f3rai foglalkoz\u00e1sok tart\u00e1s\u00e1ra.<\/li>\n\n\n\n<li>Egy\u00e9ni \u00e9s csoportos helyben haszn\u00e1latra helyet biztos\u00edt.<\/li>\n\n\n\n<li>K\u00f6nyvt\u00e1ri dokumentumokat k\u00f6lcs\u00f6n\u00f6z.<\/li>\n\n\n\n<li>Dokumentumok m\u00e1sol\u00e1s\u00e1t teszi lehet\u0151v\u00e9.<\/li>\n\n\n\n<li>Sz\u00e1m\u00edt\u00f3g\u00e9pes informatikai szolg\u00e1ltat\u00e1sokat biztos\u00edt.<\/li>\n\n\n\n<li>T\u00e1j\u00e9koztat\u00e1st ny\u00fajt a pedag\u00f3giai \u2013 szakmai szolg\u00e1ltat\u00e1sokat ell\u00e1t\u00f3 int\u00e9zm\u00e9nyekben m\u0171k\u00f6d\u0151 k\u00f6nyvt\u00e1rak, nyilv\u00e1nos k\u00f6nyvt\u00e1rak dokumentumair\u00f3l, szolg\u00e1ltat\u00e1sair\u00f3l.<\/li>\n<\/ol>\n\n\n\n<p><strong>III. A k\u00f6nyvt\u00e1rhaszn\u00e1lat rendje:<\/strong><\/p>\n\n\n\n<ol class=\"wp-block-list\" type=\"1\">\n<li>Az iskolai k\u00f6nyvt\u00e1rat az iskola tanul\u00f3i, nevel\u0151i, adminisztrat\u00edv \u00e9s technikai dolgoz\u00f3i haszn\u00e1lhatj\u00e1k a k\u00f6nyvt\u00e1r nyitvatart\u00e1si idej\u00e9ben.<\/li>\n\n\n\n<li>Az iskolai k\u00f6nyvt\u00e1rhaszn\u00e1l\u00f3kat ingyenesen megilletik az al\u00e1bbi alapszolg\u00e1ltat\u00e1sok :<\/li>\n<\/ol>\n\n\n\n<p>&#8211; k\u00f6nyvt\u00e1rl\u00e1togat\u00e1s<\/p>\n\n\n\n<p>&#8211;&nbsp;k\u00f6nyvt\u00e1ri gy\u0171jtem\u00e9ny helyben haszn\u00e1lata<\/p>\n\n\n\n<p>&#8211;&nbsp; inform\u00e1ci\u00f3 a k\u00f6nyvt\u00e1r szolg\u00e1ltat\u00e1sair\u00f3l<\/p>\n\n\n\n<p>&#8211; dokumentum k\u00f6lcs\u00f6nz\u00e9s<\/p>\n\n\n\n<p>3.&nbsp;&nbsp; Az iskolai k\u00f6nyvt\u00e1rban az alapszolg\u00e1ltat\u00e1sokon k\u00edv\u00fcl az al\u00e1bbi szolg\u00e1ltat\u00e1sok vehet\u0151k<\/p>\n\n\n\n<p>ig\u00e9nybe:<\/p>\n\n\n\n<p>\u2013 a k\u00f6nyvt\u00e1r \u00e1llom\u00e1ny\u00e1nak egy\u00e9ni \u00e9s csoportos helyben haszn\u00e1lata (olvas\u00f3termi, k\u00e9zik\u00f6nyvt\u00e1ri k\u00f6nyvek, foly\u00f3iratok, \u00e9rt\u00e9kesebb dokumentumok)<\/p>\n\n\n\n<p>4.&nbsp;&nbsp; Beiratkoz\u00e1skor a tanul\u00f3 neve \u00e9s oszt\u00e1lya ker\u00fcl regisztr\u00e1l\u00e1sra. A nyilv\u00e1ntart\u00e1s elektronikus rendszer\u0171.<\/p>\n\n\n\n<p>5.&nbsp;&nbsp; A k\u00f6nyvt\u00e1ri dokumentumok nyilv\u00e1ntart\u00e1sa \u00e9s k\u00f6lcs\u00f6nz\u00e9se elektronikusan t\u00f6rt\u00e9nik.<\/p>\n\n\n\n<p>6.&nbsp;&nbsp; Minden beiratkozott olvas\u00f3 jogosult a k\u00f6lcs\u00f6nz\u00e9sre.<\/p>\n\n\n\n<p>7.&nbsp;&nbsp;&nbsp; Legk\u00e9s\u0151bb a&nbsp; tan\u00e9v utols\u00f3 napj\u00e1ig a k\u00f6lcs\u00f6n\u00f6zhet\u0151 dokumentumokkal mindenki k\u00f6teles elsz\u00e1molni.<\/p>\n\n\n\n<p>8.&nbsp; A k\u00f6nyvt\u00e1rb\u00f3l b\u00e1rmely dokumentumot kivinni csak a k\u00f6nyvt\u00e1ros tudt\u00e1val, a szem\u00e9lyi k\u00f6lcs\u00f6nz\u00e9si nyilv\u00e1ntart\u00e1sban t\u00f6rt\u00e9nt r\u00f6gz\u00edt\u00e9s ut\u00e1n szabad. A k\u00f6nyvt\u00e1ros t\u00e1voll\u00e9t\u00e9ben, csak kiv\u00e9teles esetekben ( \u00e9retts\u00e9gi, versenyek), szigor\u00faan az iskola vezet\u0151inek (igazgat\u00f3, vagy igazgat\u00f3helyettesek, pedag\u00f3gusok) jelenl\u00e9t\u00e9ben ker\u00fclhet ki dokumentum a k\u00f6nyvt\u00e1rb\u00f3l.<\/p>\n\n\n\n<p>9.&nbsp; Az iskol\u00e1t v\u00e9glegesen elhagy\u00f3 di\u00e1kok csakis \u00fagy bocs\u00e1that\u00f3ak el az iskol\u00e1b\u00f3l, hogy k\u00f6nyvt\u00e1ri tartoz\u00e1saikat is rendezt\u00e9k, s ezt a k\u00f6nyvt\u00e1ros igazolta.<\/p>\n\n\n\n<p><strong>Tart\u00f3s tank\u00f6nyvek:<\/strong><\/p>\n\n\n\n<p>1.&nbsp; Az \u00e1llamilag finansz\u00edrozott tank\u00f6nyveket ( irodalom tank\u00f6nyv, sz\u00f6veggy\u0171jtem\u00e9ny, nyelvk\u00f6nyvek, matematika tank\u00f6nyv stb.) a KELLO-t\u00f3l az iskolai k\u00f6nyvt\u00e1ros megrendeli, a KELLO augusztus elej\u00e9n az iskol\u00e1nak lesz\u00e1ll\u00edtja. Ezeket a tank\u00f6nyveket az iskolai k\u00f6nyvt\u00e1ros \u00e1llom\u00e1nyba vesz, tank\u00f6nyvoszt\u00e1skor a di\u00e1koknak kiosztja, \u00e9s a megmaradt k\u00f6nyveket a k\u00f6nyvt\u00e1rban elhelyezi, melyeket a tanul\u00f3k k\u00e9s\u0151bbiek folyam\u00e1n k\u00f6lcs\u00f6n\u00f6zhetnek.<\/p>\n\n\n\n<p><strong>A pedag\u00f3giai program v\u00e9grehajt\u00e1s\u00e1t seg\u00edt\u0151 eszk\u00f6z\u00f6k \u00e9s felszerel\u00e9sek jegyz\u00e9k\u00e9t<\/strong> a 20\/2012. EMMI rendelet 2. sz. mell\u00e9klete tartalmazza.<\/p>\n\n\n\n<p>1. A tank\u00f6nyvfelel\u0151s (iskolai k\u00f6nyvt\u00e1ros ) minden \u00e9v janu\u00e1r-febru\u00e1rj\u00e1ban elkezdi felm\u00e9rni a szaktan\u00e1rok seg\u00edts\u00e9g\u00e9vel a k\u00f6vetkez\u0151 tan\u00e9vre vonatkoz\u00f3 tank\u00f6nyvig\u00e9nyeket. A munkak\u00f6z\u00f6ss\u00e9g vezet\u0151k egy \u00e1ltaluk k\u00e9sz\u00edtett t\u00e1bl\u00e1zatban felt\u00fcntetik a szaktan\u00e1r \u00e1ltal megrendelni k\u00edv\u00e1nt tank\u00f6nyv szerz\u0151j\u00e9t, c\u00edm\u00e9t, rakt\u00e1ri sz\u00e1m\u00e1t, a haszn\u00e1l\u00f3 oszt\u00e1ly nev\u00e9t, csoportbont\u00e1s eset\u00e9n a di\u00e1kok nev\u00e9t, valamint azt, hogy ig\u00e9nyelnek-e pedag\u00f3gus p\u00e9ld\u00e1nyt.<\/p>\n\n\n\n<p>2. A tank\u00f6nyvfelel\u0151s \u00f6sszegzi a megrendelend\u0151 tank\u00f6nyvek list\u00e1j\u00e1t, ellen\u0151rzi, hogy a k\u00f6nyvt\u00e1ri \u00e1llom\u00e1nyb\u00f3l mennyit tud biztos\u00edtani a k\u00f6vetkez\u0151 tan\u00e9vre.<\/p>\n\n\n\n<p>3. Miut\u00e1n a KELLO k\u00f6zz\u00e9teszi az aktu\u00e1lis tank\u00f6nyvlist\u00e1t, a munkak\u00f6z\u00f6ss\u00e9g-vezet\u0151k a k\u00f6nyvt\u00e1rossal egy\u00fctt \u00f6sszevetik azt a megrendel\u00e9s\u00fckkel. \u00c1prilis h\u00f3napban t\u00f6rt\u00e9nik az online fel\u00fcleten az alaprendel\u00e9s, amelyet a fenntart\u00f3nak j\u00f3v\u00e1 kell hagyni. Figyelembe kell venni azt is, hogy a tank\u00f6nyvekb\u0151l mennyi \u00e1ll rendelkez\u00e9sre a kor\u00e1bbi \u00e1llom\u00e1nyb\u00f3l.<\/p>\n\n\n\n<p>4. Minden \u00e9vfolyamon t\u00e9r\u00edt\u00e9smentesek a tank\u00f6nyvek.<\/p>\n\n\n\n<p>5. J\u00fanius h\u00f3napban lehet\u0151s\u00e9g van az alaprendel\u00e9s m\u00f3dos\u00edt\u00e1s\u00e1ra, \u00e9s az \u00faj tanul\u00f3k felv\u00e9tel\u00e9re az \u00faj \u00e9vfolyamokon.<\/p>\n\n\n\n<p>6. <strong>Minden tanul\u00f3nak a tan\u00e9v v\u00e9g\u00e9n ( j\u00fanius 15-i hat\u00e1llyal ) kell a tank\u00f6nyveiket az iskol\u00e1nak (k\u00f6nyvt\u00e1rnak) leadni. Az \u00e9retts\u00e9giz\u0151 di\u00e1kok legk\u00e9s\u0151bb az \u00e9retts\u00e9gi sz\u00f3beli vizsganapon minden k\u00f6nyvt\u00e1rb\u00f3l k\u00f6lcs\u00f6nz\u00f6tt k\u00f6nyvet, dokumentumot, k\u00f6telesek visszaszolg\u00e1ltatni a k\u00f6nyvt\u00e1rnak.<\/strong><\/p>\n\n\n\n<p>7. Augusztusban t\u00f6rt\u00e9nik az alaprendel\u00e9s kisz\u00e1ll\u00edt\u00e1sa, a tank\u00f6nyvfelel\u0151s di\u00e1konk\u00e9nt elk\u00e9sz\u00edti a tank\u00f6nyvcsomagokat. A tank\u00f6nyvoszt\u00e1s a tan\u00edt\u00e1s el\u0151tti utols\u00f3 h\u00e9ten, beoszt\u00e1s alapj\u00e1n val\u00f3sul meg. Ekkor a di\u00e1k\/sz\u00fcl\u0151 al\u00e1\u00edr\u00e1s\u00e1val igazolja az \u00e1tv\u00e9telt.<\/p>\n\n\n\n<p>8. <strong>Minden di\u00e1k, aki tart\u00f3s tank\u00f6nyvet k\u00f6lcs\u00f6n\u00f6z, anyagi \u00e9s fegyelmi felel\u0151ss\u00e9ggel tartozik az\u00e9rt, hogy a kiadv\u00e1nyokat megfelel\u0151 \u00e1llapotban szolg\u00e1ltassa vissza. Amennyiben sz\u00e1nd\u00e9kos vagy gondatlan k\u00e1rokoz\u00e1s t\u00f6rt\u00e9nik, a jogszab\u00e1lyokban \u00e9s a h\u00e1zirendben meghat\u00e1rozott m\u00f3don a k\u00e1rt meg kell t\u00e9r\u00edteni.<\/strong><\/p>\n\n\n\n<p>9. A fizet\u0151 di\u00e1kok \u00e1tveszik a k\u00f6nyvekr\u0151l a postai csekket, \u00e9s 15 napon bel\u00fcl rendezik a tartoz\u00e1st az iskola fenntart\u00f3ja fel\u00e9.<\/p>\n\n\n\n<p>10. A tan\u00e9v els\u0151 h\u00f3napj\u00e1ban lehets\u00e9ges p\u00f3trendel\u00e9s lead\u00e1sa, esetleges hi\u00e1nyok p\u00f3tl\u00e1sa, az \u00fajonnan \u00e9rkezett di\u00e1kok tank\u00f6nyveinek megrendel\u00e9se t\u00f6rt\u00e9nik fenntart\u00f3i j\u00f3v\u00e1hagy\u00e1ssal. A tank\u00f6nyvfelel\u0151s a megadott hat\u00e1rid\u0151ig m\u00f3dos\u00edthatja a tanul\u00f3i st\u00e1tuszokban bek\u00f6vetkezett, addig m\u00e9g nem r\u00f6gz\u00edtett&nbsp; v\u00e1ltoz\u00e1sokat.<\/p>\n\n\n\n<p><strong>A k\u00f6nyvt\u00e1r nyitvatart\u00e1si rendje :<\/strong><\/p>\n\n\n\n<p>Tan\u00e9ven bel\u00fcl : szorosan igazodik a tan\u00e9v tan\u00edt\u00e1si napjaihoz<\/p>\n\n\n\n<p>h\u00e9tf\u0151 :&nbsp;&nbsp;&nbsp;&nbsp;&nbsp;&nbsp;&nbsp;&nbsp;&nbsp;&nbsp;&nbsp;&nbsp;&nbsp; 8.00 -12.30&nbsp;&nbsp; 13.30 \u2013 16.00<\/p>\n\n\n\n<p>kedd :&nbsp; &nbsp;&nbsp;&nbsp;&nbsp;&nbsp;&nbsp;&nbsp;&nbsp;&nbsp;&nbsp; &nbsp; 8.00 -12.30&nbsp;&nbsp; 13.30 \u2013 16.00<\/p>\n\n\n\n<p>szerda: &nbsp;&nbsp;&nbsp;&nbsp;&nbsp;&nbsp;&nbsp;&nbsp;&nbsp;&nbsp;&nbsp; 8.00 -12.30&nbsp;&nbsp; 13.30 \u2013 16.00<\/p>\n\n\n\n<p>cs\u00fct\u00f6rt\u00f6k: &nbsp;&nbsp;&nbsp;&nbsp;&nbsp;&nbsp; 8.00 -12.30&nbsp;&nbsp; 13.30 \u2013 16.00<\/p>\n\n\n\n<p>p\u00e9ntek :&nbsp;&nbsp;&nbsp;&nbsp;&nbsp;&nbsp;&nbsp;&nbsp;&nbsp;&nbsp; 8.00 \u2013&nbsp;12.30<\/p>\n\n\n\n<p>Adott esetben a nyitvatart\u00e1s igazodik a k\u00f6nyvt\u00e1ros egy\u00e9b feladataihoz (tan\u00edt\u00e1si \u00f3ra, eb\u00e9deltet\u00e9s), illetve az iskolai rendezv\u00e9nyekhez is.<\/p>\n\n\n\n<p><strong>IV. \u00c1llom\u00e1ny\u00e1nak alak\u00edt\u00e1sa, gazd\u00e1lkod\u00e1sa:<\/strong><\/p>\n\n\n\n<ol class=\"wp-block-list\" type=\"1\">\n<li>A k\u00f6nyvt\u00e1r a helyi tantervi k\u00f6vetelm\u00e9nyeknek megfelel\u0151en, folyamatosan, tervszer\u0171en \u00e9s ar\u00e1nyosan fejleszti \u00e1llom\u00e1ny\u00e1t.<\/li>\n\n\n\n<li>A k\u00f6nyvt\u00e1ros az \u00e1llom\u00e1ny alak\u00edt\u00e1s\u00e1ban figyelembe&nbsp; veszi az igazgat\u00f3, a nevel\u0151test\u00fclet, a di\u00e1kk\u00f6z\u00f6ss\u00e9g javaslatait \u00e9s az iskola k\u00f6nyvt\u00e1ri k\u00f6rnyezet\u00e9nek adotts\u00e1gait.<\/li>\n\n\n\n<li>A k\u00f6nyvt\u00e1r \u00e1llom\u00e1ny\u00e1nak gyarap\u00edt\u00e1s\u00e1\u00e9rt, min\u0151s\u00e9g\u00e9\u00e9rt a k\u00f6nyvt\u00e1ros felel, hozz\u00e1j\u00e1rul\u00e1sa, illetve t\u00e1j\u00e9koztat\u00e1sa (szaktan\u00e1ri megrendel\u00e9s eset\u00e9n) n\u00e9lk\u00fcl a gy\u0171jtem\u00e9nybe dokumentum nem v\u00e1s\u00e1rolhat\u00f3.<\/li>\n\n\n\n<li>\u00c1llom\u00e1nyba v\u00e9tel, aj\u00e1nd\u00e9k \u00e9s csere \u00fatj\u00e1n a gy\u0171jt\u0151k\u00f6ri elveknek megfelel\u0151en&nbsp; gyarapodik.<\/li>\n<\/ol>\n\n\n\n<p><strong>VI. Az \u00e1llom\u00e1ny v\u00e9delme:<\/strong><\/p>\n\n\n\n<p>A k\u00f6nyvt\u00e1r \u00e1llom\u00e1ny\u00e1nak ellen\u0151rz\u00e9s\u00e9t a&nbsp; 3\/1975. KM-PM egy\u00fcttes rendelet \u00e9s az ezt kieg\u00e9sz\u00edt\u0151 egy\u00fcttes ir\u00e1nyelv ( M\u0171vel\u0151d\u00e9si K\u00f6zl\u00f6ny 1978\/9. sz\u00e1ma) szerint v\u00e9gezz\u00fck. &nbsp; A k\u00f6nyvt\u00e1r \u00e1llom\u00e1ny\u00e1b\u00f3l k\u00f6lcs\u00f6nz\u0151k illet\u0151leg az \u00e1llom\u00e1nyt helyben haszn\u00e1l\u00f3k anyagilag felelnek a dokumentumok megrong\u00e1l\u00e1s\u00e1val vagy elveszt\u00e9s\u00e9vel okozott k\u00e1r\u00e9rt.&nbsp; Az elveszett vagy megrong\u00e1lt dokumentumot az olvas\u00f3 k\u00f6teles egy kifog\u00e1stalan, azonos p\u00e9ld\u00e1nnyal p\u00f3tolni. Ennek hi\u00e1ny\u00e1ban a dokumentum mindenkori beszerz\u00e9si \u00e9rt\u00e9k\u00e9t, vagy a dokumentum m\u00e1sol\u00e1si \u00e9rt\u00e9k\u00e9t kell megt\u00e9r\u00edteni.&nbsp; Az elveszett, elhaszn\u00e1l\u00f3dott, f\u00f6l\u00f6s, elavult dokumentumokat folyamatosan kigy\u0171jtj\u00fck az \u00e1llom\u00e1nyb\u00f3l \u00e9s tan\u00e9venk\u00e9nt t\u00f6r\u00f6lj\u00fck&nbsp; a nyilv\u00e1ntart\u00e1sb\u00f3l.<\/p>\n\n\n\n<p><strong>VII. Az \u00e1llom\u00e1ny felt\u00e1r\u00e1sa:<\/strong><\/p>\n\n\n\n<p>1. A k\u00f6nyvt\u00e1r dokumentumair\u00f3l az al\u00e1bbi felt\u00e1r\u00f3 katal\u00f3gusok k\u00e9sz\u00fclnek:<\/p>\n\n\n\n<p>\u2013 bet\u0171rendes (le\u00edr\u00f3) keresztkatal\u00f3gus<\/p>\n\n\n\n<p>\u2013 ETO szerinti szakkatal\u00f3gus<\/p>\n\n\n\n<p>\u2013 rakt\u00e1ri katal\u00f3gus<\/p>\n\n\n\n<p>2. Form\u00e1ja szerint :<\/p>\n\n\n\n<p>\u2013 sz\u00e1m\u00edt\u00f3g\u00e9pes<\/p>\n\n\n\n<p><strong>VIII. Z\u00e1r\u00f3 rendelkez\u00e9sek:<\/strong><\/p>\n\n\n\n<p>1.&nbsp; Az iskolai k\u00f6nyvt\u00e1r M\u0171k\u00f6d\u00e9si Szab\u00e1lyzata az iskolai Szervezeti \u00e9s M\u0171k\u00f6d\u00e9si Szab\u00e1lyzat\u00e1nak mell\u00e9klet\u00e9t k\u00e9pezi, s jogszab\u00e1lyokban el\u0151\u00edrt esetben r\u00e9sz\u00e9t k\u00e9pezi egy\u00e9b alapdokumentumoknak is.<\/p>\n\n\n\n<p>2.Jelen szab\u00e1lyzatban nem t\u00e1rgyalt k\u00e9rd\u00e9sekben az \u00e9rv\u00e9nyben l\u00e9v\u0151 jogszab\u00e1lyokat kell \u00e9rv\u00e9nyre juttatni.<\/p>\n\n\n\n<p>3.Az iskolai k\u00f6nyvt\u00e1r M\u0171k\u00f6d\u00e9si Szab\u00e1lyzat\u00e1t mindenki \u00e1ltal hozz\u00e1f\u00e9rhet\u0151 helyen&nbsp; kell elhelyezni :<\/p>\n\n\n\n<p>\u2013 k\u00f6nyvt\u00e1rban<\/p>\n\n\n\n<p>\u2013 az igazgat\u00f3i titk\u00e1rs\u00e1gon<\/p>\n\n\n\n<p>Domb\u00f3v\u00e1r, 2023. 09. 06.<\/p>\n","protected":false},"excerpt":{"rendered":"<p>A k\u00f6nyvt\u00e1r nyitva tart\u00e1sa: H\u00e9tf\u0151 :&nbsp;&nbsp;&nbsp;&nbsp;&nbsp;&nbsp;&nbsp;&nbsp;&nbsp;&nbsp;&nbsp;&nbsp;&nbsp;&nbsp;&nbsp;&nbsp;&nbsp; 8.00 -12.30&nbsp;&nbsp; 13.30 \u2013 16.00 Kedd :&nbsp; &nbsp;&nbsp;&nbsp;&nbsp;&nbsp;&nbsp;&nbsp;&nbsp;&nbsp;&nbsp; &nbsp;&nbsp;&nbsp;&nbsp;&nbsp; 8.00 -12.30&nbsp;&nbsp; 13.30 \u2013 16.00 Szerda: &nbsp;&nbsp;&nbsp;&nbsp;&nbsp;&nbsp;&nbsp;&nbsp;&nbsp;&nbsp;&nbsp;&nbsp;&nbsp;&nbsp;&nbsp; 8.00 -12.30&nbsp;&nbsp; 13.30 \u2013 16.00 Cs\u00fct\u00f6rt\u00f6k: &nbsp;&nbsp;&nbsp;&nbsp;&nbsp;&nbsp;&nbsp;&nbsp;&nbsp;&nbsp; 8.00 [&hellip;]<\/p>\n","protected":false},"author":2,"featured_media":0,"parent":0,"menu_order":0,"comment_status":"closed","ping_status":"closed","template":"","meta":{"ngg_post_thumbnail":0,"footnotes":""},"class_list":["post-1501","page","type-page","status-publish","hentry"],"_links":{"self":[{"href":"http:\/\/illyes-dombovar.hu\/honlap\/wp-json\/wp\/v2\/pages\/1501","targetHints":{"allow":["GET"]}}],"collection":[{"href":"http:\/\/illyes-dombovar.hu\/honlap\/wp-json\/wp\/v2\/pages"}],"about":[{"href":"http:\/\/illyes-dombovar.hu\/honlap\/wp-json\/wp\/v2\/types\/page"}],"author":[{"embeddable":true,"href":"http:\/\/illyes-dombovar.hu\/honlap\/wp-json\/wp\/v2\/users\/2"}],"replies":[{"embeddable":true,"href":"http:\/\/illyes-dombovar.hu\/honlap\/wp-json\/wp\/v2\/comments?post=1501"}],"version-history":[{"count":5,"href":"http:\/\/illyes-dombovar.hu\/honlap\/wp-json\/wp\/v2\/pages\/1501\/revisions"}],"predecessor-version":[{"id":18033,"href":"http:\/\/illyes-dombovar.hu\/honlap\/wp-json\/wp\/v2\/pages\/1501\/revisions\/18033"}],"wp:attachment":[{"href":"http:\/\/illyes-dombovar.hu\/honlap\/wp-json\/wp\/v2\/media?parent=1501"}],"curies":[{"name":"wp","href":"https:\/\/api.w.org\/{rel}","templated":true}]}}