{"id":1330,"date":"2020-05-27T13:38:12","date_gmt":"2020-05-27T13:38:12","guid":{"rendered":"http:\/\/teszt.illyes-dombovar.hu\/honlap\/?page_id=1330"},"modified":"2026-03-19T12:31:43","modified_gmt":"2026-03-19T11:31:43","slug":"hit-es-erkolcstan","status":"publish","type":"page","link":"http:\/\/illyes-dombovar.hu\/honlap\/hit-es-erkolcstan\/","title":{"rendered":"Hit- \u00e9s erk\u00f6lcstan"},"content":{"rendered":"\n<p class=\"has-normal-font-size\"><strong>A 2026\/2027-es tan\u00e9vben az al\u00e1bbi egyh\u00e1zak v\u00e1llalj\u00e1k a hit- \u00e9s erk\u00f6lcstan oktat\u00e1s megszervez\u00e9s\u00e9t int\u00e9zm\u00e9ny\u00fcnkben:<\/strong><\/p>\n\n\n\n<figure class=\"wp-block-table aligncenter is-style-stripes\" style=\"font-size:15px\"><table class=\"has-fixed-layout\"><tbody><tr><td class=\"has-text-align-center\" data-align=\"center\"><strong>Egyh\u00e1z<\/strong><\/td><td class=\"has-text-align-center\" data-align=\"center\"><strong>Hitoktat\u00f3<\/strong><\/td><td class=\"has-text-align-center\" data-align=\"center\"><strong>El\u00e9rhet\u0151s\u00e9g<\/strong><\/td><td class=\"has-text-align-center\" data-align=\"center\"><strong>T\u00e1j\u00e9koztat\u00f3k<\/strong><\/td><\/tr><tr><td class=\"has-text-align-center\" data-align=\"center\"><strong>Magyar Katolikus Egyh\u00e1z<\/strong><\/td><td class=\"has-text-align-center\" data-align=\"center\">Csullag G\u00e1bor &nbsp;<\/td><td class=\"has-text-align-center\" data-align=\"center\"><a rel=\"noreferrer noopener\" href=\"mailto:csullaggabor@gmail.com\" target=\"_blank\">csullaggabor@gmail.com<\/a><\/td><td class=\"has-text-align-center\" data-align=\"center\"><a href=\"http:\/\/illyes-dombovar.hu\/hittan\/romai_katolikus.pdf\" target=\"_blank\" rel=\"noreferrer noopener\"><strong>Let\u00f6lt\u00e9s<\/strong><\/a><br><a href=\"https:\/\/youtu.be\/MZSmB5CReWQ\" data-type=\"URL\" data-id=\"https:\/\/youtu.be\/MZSmB5CReWQ\" target=\"_blank\" rel=\"noreferrer noopener\">T\u00e1j\u00e9koztat\u00f3 kisfilm<\/a><br><a href=\"http:\/\/illyes-dombovar.hu\/hittan\/190212_szorolap_hit-es-erkolcstan_1 o_ny.pdf\" data-type=\"URL\" data-id=\"http:\/\/illyes-dombovar.hu\/hittan\/190212_szorolap_hit-es-erkolcstan_1 o_ny.pdf\" target=\"_blank\" rel=\"noreferrer noopener\">Sz\u00f3r\u00f3lap<\/a><br><a href=\"http:\/\/illyes-dombovar.hu\/hittan\/plakat_hit_es_erkolcstan.jpg\" data-type=\"URL\" data-id=\"http:\/\/illyes-dombovar.hu\/hittan\/plakat_hit_es_erkolcstan.jpg\" target=\"_blank\" rel=\"noreferrer noopener\">Plak\u00e1t<\/a><br><a href=\"http:\/\/illyes-dombovar.hu\/szuloi_tajekoztato_hit_es_erkolcstan_2023.pdf\" data-type=\"URL\" data-id=\"http:\/\/illyes-dombovar.hu\/szuloi_tajekoztato_hit_es_erkolcstan_2023.pdf\" target=\"_blank\" rel=\"noreferrer noopener\">Sz\u00fcl\u0151i t\u00e1j\u00e9koztat\u00f3 Hit \u00e9s erk\u00f6lcstan<\/a><\/td><\/tr><tr><td class=\"has-text-align-center\" data-align=\"center\"><strong>Magyarorsz\u00e1gi Reform\u00e1tus Egyh\u00e1z<\/strong><\/td><td class=\"has-text-align-center\" data-align=\"center\">Sipos El\u0151d Zolt\u00e1n<\/td><td class=\"has-text-align-center\" data-align=\"center\"><a rel=\"noreferrer noopener\" href=\"mailto:sez1988@gmail.com\" target=\"_blank\">sez1988@gmail.com<\/a>, <a href=\"https:\/\/reformatus.hu\/hittan\/\" target=\"_blank\" rel=\"noreferrer noopener\">https:\/\/reformatus.hu\/hittan\/<\/a><\/td><td class=\"has-text-align-center\" data-align=\"center\"><a rel=\"noreferrer noopener\" href=\"http:\/\/illyes-dombovar.hu\/hittan\/reformatus.pdf\" target=\"_blank\"><strong>Let\u00f6lt\u00e9s<\/strong><\/a><\/td><\/tr><tr><td class=\"has-text-align-center\" data-align=\"center\"><strong>Magyarorsz\u00e1gi Evang\u00e9likus Egyh\u00e1z<\/strong><br><\/td><td class=\"has-text-align-center\" data-align=\"center\">Kiss Anik\u00f3<\/td><td class=\"has-text-align-center\" data-align=\"center\"><a href=\"mailto:kissaniko.k@gmail.com\" target=\"_blank\" rel=\"noreferrer noopener\">kissaniko.k@gmail.com<\/a><\/td><td class=\"has-text-align-center\" data-align=\"center\"><a href=\"http:\/\/illyes-dombovar.hu\/hittan\/evangelikus.pdf\" target=\"_blank\" rel=\"noreferrer noopener\"><strong>Let\u00f6lt\u00e9s<\/strong><\/a><br><a href=\"https:\/\/www.evangelikus.hu\/tevekenysegeink\/hitoktatas\" data-type=\"URL\" data-id=\"https:\/\/www.evangelikus.hu\/tevekenysegeink\/hitoktatas\" target=\"_blank\" rel=\"noreferrer noopener\">Az Evang\u00e9likus hit- \u00e9s erk\u00f6lcstanoktat\u00e1sr\u00f3l b\u0151vebben<\/a><br><a href=\"https:\/\/hitoktatas.lutheran.hu\/wp-content\/uploads\/2025\/12\/Hittan_tajekoztato_webre_2025.pdf\" data-type=\"link\" data-id=\"http:\/\/illyes-dombovar.hu\/hittan\/tajekoztato-evangelikus-hitoktatas.pdf\" target=\"_blank\" rel=\"noreferrer noopener\"><strong>T\u00e1j\u00e9koztat\u00f3 let\u00f6lt\u00e9se<\/strong><\/a><\/td><\/tr><tr><td class=\"has-text-align-center\" data-align=\"center\"><strong>Magyarorsz\u00e1gi Metodista Egyh\u00e1z<\/strong><\/td><td class=\"has-text-align-center\" data-align=\"center\">Hecker M\u00e1rton<\/td><td class=\"has-text-align-center\" data-align=\"center\"><a href=\"mailto:heckermarton@gmail.com\" target=\"_blank\" rel=\"noreferrer noopener\">heckermarton@gmail.com<\/a><\/td><td class=\"has-text-align-center\" data-align=\"center\"><a rel=\"noreferrer noopener\" href=\"http:\/\/illyes-dombovar.hu\/hittan\/metodista.pdf\" target=\"_blank\"><strong>Let\u00f6lt\u00e9s<\/strong><\/a><\/td><\/tr><\/tbody><\/table><\/figure>\n\n\n\n<p class=\"has-normal-font-size\"><strong>Hit- \u00e9s erk\u00f6lcstan oktat\u00e1ssal kapcsolatos adatkezel\u00e9sr\u0151l<\/strong><\/p>\n\n\n\n<p><a rel=\"noreferrer noopener\" href=\"http:\/\/illyes-dombovar.hu\/adatkezelesi_erkolcstan.pdf\" target=\"_blank\" data-type=\"URL\" data-id=\"http:\/\/illyes-dombovar.hu\/adatkezelesi_erkolcstan.pdf\">Ide kattintva t\u00f6lthet\u0151 le.<\/a><\/p>\n","protected":false},"excerpt":{"rendered":"<p>A 2026\/2027-es tan\u00e9vben az al\u00e1bbi egyh\u00e1zak v\u00e1llalj\u00e1k a hit- \u00e9s erk\u00f6lcstan oktat\u00e1s megszervez\u00e9s\u00e9t int\u00e9zm\u00e9ny\u00fcnkben: Egyh\u00e1z Hitoktat\u00f3 El\u00e9rhet\u0151s\u00e9g T\u00e1j\u00e9koztat\u00f3k Magyar Katolikus Egyh\u00e1z Csullag G\u00e1bor &nbsp; csullaggabor@gmail.com Let\u00f6lt\u00e9sT\u00e1j\u00e9koztat\u00f3 kisfilmSz\u00f3r\u00f3lapPlak\u00e1tSz\u00fcl\u0151i t\u00e1j\u00e9koztat\u00f3 Hit \u00e9s [&hellip;]<\/p>\n","protected":false},"author":2,"featured_media":0,"parent":0,"menu_order":0,"comment_status":"closed","ping_status":"closed","template":"","meta":{"ngg_post_thumbnail":0,"footnotes":""},"class_list":["post-1330","page","type-page","status-publish","hentry"],"_links":{"self":[{"href":"http:\/\/illyes-dombovar.hu\/honlap\/wp-json\/wp\/v2\/pages\/1330","targetHints":{"allow":["GET"]}}],"collection":[{"href":"http:\/\/illyes-dombovar.hu\/honlap\/wp-json\/wp\/v2\/pages"}],"about":[{"href":"http:\/\/illyes-dombovar.hu\/honlap\/wp-json\/wp\/v2\/types\/page"}],"author":[{"embeddable":true,"href":"http:\/\/illyes-dombovar.hu\/honlap\/wp-json\/wp\/v2\/users\/2"}],"replies":[{"embeddable":true,"href":"http:\/\/illyes-dombovar.hu\/honlap\/wp-json\/wp\/v2\/comments?post=1330"}],"version-history":[{"count":37,"href":"http:\/\/illyes-dombovar.hu\/honlap\/wp-json\/wp\/v2\/pages\/1330\/revisions"}],"predecessor-version":[{"id":24941,"href":"http:\/\/illyes-dombovar.hu\/honlap\/wp-json\/wp\/v2\/pages\/1330\/revisions\/24941"}],"wp:attachment":[{"href":"http:\/\/illyes-dombovar.hu\/honlap\/wp-json\/wp\/v2\/media?parent=1330"}],"curies":[{"name":"wp","href":"https:\/\/api.w.org\/{rel}","templated":true}]}}