{"id":1328,"date":"2020-05-27T13:38:12","date_gmt":"2020-05-27T13:38:12","guid":{"rendered":"http:\/\/teszt.illyes-dombovar.hu\/honlap\/?page_id=1328"},"modified":"2022-08-30T13:25:00","modified_gmt":"2022-08-30T13:25:00","slug":"orarend","status":"publish","type":"page","link":"http:\/\/illyes-dombovar.hu\/honlap\/orarend\/","title":{"rendered":"\u00d3rarend"},"content":{"rendered":"\n<p>Az al\u00e1bbi linkre kattintva van lehet\u0151s\u00e9g megtekinteni vagy let\u00f6lteni az \u00f3rarendeket:<\/p>\n\n\n\n<div data-wp-interactive=\"core\/file\" class=\"wp-block-file\"><object data-wp-bind--hidden=\"!state.hasPdfPreview\" hidden class=\"wp-block-file__embed\" data=\"http:\/\/illyes-dombovar.hu\/honlap\/wp-content\/uploads\/2022\/08\/Orarendek.pdf\" type=\"application\/pdf\" style=\"width:100%;height:600px\" aria-label=\"Orarendek be\u00e1gyaz\u00e1sa be\u00e1gyaz\u00e1sa\"><\/object><a id=\"wp-block-file--media-880d9acf-7a3d-4491-9f54-6bce16119557\" href=\"http:\/\/illyes-dombovar.hu\/honlap\/wp-content\/uploads\/2022\/08\/Orarendek.pdf\">Orarendek<\/a><a href=\"http:\/\/illyes-dombovar.hu\/honlap\/wp-content\/uploads\/2022\/08\/Orarendek.pdf\" class=\"wp-block-file__button\" download aria-describedby=\"wp-block-file--media-880d9acf-7a3d-4491-9f54-6bce16119557\">Let\u00f6lt\u00e9s<\/a><\/div>\n\n\n\n<p>Az \u00f3rarend megnyit\u00e1s\u00e1hoz Adobe Reader program sz\u00fcks\u00e9ges, ami <a href=\"https:\/\/get.adobe.com\/hu\/reader\/\" target=\"_blank\" rel=\"noreferrer noopener\">innen<\/a> ingyenesen let\u00f6lthet\u0151.<\/p>\n","protected":false},"excerpt":{"rendered":"<p>Az al\u00e1bbi linkre kattintva van lehet\u0151s\u00e9g megtekinteni vagy let\u00f6lteni az \u00f3rarendeket: Az \u00f3rarend megnyit\u00e1s\u00e1hoz Adobe Reader program sz\u00fcks\u00e9ges, ami innen ingyenesen let\u00f6lthet\u0151.<\/p>\n","protected":false},"author":2,"featured_media":0,"parent":0,"menu_order":0,"comment_status":"closed","ping_status":"closed","template":"","meta":{"ngg_post_thumbnail":0,"footnotes":""},"class_list":["post-1328","page","type-page","status-publish","hentry"],"_links":{"self":[{"href":"http:\/\/illyes-dombovar.hu\/honlap\/wp-json\/wp\/v2\/pages\/1328","targetHints":{"allow":["GET"]}}],"collection":[{"href":"http:\/\/illyes-dombovar.hu\/honlap\/wp-json\/wp\/v2\/pages"}],"about":[{"href":"http:\/\/illyes-dombovar.hu\/honlap\/wp-json\/wp\/v2\/types\/page"}],"author":[{"embeddable":true,"href":"http:\/\/illyes-dombovar.hu\/honlap\/wp-json\/wp\/v2\/users\/2"}],"replies":[{"embeddable":true,"href":"http:\/\/illyes-dombovar.hu\/honlap\/wp-json\/wp\/v2\/comments?post=1328"}],"version-history":[{"count":3,"href":"http:\/\/illyes-dombovar.hu\/honlap\/wp-json\/wp\/v2\/pages\/1328\/revisions"}],"predecessor-version":[{"id":14540,"href":"http:\/\/illyes-dombovar.hu\/honlap\/wp-json\/wp\/v2\/pages\/1328\/revisions\/14540"}],"wp:attachment":[{"href":"http:\/\/illyes-dombovar.hu\/honlap\/wp-json\/wp\/v2\/media?parent=1328"}],"curies":[{"name":"wp","href":"https:\/\/api.w.org\/{rel}","templated":true}]}}