{"id":1284,"date":"2020-05-27T11:36:55","date_gmt":"2020-05-27T11:36:55","guid":{"rendered":"http:\/\/teszt.illyes-dombovar.hu\/honlap\/?page_id=1284"},"modified":"2020-05-27T19:00:18","modified_gmt":"2020-05-27T19:00:18","slug":"nevadonk","status":"publish","type":"page","link":"http:\/\/illyes-dombovar.hu\/honlap\/nevadonk\/","title":{"rendered":"N\u00e9vad\u00f3nk"},"content":{"rendered":"\n<p class=\"has-text-align-center has-medium-font-size\"><strong><em>Illy\u00e9s Gyul\u00e1ra (1902-1983) eml\u00e9kezve<\/em><\/strong><\/p>\n\n\n\n<div class=\"wp-block-image\"><figure class=\"aligncenter size-large is-resized\"><img loading=\"lazy\" decoding=\"async\" src=\"http:\/\/teszt.illyes-dombovar.hu\/honlap\/wp-content\/uploads\/2020\/05\/illyes_gyula.jpg\" alt=\"\" class=\"wp-image-1394\" width=\"206\" height=\"284\" srcset=\"http:\/\/illyes-dombovar.hu\/honlap\/wp-content\/uploads\/2020\/05\/illyes_gyula.jpg 436w, http:\/\/illyes-dombovar.hu\/honlap\/wp-content\/uploads\/2020\/05\/illyes_gyula-218x300.jpg 218w\" sizes=\"auto, (max-width: 206px) 100vw, 206px\" \/><\/figure><\/div>\n\n\n\n<p>\u00c9lete:<\/p>\n\n\n\n<p>Illy\u00e9s Gyula 1902. november 2-\u00e1n sz\u00fcletett a Tolna megyei Fels\u0151r\u00e1cegrespuszt\u00e1n. \u00c9desapja Ill\u00e9s J\u00e1nos (1870-1931), uradalmi g\u00e9p\u00e9sz, \u00e9desanyja K\u00e1llay Ida (1878-1931). Ferenc \u00e9s Kl\u00e1ra ut\u00e1n 3. gyermekk\u00e9nt sz\u00fcletett Gyula, aki \u00e9lete els\u0151 9 \u00e9v\u00e9t t\u00f6lt\u00f6tte sz\u00fcl\u0151hely\u00e9n.<\/p>\n\n\n\n<p>Az elemi iskol\u00e1t a pusztai n\u00e9piskol\u00e1ban (1908-1912) kezdte, majd 1912-ben, amikor a csal\u00e1d Simontorny\u00e1ra k\u00f6lt\u00f6z\u00f6tt, ott fejezte be a negyediket (1912), s v\u00e9gezte el az \u00f6t\u00f6diket (1912-1913). A gimn\u00e1zium als\u00f3 oszt\u00e1lyait t\u00f6bb helyen v\u00e9gezte: Domb\u00f3v\u00e1ron (1913-1914), Bonyh\u00e1don (1914-1916), \u00e9s a budapesti Munk\u00e1csy Mih\u00e1ly utcai gimn\u00e1ziumban (1916-1917). 1916-ban sz\u00fclei elv\u00e1ltak, anyj\u00e1val Budapestre k\u00f6lt\u00f6ztek. A fels\u0151 oszt\u00e1lyokat az Izabella utcai kereskedelmi iskol\u00e1ban (1917-1921) v\u00e9gezte. 1921-ben \u00e9retts\u00e9gizett. 1918-1919-ben r\u00e9szt vett a balatoni di\u00e1k- \u00e9s ifj\u00famunk\u00e1s mozgalomban, ott volt a rom\u00e1nok elleni szolnoki csat\u00e1ban. 1920. december 22-\u00e9n jelent meg els\u0151 verse (El ne ess\u00e9l, testv\u00e9r) n\u00e9v n\u00e9lk\u00fcl a <a href=\"http:\/\/hu.wikipedia.org\/wiki\/N%C3%A9pszava\">N\u00e9pszav\u00e1ban<\/a>.<\/p>\n\n\n\n<p>1921 \u0151sz\u00e9t\u0151l a budapesti egyetem magyar\u2013francia szakos hallgat\u00f3ja volt. Illeg\u00e1lis tev\u00e9kenys\u00e9g\u00e9\u00e9rt v\u00e1rhat\u00f3 letart\u00f3ztat\u00e1sa el\u0151l 1921 december\u00e9ben siker\u00fclt B\u00e9csbe t\u00e1voznia, majd Berlinen \u00e9s a Rajna-vid\u00e9ken \u00e1t 1922. \u00e1prilis 24-\u00e9n \u00e9rkezett P\u00e1rizsba. Alkalmi \u00e1ll\u00e1sok ut\u00e1n egy k\u00f6nyvk\u00f6t\u0151m\u0171helyben dolgozott. Egy ideig a <a href=\"http:\/\/hu.wikipedia.org\/wiki\/Sorbonne\">Sorbonne<\/a> hallgat\u00f3ja volt. 1923-ban els\u0151 cikkeit, ford\u00edt\u00e1sait az \u00c9k \u00e9s a Ma k\u00f6z\u00f6lte. 1926 nyar\u00e1n amnesztia nyom\u00e1n haza\u00e9rkezett. F\u0151 f\u00f3ruma a Kass\u00e1k Lajos \u00e1ltal szerkesztett Dokumentum, majd a Munka lett.<\/p>\n\n\n\n<p>1927-1930-ban a Ph\u0151nix Biztos\u00edt\u00f3 T\u00e1rsas\u00e1g hivatalnoka volt. 1927. november 16-\u00e1n megjelent els\u0151 kritikai \u00edr\u00e1sa a <a href=\"http:\/\/hu.wikipedia.org\/wiki\/Nyugat_%28foly%C3%B3irat%29\">Nyugatban<\/a>.1928-t\u00f3l a Nyugat rendszeresen k\u00f6z\u00f6lte verseit, cikkeit. Bar\u00e1ts\u00e1got k\u00f6t\u00f6tt <a href=\"http:\/\/hu.wikipedia.org\/wiki\/J%C3%B3zsef_Attila\">J\u00f3zsef Attil\u00e1val<\/a>, <a href=\"http:\/\/hu.wikipedia.org\/wiki\/N%C3%A9meth_L%C3%A1szl%C3%B3\">N\u00e9meth L\u00e1szl\u00f3val<\/a>, <a href=\"http:\/\/hu.wikipedia.org\/wiki\/Szab%C3%B3_L%C5%91rinc\">Szab\u00f3 L\u0151rinccel<\/a>, <a href=\"http:\/\/hu.wikipedia.org\/wiki\/Erd%C3%A9lyi_J%C3%B3zsef\">Erd\u00e9lyi J\u00f3zseffel<\/a>. Els\u0151 k\u00f6tete a <em>Nyugat<\/em> kiad\u00e1s\u00e1ban jelent meg (Neh\u00e9z f\u00f6ld, 1928). 1931-ben feles\u00e9g\u00fcl vette Juvancz Irma gy\u00f3gytornatan\u00e1rn\u0151t. 1934-ben az els\u0151 \u00edr\u00f3kongresszusra val\u00f3 megh\u00edv\u00e1s alapj\u00e1n hosszabb utaz\u00e1st tett a Szovjetuni\u00f3ban.<\/p>\n\n\n\n<p>1934-1938-ig a V\u00e1lasz, 1935-ben az \u00daj Szellemi Front munkat\u00e1rsa, 1937. m\u00e1rcius 15-\u00e9n egyik alap\u00edt\u00f3ja M\u00e1rciusi Front-nak, r\u00e9szt vett a Front szervez\u00e9s\u00e9ben. 1937-t\u0151l a Nyugat t\u00e1rsszerkeszt\u0151je; 1944-ig a Nemzeti Bank sajt\u00f3referense francia mez\u0151gazdas\u00e1gi \u00fcgyekben; elv\u00e1lt Juvancz Irm\u00e1t\u00f3l. 1939-ben feles\u00e9g\u00fcl vette Kozmutza Fl\u00f3r\u00e1t, akit\u0151l M\u00e1ria nev\u0171 l\u00e1nya sz\u00fcletett 1940-ben. 1941-ben, Babits Mih\u00e1ly hal\u00e1la ut\u00e1n a Nyugat \u00f6r\u00f6k\u00e9be l\u00e9p\u0151 Magyar Csillag (1941. okt\u00f3ber 1. \u2013 1944. m\u00e1rcius 19.) szerkeszt\u0151je.<\/p>\n\n\n\n<p>1944 m\u00e1rcius\u00e1t\u00f3l N\u00e9meth L\u00e1szl\u00f3val a Dun\u00e1nt\u00falon \u00e9s Budapesten b\u00fajk\u00e1lt. 1945-ben nemzetgy\u0171l\u00e9si, majd r\u00f6vid ideig orsz\u00e1ggy\u0171l\u00e9si k\u00e9pvisel\u0151. 1946-ig a Nemzeti Paraszt P\u00e1rt egyik vezet\u0151je. 1945-1949 k\u00f6z\u00f6tt a <a href=\"http:\/\/hu.wikipedia.org\/wiki\/Magyar_Tudom%C3%A1nyos_Akad%C3%A9mia\">Magyar Tudom\u00e1nyos Akad\u00e9mia<\/a> tagja (1989-ben MTA tags\u00e1g\u00e1t vissza\u00e1ll\u00edtott\u00e1k). 1946 okt\u00f3ber\u00e9t\u0151l 1949 j\u00fanius\u00e1ig a V\u00e1lasz szerkeszt\u0151je. 1948-t\u00f3l visszavonult a k\u00f6z\u00e9lett\u0151l. 1956. okt\u00f3ber 31-\u00e9n bev\u00e1lasztott\u00e1k a Pet\u0151fi P\u00e1rt Ir\u00e1ny\u00edt\u00f3 Test\u00fclet\u00e9be. 1983. \u00e1prilis 15-\u00e9n hunyt el Budapesten.<\/p>\n\n\n\n<p>M\u0171vei:<\/p>\n\n\n\n<p>Neh\u00e9z f\u00f6ld (1928), Sarj\u00farendek (1931), H\u00e1rom \u00f6reg (1932), H\u0151s\u00f6kr\u0151l besz\u00e9lnek (1933),<br>Ifj\u00fas\u00e1g (1934), Oroszorsz\u00e1g (1934), Sz\u00e1ll\u00f3 egek alatt (1935), Pet\u0151fi (1936), Puszt\u00e1k n\u00e9pe (1936), Rend a romokban (1937), Magyarok (1938), K\u00fcl\u00f6n vil\u00e1gban (1939), Ki a magyar? (1939), L\u00e9lek \u00e9s keny\u00e9r (1939), \u00d6sszegy\u0171jt\u00f6tt versei (1940), Csizma az asztalon (1941), Kora tavasz (1941), Bart\u00f3k (1955), Hetvenh\u00e9t magyar n\u00e9pmese<\/p>\n\n\n\n<p><strong>Kit\u00fcntet\u00e9sei:<\/strong><\/p>\n\n\n\n<p>* Baumgarten-d\u00edj (1931, 1933, 1934, 1936)<br>* Kossuth-d\u00edj (1948, 1953, 1970)<br>* J\u00f3zsef Attila-d\u00edj (1950)<br>* A Le Grand Prix International de Po\u00e9sie d\u00edja (1966)<br>* Knokkei Irodalmi Nagyd\u00edj (1966)<br>* Tan\u00e1csk\u00f6zt\u00e1rsas\u00e1gi Eml\u00e9k\u00e9rem (1969)<br>* Herder-d\u00edj (1970)<br>* Bats\u00e1nyi-d\u00edj (1971)<br>* Az Ordre des Arts et des Lettres parancsnoki fokozata (1971)<br>* A Munka V\u00f6r\u00f6s Z\u00e1szl\u00f3 \u00c9rdemrendje (1972)<br>* A Magyar N\u00e9pk\u00f6zt\u00e1rsas\u00e1g Bab\u00e9rkoszor\u00faval \u00c9kes\u00edtett Z\u00e1szl\u00f3rendje (1977)<br>* Prix des Amiti\u00e9s Fran\u00e7aises-d\u00edj (1978)<br>* Pro Urbe P\u00e9cs (1982)<br>* A Magyar N\u00e9pk\u00f6zt\u00e1rsas\u00e1g Rubinokkal \u00c9kes\u00edtett Z\u00e1szl\u00f3rendje (1982)<br>* A Magyar Tudom\u00e1nyos Akad\u00e9mia tagja 1945-1949, 1989-ben vissza\u00e1ll\u00edtott\u00e1k MTA tags\u00e1g\u00e1t.<\/p>\n\n\n\n<p><em>Forr\u00e1s: <a href=\"http:\/\/hu.wikipedia.org\/wiki\/Illy%C3%A9s_Gyula\">WIKI<\/a><\/em><\/p>\n\n\n\n<p><strong>Illy\u00e9s Gyula Domb\u00f3v\u00e1rr\u00f3l:<\/strong><\/p>\n\n\n\n<p>\u201eAz \u00e9n \u00e9letemben Domb\u00f3v\u00e1r volt az els\u0151 v\u00e1ros, csak vallom\u00e1sokban tudok besz\u00e9lni r\u00f3la. Az id\u00e9n ny\u00e1ron h\u00e1romszor-n\u00e9gyszer is volt r\u00e9szem abban a sz\u00edvdobogtat\u00f3 \u00e9rz\u00e9sben, [\u2026] amely h\u00fasz \u00e9v el\u0151tt \u00farhodott el rajtam, mikor az \u00fajdomb\u00f3v\u00e1ri p\u00e1lyaudvaron csomagjainkat egy percre a f\u00f6ldre rakva ap\u00e1mmal, any\u00e1mmal \u00e9s k\u00e9t testv\u00e9remmel \u00e1tadtuk a kapusnak a k\u00e1v\u00e9barna jegyet, s az \u00fcveges ajt\u00f3n \u00e1t, mely mindegyik\u00f6nk ut\u00e1n r\u00f6gt\u00f6n becsap\u00f3dott, kiverg\u0151dt\u00fcnk a v\u00e1rosba, \u00e1lmaink \u00e9s rem\u00e9nyeink csodav\u00e1r\u00e1ba, csal\u00e1dunk sz\u00e9khely\u00e9be, hol hatalmas rokonaink \u00e9ltek, k\u00e9t vend\u00e9gl\u0151s, k\u00e9t m\u00e9sz\u00e1rosmester \u00e9s egy k\u00f6ztisztvisel\u0151. [\u2026]<br>Ha igaz, hogy az ember eg\u00e9sz \u00e9let\u00e9re egy t\u00e1jba gy\u00f6kerezik el, dun\u00e1nt\u00fali gy\u00f6kereim k\u00f6z\u00fcl az egyik leger\u0151sebb az, amely Domb\u00f3v\u00e1rb\u00f3l t\u00e1pl\u00e1lkozott, r\u00f6videsen csak Domb\u00f3v\u00e1r eml\u00e9k\u00e9b\u0151l. A csal\u00e1di konz\u00edlium az els\u0151 gimn\u00e1ziumi \u00e9v ut\u00e1n, mint \u00e9rdemtelent, kik\u00f6z\u00f6s\u00edtett mag\u00e1b\u00f3l \u00e9s a v\u00e1rosb\u00f3l. Ennek k\u00f6sz\u00f6nhettem, hogy igaz\u00e1n megismerhettem. Tizenegy \u00e9ves Coriol\u00e1nus, sanda szemmel n\u00e9ztem a t\u00e1volb\u00f3l a v\u00e1ros \u00e9let\u00e9t. Ragaszkodtam hozz\u00e1, ahogy csak egy f\u00fcstbement \u00e1br\u00e1ndhoz, egy sz\u00e9tesett mesevil\u00e1ghoz ragaszkodhat a l\u00e9lek, a gyermeki \u00e9s a feln\u0151tt egyar\u00e1nt. [\u2026] F\u00f6lt\u00fartam a v\u00e1ros m\u00faltj\u00e1t, mint egy h\u0171tlen kedves\u00e9t. Lesz\u00e1lltam a sz\u00e1zadokba, mikor d\u00e9dap\u00e1im m\u00e9g birk\u00e1t legeltettek a Kapos pasokjain \u00e9s diszn\u00f3t makkoltattak a hercegi erd\u0151kben. Kider\u00fclt, hogy \u0151si domb\u00f3v\u00e1riak vagyunk, s ez b\u00fcszkes\u00e9ggel \u00e9s daccal t\u00f6lt\u00f6tt el. Az \u00e9l\u0151kr\u0151l egyre kevesebbet, a holtakr\u00f3l egyre t\u00f6bbet tudtam meg. [\u2026] Megismerkedtem Domb\u00f3 J\u00e1nossal, aki Werb\u0151czi Istv\u00e1n l\u00e1ny\u00e1t vette feles\u00e9g\u00fcl. Werb\u0151czi annakidej\u00e9n D\u00f6br\u00f6k\u00f6zr\u0151l n\u0151s\u00fclt, ahol nekem is volt l\u00e1nyismer\u0151s\u00f6m. \u00d6sszekevertem eleveneket \u00e9s holtakat. A hajdanval\u00f3 Panniknak \u00e9s Katalinoknak szem\u00fck sz\u00edn\u00e9t is l\u00e1ttam, nem voltak l\u00e9gnem\u0171bbek azokn\u00e1l, akikkel \u00e9n kerget\u0151ztem a Szuhay-dombon. T\u00f6r\u00f6k B\u00e1lint alakj\u00e1t, aki \u00e1t-\u00e1tnyargalt Enyingr\u0151l Domb\u00f3v\u00e1rra, k\u00e9pzeletem ma is B.J. bar\u00e1tomr\u00f3l mint\u00e1zza, akivel a Kapos partj\u00e1n \u00e9n is nyargal\u00e1sztam az \u0151rz\u00e9s\u00fcnkre b\u00edzott lovakon. Domb\u00f3v\u00e1ron \u00e1t k\u00f6t\u0151dtem a m\u00falthoz, azaz a n\u00e9pk\u00f6z\u00f6ss\u00e9ghez, melynek nyelv\u00e9t besz\u00e9ltem. [\u2026]<br>Ahogy a vil\u00e1got felfedeztem, olyan m\u00e9rt\u00e9kben fedeztem fel Domb\u00f3v\u00e1rt is. K\u00fclf\u00f6ldr\u0151l megt\u00e9rve ki-kisz\u00e1lltam az \u00e1llom\u00e1son, pr\u00f3bak\u00e9ppen v\u00e9gighordoztam \u00f6ntelts\u00e9gemet a v\u00e1roson, hogy megal\u00e1zzam. Nem hat\u00f3dott meg; lassank\u00e9nt \u00e9n kezdtem meghuny\u00e1szkodni. A sivatag sz\u00e9less\u00e9g\u0171 Hunyadi t\u00e9r gy\u00f6ny\u00f6r\u0171 eperfasora a lengyel v\u00e1rosokra eml\u00e9keztetett. A Korona sz\u00e1ll\u00f3 mellett az \u00f3domb\u00f3v\u00e1ri \u00e1llom\u00e1shoz hirtelen lefut\u00f3 utc\u00e1ban Udine egyik legolaszosabb r\u00e9sze jutott eszembe. A v\u00e1ros mintha megr\u00e1zk\u00f3dott \u00e9s levette volna lepleit. Egym\u00e1sut\u00e1n riadtam r\u00e1 titkaira. [\u2026] A temet\u0151 el\u0151tt eln\u00e9ztem a Kapos lap\u00e1ly\u00e1n Kaposv\u00e1r fel\u00e9; Nyizsnij-Novgorod k\u00f6rny\u00e9k\u00e9n csillognak ily sz\u0171zi \u00fcdes\u00e9gben a dombok \u00e9s a v\u00f6lgyek.<br>Egy d\u00e9lut\u00e1n megkedveltem Domb\u00f3v\u00e1rt, v\u00e9gre otthon \u00e9reztem magamat benne [\u2026].<\/p>\n","protected":false},"excerpt":{"rendered":"<p>Illy\u00e9s Gyul\u00e1ra (1902-1983) eml\u00e9kezve \u00c9lete: Illy\u00e9s Gyula 1902. november 2-\u00e1n sz\u00fcletett a Tolna megyei Fels\u0151r\u00e1cegrespuszt\u00e1n. \u00c9desapja Ill\u00e9s J\u00e1nos (1870-1931), uradalmi g\u00e9p\u00e9sz, \u00e9desanyja K\u00e1llay Ida (1878-1931). Ferenc \u00e9s Kl\u00e1ra ut\u00e1n 3. [&hellip;]<\/p>\n","protected":false},"author":2,"featured_media":0,"parent":0,"menu_order":0,"comment_status":"closed","ping_status":"closed","template":"","meta":{"ngg_post_thumbnail":0,"footnotes":""},"class_list":["post-1284","page","type-page","status-publish","hentry"],"_links":{"self":[{"href":"http:\/\/illyes-dombovar.hu\/honlap\/wp-json\/wp\/v2\/pages\/1284","targetHints":{"allow":["GET"]}}],"collection":[{"href":"http:\/\/illyes-dombovar.hu\/honlap\/wp-json\/wp\/v2\/pages"}],"about":[{"href":"http:\/\/illyes-dombovar.hu\/honlap\/wp-json\/wp\/v2\/types\/page"}],"author":[{"embeddable":true,"href":"http:\/\/illyes-dombovar.hu\/honlap\/wp-json\/wp\/v2\/users\/2"}],"replies":[{"embeddable":true,"href":"http:\/\/illyes-dombovar.hu\/honlap\/wp-json\/wp\/v2\/comments?post=1284"}],"version-history":[{"count":2,"href":"http:\/\/illyes-dombovar.hu\/honlap\/wp-json\/wp\/v2\/pages\/1284\/revisions"}],"predecessor-version":[{"id":1396,"href":"http:\/\/illyes-dombovar.hu\/honlap\/wp-json\/wp\/v2\/pages\/1284\/revisions\/1396"}],"wp:attachment":[{"href":"http:\/\/illyes-dombovar.hu\/honlap\/wp-json\/wp\/v2\/media?parent=1284"}],"curies":[{"name":"wp","href":"https:\/\/api.w.org\/{rel}","templated":true}]}}