{"id":1283,"date":"2020-05-27T11:36:55","date_gmt":"2020-05-27T11:36:55","guid":{"rendered":"http:\/\/teszt.illyes-dombovar.hu\/honlap\/?page_id=1283"},"modified":"2020-09-07T10:01:23","modified_gmt":"2020-09-07T10:01:23","slug":"iskolank-tortenete","status":"publish","type":"page","link":"http:\/\/illyes-dombovar.hu\/honlap\/iskolank-tortenete\/","title":{"rendered":"Iskol\u00e1nk t\u00f6rt\u00e9nete"},"content":{"rendered":"\n<figure class=\"wp-block-table\"><table><tbody><tr><td><strong>A Domb\u00f3v\u00e1ri Illy\u00e9s Gyula Gimn\u00e1zium bemutat\u00e1sa<\/strong><\/td><td>&nbsp;<\/td><\/tr><\/tbody><\/table><\/figure>\n\n\n\n<p>A sz\u00e1zad els\u0151 \u00e9vtized\u00e9ben a rohamosan gyarapod\u00f3 Domb\u00f3v\u00e1ron felmer\u00fclt egy gimn\u00e1zium alap\u00edt\u00e1s\u00e1nak sz\u00fcks\u00e9gess\u00e9ge. A polg\u00e1rok t\u00f6rekv\u00e9seit siker koron\u00e1zta: a VKM enged\u00e9lyezte, hogy \u201ekatholikus f\u0151gimn\u00e1zium\u201d l\u00e9tes\u00fclj\u00f6n. 1913 szeptember\u00e9ben a mai Belv\u00e1rosi Iskola Szabads\u00e1g utcai \u00e9p\u00fclet\u00e9ben \u00fclt iskolapadba a 111 els\u0151s kisdi\u00e1k, k\u00f6zt\u00fck mai n\u00e9vad\u00f3nk, Illy\u00e9s Gyula. 1921-ben rendezt\u00e9k az els\u0151 \u00e9retts\u00e9gi vizsg\u00e1kat, s ez \u00e9vben lett az iskola neve: \u201e Domb\u00f3v\u00e1ri kir. kath. Esterh\u00e1zy Mikl\u00f3s f\u0151gimn\u00e1zium\u201d. Az ideiglenes elhelyez\u00e9s k\u00f6zel k\u00e9t \u00e9vtizeden \u00e1t megmaradt. 1927-ben dr. Klebelsberg Kun\u00f3 kultuszminiszter \u00faj \u00e9p\u00fclet l\u00e9tes\u00edt\u00e9s\u00e9re tett 700000 peng\u0151 aj\u00e1nlatot, ha a k\u00f6zs\u00e9g ezt a sz\u00fcks\u00e9ges, k\u00f6zel egymilli\u00f3 peng\u0151ig kieg\u00e9sz\u00edti.<\/p>\n\n\n\n<p>1928-ban Alp\u00e1r Ign\u00e1c vezet\u00e9s\u00e9vel, domb\u00f3v\u00e1ri iparosok k\u00f6zrem\u0171k\u00f6d\u00e9s\u00e9vel kezd\u0151d\u00f6tt az \u00e9p\u00edtkez\u00e9s, \u00e9s ma szinte hihetetlen, hogy pontosan egy \u00e9v eltelt\u00e9vel a v\u00e1rosnak ma is d\u00edsz\u00e9re v\u00e1l\u00f3 pomp\u00e1s, minden ig\u00e9nyt kiel\u00e9g\u00edt\u0151 \u00e9p\u00fcletbe k\u00f6lt\u00f6zhetett a tan\u00e1ri kar \u00e9s a tanul\u00f3ifj\u00fas\u00e1g. Az \u00e9p\u00edt\u0151k kiv\u00e1l\u00f3 munk\u00e1j\u00e1t jelzi, hogy az\u00f3ta csak a tet\u0151zetet, a f\u0171t\u00e9si \u00e9s csatornarendszert kellett teljes eg\u00e9sz\u00e9ben fel\u00faj\u00edtani.<\/p>\n\n\n\n<p>Az oktat\u00e1s 1948-ig nyolc \u00e9vfolyamon folyt, \u00e9vfolyamonk\u00e9nt egy-egy oszt\u00e1lyban, a harmincas, negyvenes \u00e9vekben m\u00e1r 40-n\u00e9l is t\u00f6bb jel\u00f6lt \u00e9retts\u00e9gizett \u00e9venk\u00e9nt. \u00c9rdemes megeml\u00edteni, hogy a l\u00e1nyok eg\u00e9szen az \u00f6tvenes \u00e9vekig csak mag\u00e1ntanul\u00f3k\u00e9nt tanulhattak.<\/p>\n\n\n\n<p>A gimn\u00e1zium neve 1945-t\u0151l az 1948-as \u00e1llamos\u00edt\u00e1sig szinte tan\u00e9venk\u00e9nt v\u00e1ltozott, majd 1950. augusztus 31-t\u0151l 1989. augusztus 31-ig G\u0151g\u00f6s Ign\u00e1c nev\u00e9t viselte.<\/p>\n\n\n\n<p>A gimn\u00e1zium tanulm\u00e1nyi rendj\u00e9nek magas sz\u00ednvonal\u00e1t biztos\u00edtotta, hogy az int\u00e9zm\u00e9ny \u00e9l\u00e9n olyan igazgat\u00f3k \u00e1lltak, akik a politika gyors fordulatait lehet\u0151s\u00e9g szerint igyekeztek a kapunk k\u00edv\u00fcl tartani. Kev\u00e9s iskola mondhatja el mag\u00e1r\u00f3l, hogy az elm\u00falt k\u00f6zel hatvan \u00e9vben mind\u00f6ssze \u00f6t igazgat\u00f3ja volt (Szanyi Istv\u00e1n, Mikl\u00f3s P\u00e9ter, Gelencs\u00e9r J\u00f3zsef, dr. Berta B\u00e1lint, dr. Szeny\u00e9ri Zolt\u00e1n).<\/p>\n\n\n\n<p>A vid\u00e9ki tanul\u00f3k mindig jelent\u0151s sz\u00e1mban tanulhattak a gimn\u00e1ziumban, helyzet\u00fcket jelent\u0151sen megk\u00f6nny\u00edtette, hogy 1946-ban megnyitott\u00e1k a Gyenis Antal N\u00e9pi Koll\u00e9giumot, 1972-ben elk\u00e9sz\u00fclt a gimn\u00e1zium telk\u00e9n az \u00faj, 84 tanul\u00f3t befogad\u00f3 \u00e9p\u00fclet, amelybe 1978-ban a l\u00e1nyok is \u00e1tk\u00f6lt\u00f6ztek.<\/p>\n\n\n\n<p>A hatvanas \u00e9vekben a l\u00e9tsz\u00e1m 600 f\u00f6l\u00e9 emelkedett, egy-egy \u00e9vben n\u00e9gy-n\u00e9gy p\u00e1rhuzamos oszt\u00e1lyban is tanultak gimnazist\u00e1k. \u00dajdons\u00e1gk\u00e9nt megjelent a k\u00e9s\u0151bb nem t\u00fal sikeresnek \u00edt\u00e9lt 5+1-es oktat\u00e1si forma. Az 1962-63-as tan\u00e9v a jubileum jegy\u00e9ben telt el. Az alap\u00edt\u00e1s \u00f6tvenedik \u00e9vfordul\u00f3j\u00e1n 1963. j\u00fanius 23-\u00e1n az \u00f6regdi\u00e1kok, \u00e9rdekl\u0151d\u0151 domb\u00f3v\u00e1riak sz\u00e1zai vettek r\u00e9szt az iskola udvar\u00e1n az eg\u00e9sz napos rendezv\u00e9nyen.<\/p>\n\n\n\n<p>A k\u00f6vetkez\u0151 \u00e9vekben szervez\u0151dtek a tagozatos oszt\u00e1lyok: el\u0151sz\u00f6r olasz \u00e9s francia nyelvb\u0151l, majd ez ut\u00f3bbi helyett n\u00e9metb\u0151l. A fizika tagozatr\u00f3l minden \u00e9vben az \u00e9retts\u00e9giz\u0151k jelent\u0151s r\u00e9sze folytatta fels\u0151fok\u00fa tanulm\u00e1nyait m\u0171szaki egyetemeken, f\u0151iskol\u00e1kon.<\/p>\n\n\n\n<p>1981-82-ben a k\u00f6telez\u0151 fakult\u00e1ci\u00f3s rendszer v\u00e1ltotta fel a tagozatos oktat\u00e1st, amely csak r\u00e9szben v\u00e1lt be. A kilencvenes \u00e9vekben \u00fajj\u00e1szervezt\u00fck \u201especi\u00e1lis tanterv\u0171 oszt\u00e1ly\u201d-ok n\u00e9ven a tagozatos rendszert. Eredm\u00e9nyesen m\u0171k\u00f6d\u00f6tt a matematika speci\u00e1lis tanterv szerinti oktat\u00e1s, amelyet a sz\u00e1m\u00edt\u00e1stechnika ir\u00e1nt mutatkoz\u00f3 nagy \u00e9rdekl\u0151d\u00e9s miatt az 1997-98-as tan\u00e9vben matematika-sz\u00e1m\u00edt\u00e1stechnika speci\u00e1lis tanterv\u0171 csoportt\u00e1 szervezt\u00fcnk \u00e1t.<\/p>\n\n\n\n<p>1998-ban \u00e9retts\u00e9giztek el\u0151sz\u00f6r a n\u00e9met speci\u00e1lis tanterv\u0171 csoport tanul\u00f3i, valamennyien m\u00e1r a harmadik oszt\u00e1lyban k\u00f6z\u00e9pfok\u00fa \u201eC\u201d t\u00edpus\u00fa nyelvvizsg\u00e1t tettek.<\/p>\n\n\n\n<p>1988-ban int\u00e9zm\u00e9ny\u00fcnkbe helyezt\u00e9k \u00e1t az eg\u00e9szs\u00e9g\u00fcgyi szakk\u00f6z\u00e9piskolai oszt\u00e1lyt. A hat \u00e9v alatt, am\u00edg itt m\u0171k\u00f6d\u00f6tt a tagozat, nem cs\u00f6kkent az oktat\u00e1s sz\u00ednvonala. Ezt bizony\u00edtja, hogy a vegyes t\u00edpus\u00fa k\u00f6z\u00e9piskol\u00e1k felv\u00e9teli statisztik\u00e1ja alapj\u00e1n \u00f6ssze\u00e1ll\u00edtott rangsorban iskol\u00e1nk orsz\u00e1gosan az els\u0151 t\u00edzbe ker\u00fclt.<\/p>\n\n\n\n<p>1987-ben jubileumi \u00fcnneps\u00e9gsorozattal eml\u00e9kezt\u00fcnk meg alap\u00edt\u00e1sunk 75. \u00e9vfordul\u00f3j\u00e1r\u00f3l. Az akkor kiadott \u00e9vk\u00f6nyv haszn\u00e1b\u00f3l restaur\u00e1ltattuk Marczell Gy\u00f6rgy gy\u00f6ny\u00f6r\u0171 secc\u00f3j\u00e1t, amelynek avat\u00e1sa egybeesett Illy\u00e9s Gyula nev\u00e9nek felv\u00e9tel\u00e9vel. Az eml\u00e9kezetes \u00fcnneps\u00e9gen volt tan\u00edtv\u00e1nyunk, R\u00e1tkai Ferenc m\u0171vel\u0151d\u00e9si miniszterhelyettes mondott besz\u00e9det, Sinkovits Imre sz\u00ednm\u0171v\u00e9sz versmond\u00e1sa emelte az esem\u00e9ny rangj\u00e1t. A Marczell-secco k\u00e9peslap v\u00e1ltozat\u00e1nak \u00e9rt\u00e9kes\u00edt\u00e9s\u00e9vel siker\u00fclt Sarkanty\u00fa Simon secc\u00f3j\u00e1nak restaur\u00e1l\u00e1sa is.<\/p>\n\n\n\n<p>1991. szeptember\u00e9ben \u00fajra 10 \u00e9vesek l\u00e9ptek be iskol\u00e1nk kapuj\u00e1n. Iskol\u00e1nk az orsz\u00e1gban az els\u0151k k\u00f6z\u00f6tt kezdem\u00e9nyezte a nyolcoszt\u00e1lyos gimn\u00e1ziumi oktat\u00e1s bevezet\u00e9s\u00e9t. Az \u00e9rdekl\u0151d\u00e9s minden v\u00e1rakoz\u00e1st fel\u00fclm\u00falt, az els\u0151 tan\u00e9vre 96 negyedik oszt\u00e1lyos kisdi\u00e1k jelentkezett, amely az\u00f3ta is a jelentkez\u00e9si cs\u00facs. A tov\u00e1bbi \u00e9vekben a jelentkez\u0151k sz\u00e1ma fokozatosan cs\u00f6kkent. De ez a folyamat az elm\u00falt n\u00e9h\u00e1ny tan\u00e9vben meg\u00e1llt, s stabilan 35-40 f\u0151 jelentkezett a tagozatra. Domb\u00f3v\u00e1r V\u00e1ros \u00d6nkorm\u00e1nyzata a k\u00f6vetkez\u0151 5 \u00e9vre sz\u00f3l\u00f3 pedag\u00f3giai koncepci\u00f3j\u00e1ban 2004-ben n\u00e9v szerinti szavaz\u00e1ssal d\u00f6nt\u00f6tt arr\u00f3l, hogy az Illy\u00e9s Gyula Gimn\u00e1ziumban a nyolcoszt\u00e1lyos tagozatot tov\u00e1bbra is m\u0171k\u00f6dtetni k\u00edv\u00e1nja. Sok-sok vita ut\u00e1n fenntart\u00f3nk 2009 tavasz\u00e1n meger\u0151s\u00edtette enged\u00e9ly\u00e9t arr\u00f3l, hogy enged\u00e9lyezi a tagozat ind\u00edt\u00e1s\u00e1t.<\/p>\n\n\n\n<p>A tagozatra nagyon nagy ig\u00e9ny mutatkozik a sz\u00fcl\u0151k \u00e9s a gyermekek r\u00e9sz\u00e9r\u0151l, s szerint\u00fcnk mindenek feletti a gyermek (a sz\u00fcl\u0151) joga, hogy megv\u00e1laszthassa a k\u00e9pess\u00e9geinek, ig\u00e9nyeinek megfelel\u0151 k\u00e9pz\u00e9st. Az elm\u00falt \u00e9vekben kiv\u00e1l\u00f3 eredm\u00e9nyekkel \u00e9retts\u00e9giztek a nyolcoszt\u00e1lyos di\u00e1kok, az \u00e9retts\u00e9gi \u00e1tlag megk\u00f6zel\u00edtette a 4,5-\u00f6t. A k\u00e9pz\u00e9s el\u0151nyei k\u00f6z\u00e9 tartozik, hogy magas \u00f3rasz\u00e1mban foglalkozhatnak a tanul\u00f3k az idegen nyelvekkel, nem v\u00e9letlen, hogy a di\u00e1kok k\u00e9tharmada legal\u00e1bb egy k\u00f6z\u00e9pfok\u00fa C t\u00edpus\u00fa nyelvvizsg\u00e1t szerez tanulm\u00e1nyai alatt. A tanrendet sok tant\u00e1rgyb\u00f3l \u00fagy alak\u00edtottuk ki, hogy a tanul\u00f3k mindent csak egyszer saj\u00e1t\u00edtanak el, de m\u00e9lyebben \u00e9s nagyobb hat\u00e9konys\u00e1ggal.<\/p>\n\n\n\n<p>2004-ben b\u0151v\u00fclt iskol\u00e1nk palett\u00e1ja a nyelvi el\u0151k\u00e9sz\u00edt\u0151 oszt\u00e1llyal. Kezdetben sok sz\u00fcl\u0151 \u00e9s di\u00e1k fogadta idegenkedve ezt a lehet\u0151s\u00e9get, mondv\u00e1n, hogy \u201evesz\u00edt\u201d egy \u00e9vet a tanul\u00f3. Az az\u00f3ta eltelt \u00e9vek bizony\u00edtott\u00e1k a k\u00e9pz\u00e9s hat\u00e9konys\u00e1g\u00e1t, hiszen a 2009-ben \u00e9s 2010-ben \u00e9retts\u00e9gizett oszt\u00e1lyaink szinte minden tagja rendelkezett a f\u0151 nyelvb\u0151l k\u00f6z\u00e9pfok\u00fa \u201eC\u201d t\u00edpus\u00fa nyelvvizsg\u00e1val (vagy az azzal egyen\u00e9rt\u00e9k\u0171, megfelel\u0151 eredm\u00e9ny\u0171 emelt szint\u0171 \u00e9retts\u00e9givel). Ez a siker t\u00f6bblet pontokat jelent a di\u00e1koknak a felv\u00e9teli elj\u00e1r\u00e1sn\u00e1l, s \u0151k nem fogj\u00e1k a k\u00e9s\u0151bbiekben azok sz\u00e1m\u00e1t gyarap\u00edtani, akik nyelvvizsga hi\u00e1ny\u00e1ban nem fejezhetik be id\u0151ben fels\u0151oktat\u00e1si tanulm\u00e1nyaikat, nem kaphatj\u00e1k meg diplom\u00e1jukat.<\/p>\n\n\n\n<p>A fenti k\u00e9pz\u00e9sek mellett az iskola \u00e1ltal\u00e1nos tanterv\u0171, hum\u00e1n, testnevel\u00e9s tagozatos csoportokat ind\u00edt. A hum\u00e1n csoport azt jelenti, hogy a 9-10. \u00e9vfolyamon magyarb\u00f3l \u00e9s t\u00f6rt\u00e9nelemb\u0151l a di\u00e1kok hetente egy t\u00f6bblet\u00f3r\u00e1t kapnak. Ez m\u00e9g nem jelent v\u00e9gleges p\u00e1lyav\u00e1laszt\u00e1st, a 11. \u00e9vfolyamt\u00f3l lehet\u0151s\u00e9g\u00fck van m\u00e1s tant\u00e1rgyakb\u00f3l is r\u00e9szt venni az emelt szint\u0171 oktat\u00e1sban. A testnevel\u00e9s tagozatot 2010-ben ind\u00edtottuk el\u0151sz\u00f6r. Nem csak az \u00e9lsportol\u00f3kat v\u00e1rjuk ide, hanem azokat is, akik szeretnek akt\u00edvan mozogni, sportolni. Sz\u00e1mukra val\u00f3ban biztos\u00edtjuk a mindennapos testnevel\u00e9st, hiszen heti \u00f6t \u00f3r\u00e1ban vehetnek r\u00e9szt e szak\u00f3r\u00e1kon. Ezek a di\u00e1kok a j\u00f3 fizikai felk\u00e9sz\u00fclts\u00e9g birtok\u00e1ban k\u00f6nnyebben felv\u00e9telizhetnek a k\u00fcl\u00f6nb\u00f6z\u0151 rendv\u00e9delmi fels\u0151oktat\u00e1si int\u00e9zm\u00e9nyekbe, s term\u00e9szetesen felk\u00e9sz\u00fclhetnek a k\u00f6z\u00e9p- \u00e9s emelt szint\u0171 testnevel\u00e9s \u00e9retts\u00e9gire is.<\/p>\n\n\n\n<p>Az \u00e1ltal\u00e1nos tanterv\u0171 tagozat az alap\u00f3rasz\u00e1mot jelenti. Sz\u00e1mukra is \u2013 mint minden di\u00e1k sz\u00e1m\u00e1ra \u2013 a 11. \u00e9vfolyamt\u00f3l ny\u00edlik lehet\u0151s\u00e9g heti maxim\u00e1lisan 6 \u00f3r\u00e1ban (\u00e1ltal\u00e1ban h\u00e1rom tant\u00e1rgyb\u00f3l) emelt szint\u0171 \u00f3r\u00e1kra j\u00e1rni, amelyek hat\u00e9konyan el\u0151k\u00e9sz\u00edtik a tov\u00e1bbtanul\u00e1st. Ma m\u00e1r egy j\u00f3 iskola nem arra b\u00fcszke, hogy a tanul\u00f3k mekkora h\u00e1nyada tanulhat tov\u00e1bb, hiszen a felv\u00e9teli lehet\u0151s\u00e9ge bizonyos helyekre igen csak k\u00f6nny\u0171v\u00e9 v\u00e1lt. Arra vagyunk ink\u00e1bb m\u00e9lt\u00e1n b\u00fcszk\u00e9k, hogy azokra a szakokra, azokba a fels\u0151oktat\u00e1si int\u00e9zm\u00e9nyekbe ker\u00fclnek be di\u00e1kjaink, ahov\u00e1 napjainkban is nagy a verseny. \u00c9vente sz\u00e1mos tanul\u00f3nk nyer felv\u00e9telt a jogi, k\u00f6zgazdas\u00e1gi, orvosi, informatikai, nemzetk\u00f6zi szakokra, ahov\u00e1 csak t\u00f6bbletpontokkal lehet tov\u00e1bbtanulni.<\/p>\n\n\n\n<p>A k\u00fcl\u00f6nb\u00f6z\u0151 tov\u00e1bbtanul\u00e1si adatok alapj\u00e1n iskol\u00e1nk stabilan a m\u00e1sodik-harmadik helyet foglalja el Tolna megy\u00e9ben, a Garay Gimn\u00e1zium ut\u00e1n, \u00e1ltal\u00e1ban fej-fej melletti versenyben a bonyh\u00e1di gimn\u00e1ziummal.<\/p>\n\n\n\n<p>Az iskola nem csak a tanul\u00e1sr\u00f3l sz\u00f3l, a di\u00e1kok sz\u00e1m\u00e1ra az int\u00e9zm\u00e9ny\u00fcnk v\u00e1ltozatos programlehet\u0151s\u00e9geket k\u00edn\u00e1l. A tanul\u00f3k szabadidej\u00fckben sokf\u00e9le sport\u00e1gat v\u00e1laszthatnak, e mellett ingyenes nyelvtanfolyamokon vehetnek r\u00e9szt, j\u00e1rhatnak \u00e9nekkarunkba, r\u00e9szt vehetnek az iskola \u00e1ltal szervezett k\u00fclf\u00f6ldi tanulm\u00e1nyi utakon.<\/p>\n\n\n\n<p>Amennyire t\u0151l\u00fcnk telik, igyeksz\u00fcnk a gimn\u00e1zium l\u00e9tes\u00edtm\u00e9nyeit, eszk\u00f6zeit fel\u00faj\u00edtani. H\u00e1rom informatika term\u00fcnkben a tanul\u00f3knak lehet\u0151s\u00e9g\u00fck ny\u00edlik arra, hogy elsaj\u00e1t\u00edts\u00e1k a sz\u00e1m\u00edt\u00e1stechnika alapjait, naponta internetezhetnek szabadidej\u00fckben. B\u00fcszk\u00e9k vagyunk arra, hogy az iskola parkos\u00edtott, tiszta udvarral rendelkezik, ahol f\u00fcves focip\u00e1lya, teniszp\u00e1lya, s egy frissen felavatott m\u0171f\u00fcves k\u00e9zilabda p\u00e1lya szolg\u00e1lja az oktat\u00e1st \u00e9s a kikapcsol\u00f3d\u00e1st. Az iskola hatalmas k\u00f6nyvt\u00e1rral rendelkezik, tanul\u00f3ink t\u00f6bb, mint 20 000 k\u00f6tetb\u0151l v\u00e1logathatnak.<\/p>\n\n\n\n<p>V\u00e1rjuk a szorgalmas, tehets\u00e9ges, j\u00f6v\u0151k\u00e9ppel rendelkez\u0151 di\u00e1kok jelentkez\u00e9s\u00e9t iskol\u00e1nkba!<\/p>\n","protected":false},"excerpt":{"rendered":"<p>A Domb\u00f3v\u00e1ri Illy\u00e9s Gyula Gimn\u00e1zium bemutat\u00e1sa &nbsp; A sz\u00e1zad els\u0151 \u00e9vtized\u00e9ben a rohamosan gyarapod\u00f3 Domb\u00f3v\u00e1ron felmer\u00fclt egy gimn\u00e1zium alap\u00edt\u00e1s\u00e1nak sz\u00fcks\u00e9gess\u00e9ge. A polg\u00e1rok t\u00f6rekv\u00e9seit siker koron\u00e1zta: a VKM enged\u00e9lyezte, hogy \u201ekatholikus [&hellip;]<\/p>\n","protected":false},"author":2,"featured_media":0,"parent":0,"menu_order":0,"comment_status":"closed","ping_status":"closed","template":"","meta":{"ngg_post_thumbnail":0,"footnotes":""},"class_list":["post-1283","page","type-page","status-publish","hentry"],"_links":{"self":[{"href":"http:\/\/illyes-dombovar.hu\/honlap\/wp-json\/wp\/v2\/pages\/1283","targetHints":{"allow":["GET"]}}],"collection":[{"href":"http:\/\/illyes-dombovar.hu\/honlap\/wp-json\/wp\/v2\/pages"}],"about":[{"href":"http:\/\/illyes-dombovar.hu\/honlap\/wp-json\/wp\/v2\/types\/page"}],"author":[{"embeddable":true,"href":"http:\/\/illyes-dombovar.hu\/honlap\/wp-json\/wp\/v2\/users\/2"}],"replies":[{"embeddable":true,"href":"http:\/\/illyes-dombovar.hu\/honlap\/wp-json\/wp\/v2\/comments?post=1283"}],"version-history":[{"count":4,"href":"http:\/\/illyes-dombovar.hu\/honlap\/wp-json\/wp\/v2\/pages\/1283\/revisions"}],"predecessor-version":[{"id":2116,"href":"http:\/\/illyes-dombovar.hu\/honlap\/wp-json\/wp\/v2\/pages\/1283\/revisions\/2116"}],"wp:attachment":[{"href":"http:\/\/illyes-dombovar.hu\/honlap\/wp-json\/wp\/v2\/media?parent=1283"}],"curies":[{"name":"wp","href":"https:\/\/api.w.org\/{rel}","templated":true}]}}