{"id":12602,"date":"2021-10-22T10:16:20","date_gmt":"2021-10-22T10:16:20","guid":{"rendered":"http:\/\/illyes-dombovar.hu\/honlap\/?page_id=12602"},"modified":"2022-10-18T06:17:37","modified_gmt":"2022-10-18T06:17:37","slug":"masodik-beszamolo","status":"publish","type":"page","link":"http:\/\/illyes-dombovar.hu\/honlap\/masodik-beszamolo\/","title":{"rendered":"M\u00e1sodik besz\u00e1mol\u00f3"},"content":{"rendered":"\n<p><strong>Hat\u00e1rtalanul \u2013 Erd\u00e9ly<\/strong><\/p>\n\n\n\n<p><strong>12.B<\/strong><\/p>\n\n\n\n<p>2021. szeptember 11-15.<\/p>\n\n\n\n<p>Az \u201eErd\u00e9ly\u201d sz\u00f3 minden magyar ember sz\u00edv\u00e9t megdobogtatja, hiszen t\u00f6rt\u00e9nelme igaz\u00e1n egyedi, nagy m\u00faltra tekint vissza. Ebb\u0151l kifoly\u00f3lag v\u00e1rtam m\u00e1r \u00e9n is nagyon az erd\u00e9lyi oszt\u00e1lykir\u00e1ndul\u00e1sunkat, melyre szeptember 11 \u00e9s 15. k\u00f6z\u00f6tt ker\u00fclt sor. Mikor megtudtuk, hogy a 10. oszt\u00e1lyra tervezett, majd a koronav\u00edrus miatt elmaradt kir\u00e1ndul\u00e1st bep\u00f3tolhatjuk, nagy \u00f6r\u00f6mmel v\u00e1gtunk neki az el\u0151k\u00e9sz\u00fcleteknek. Megtanultuk a Sz\u00e9kely himnuszt \u00e9s mellette sok m\u00e1s dalt, majd 11-\u00e9n hajnalban \u00fatnak indultunk.<\/p>\n\n\n\n<p>&nbsp;Az utaz\u00e1s nagyon hossz\u00fa volt, de miut\u00e1n \u00e1tl\u00e9pt\u00fck a hat\u00e1rt t\u00e9nyleg elkezd\u0151dhetett Erd\u00e9ly felfedez\u00e9se. Az els\u0151 nagyobb l\u00e9legzet\u0171 meg\u00e1ll\u00f3nk a Kir\u00e1ly-h\u00e1g\u00f3n\u00e1l volt, ahol 582 m\u00e9ter magasan gy\u00f6ny\u00f6rk\u00f6dhett\u00fcnk a csod\u00e1s kil\u00e1t\u00e1sban. Onnan Kolozs megye sz\u00e9khely\u00e9re, Kolozsv\u00e1rra ment\u00fcnk. Megtekintett\u00fck Hunyadi M\u00e1ty\u00e1s sz\u00fcl\u0151h\u00e1z\u00e1t, a Fadrusz J\u00e1nos \u00e1ltal k\u00e9sz\u00edtett M\u00e1ty\u00e1s kir\u00e1ly szobrot \u00e9s a templomot is, s\u0151t a t\u00e9ren egy \u00e9rdekes rendezv\u00e9nybe is belecs\u00f6ppent\u00fcnk. A k\u00e9s\u0151 esti \u00f3r\u00e1kban \u00e9rkezt\u00fcnk meg a sz\u00e1ll\u00e1sunkra, Korondra, ahol a sz\u00edv\u00e9lyes fogadtat\u00e1s mellett finom vacsora is v\u00e1rt minket.<\/p>\n\n\n\n<p>A m\u00e1sodik nap reggel\u00e9n Szov\u00e1t\u00e1ra utaztunk, ami a k\u00fcl\u00f6nleges Medve-t\u00f3r\u00f3l h\u00edres, de m\u00e1s tavakkal is tal\u00e1lkoztunk, p\u00e9ld\u00e1ul a V\u00f6r\u00f6s-t\u00f3val \u00e9s a Z\u00f6ld-t\u00f3val. Egy r\u00f6vid s\u00e9t\u00e1t k\u00f6vet\u0151en a k\u00f6vetkez\u0151 \u00e1llom\u00e1sunk a parajdi s\u00f3b\u00e1nya volt. Hatalmas bels\u0151 terek vannak kialak\u00edtva a b\u00e1ny\u00e1ban, ahol rengeteg program k\u00f6z\u00fcl v\u00e1laszthatnak az ide l\u00e1togat\u00f3k. K\u00e1v\u00e9ztunk, hint\u00e1ztunk \u00e9s megk\u00f3stoltuk a h\u00edres erd\u00e9lyi k\u00fcrt\u0151skal\u00e1csot is. Ut\u00e1na Farkaslak\u00e1n Tam\u00e1si \u00c1ronra eml\u00e9kezve egy r\u00f6vid megeml\u00e9kez\u00e9st tartottunk. Szejkef\u00fcrd\u0151n Orb\u00e1n Bal\u00e1zs s\u00edreml\u00e9k\u00e9hez gyalogoltunk fel a csod\u00e1latos sz\u00e9kely kapukon kereszt\u00fcl. Estefel\u00e9, Korondra vissza\u00e9rve lehet\u0151s\u00e9g ny\u00edlt sz\u00e1munkra a kedves \u00e1rusokt\u00f3l aj\u00e1nd\u00e9kokat venni.<\/p>\n\n\n\n<p>A k\u00f6vetkez\u0151 nap els\u0151 meg\u00e1ll\u00f3ja a Gyilkos-t\u00f3 \u00e9s k\u00f6rny\u00e9ke volt. P\u00e1r kalandv\u00e1gy\u00f3 emberrel felt\u00far\u00e1ztunk a Kis-Coh\u00e1rdra, ahonnan nem mindennapi l\u00e1tv\u00e1ny t\u00e1rult el\u00e9nk. A t\u00f6bbiek addig a fenyvesek sz\u00edv\u00e9ben elter\u00fcl\u0151 t\u00f3 partj\u00e1n \u00e9lvezhett\u00e9k a naps\u00fct\u00e9ses id\u0151t. A B\u00e9k\u00e1s-szoros l\u00e9legzet el\u00e1ll\u00edt\u00f3 l\u00e1tv\u00e1nya ut\u00e1n a Mad\u00e9falvi eml\u00e9km\u0171 fel\u00e9 folytattuk utunkat. A Gyergy\u00f3i-havasok t\u00e1jain kereszt\u00fcl \u00e9rkezt\u00fcnk meg az eml\u00e9km\u0171h\u00f6z, ahol a mad\u00e9falvi veszedelem \u00e1ldozataira eml\u00e9kezt\u00fcnk meg. Ezt k\u00f6vet\u0151en a gy\u00f6ny\u00f6r\u0171 cs\u00edksomly\u00f3i kegytemplomban j\u00e1rtunk \u00e9s Cs\u00edkszered\u00e1t \u00e9rintve \u00e9rkezt\u00fcnk vissza korondi sz\u00e1ll\u00e1shely\u00fcnkre.<\/p>\n\n\n\n<p>M\u00e1snap a sz\u00e9kelyderzsi er\u0151dtemplom volt az els\u0151 \u00e1llom\u00e1sunk. A Szent L\u00e1szl\u00f3 legend\u00e1j\u00e1t bemutat\u00f3 bels\u0151 fresk\u00f3 bennem jelent\u0151s nyomot hagyott, hiszen hajdani kir\u00e1lyaink k\u00f6z\u00fcl \u0151 a szem\u00e9lyes kedvencem. Innen a Pet\u0151fi S\u00e1ndorr\u00f3l nevezetes Feh\u00e9regyh\u00e1z\u00e1ra vezetett utunk, ahol igaz\u00e1n tartalmas besz\u00e1mol\u00f3t hallhattunk a helyi b\u00e1csit\u00f3l. Amikor az esti \u00f3r\u00e1kban meg\u00e9rkezt\u00fcnk Torock\u00f3ra, a Sz\u00e9kelyk\u0151 l\u00e1tv\u00e1nya mindenkit elvar\u00e1zsolt. A sz\u00e1ll\u00e1s elfoglal\u00e1sa \u00e9s a vacsora ut\u00e1n felfedezt\u00fck a vil\u00e1g\u00f6r\u00f6ks\u00e9g r\u00e9sz\u00e9v\u00e9 v\u00e1lt falut.<\/p>\n\n\n\n<p>Az utols\u00f3 nap reggel\u00e9n ism\u00e9t sokat utazva \u00e9rkezt\u00fcnk meg D\u00e9v\u00e1ra, ahol a helyi iskola di\u00e1kjaival t\u00f6lthett\u00fcnk el p\u00e1r \u00f3r\u00e1t. A fi\u00fak izgalmas focimeccset j\u00e1tszottak egym\u00e1s ellen, a l\u00e1nyok pedig interakt\u00edv j\u00e1t\u00e9kokkal ismerhett\u00e9k meg kicsit egym\u00e1st. Egy di\u00e1k odaj\u00f6tt hozz\u00e1nk \u00e9s mes\u00e9lt az ottani helyzetr\u0151l, a magyarul foly\u00f3 oktat\u00e1sr\u00f3l, illetve Erd\u00e9ly t\u00f6rt\u00e9nelm\u00e9r\u0151l is sokat besz\u00e9lgett\u00fcnk. Ezt k\u00f6vet\u0151en hazafel\u00e9 vett\u00fck az ir\u00e1nyt, majd este meg\u00e9rkezt\u00fcnk Domb\u00f3v\u00e1rra.<\/p>\n\n\n\n<p>\u00d6sszess\u00e9g\u00e9ben ez a p\u00e1r nap nagyon j\u00f3 hangulatban telt, rengeteg \u00e9lm\u00e9nnyel \u00e9s tud\u00e1ssal gazdagodva \u00e9rkezt\u00fcnk haza. Szerintem az \u00e9vfolyam m\u00e9g jobban \u00f6sszekov\u00e1csol\u00f3dott \u00e9s k\u00f6z\u00f6sen szakadhattunk ki a sz\u00fcrke h\u00e9tk\u00f6znapokb\u00f3l. Ha lenne r\u00e1 lehet\u0151s\u00e9gem, biztosan megism\u00e9teln\u00e9m ezt az utaz\u00e1st!<\/p>\n\n\n\n<p>Nagy Vikt\u00f3ria, 12.B<\/p>\n\n\n<div class=\"wp-block-image\">\n<figure class=\"aligncenter size-large\"><img loading=\"lazy\" decoding=\"async\" width=\"1024\" height=\"768\" src=\"http:\/\/illyes-dombovar.hu\/honlap\/wp-content\/uploads\/2021\/11\/futsal-diak-1-1024x768.jpg\" alt=\"\" class=\"wp-image-12853\" srcset=\"http:\/\/illyes-dombovar.hu\/honlap\/wp-content\/uploads\/2021\/11\/futsal-diak-1-1024x768.jpg 1024w, http:\/\/illyes-dombovar.hu\/honlap\/wp-content\/uploads\/2021\/11\/futsal-diak-1-300x225.jpg 300w, http:\/\/illyes-dombovar.hu\/honlap\/wp-content\/uploads\/2021\/11\/futsal-diak-1-768x576.jpg 768w, http:\/\/illyes-dombovar.hu\/honlap\/wp-content\/uploads\/2021\/11\/futsal-diak-1-1536x1152.jpg 1536w, http:\/\/illyes-dombovar.hu\/honlap\/wp-content\/uploads\/2021\/11\/futsal-diak-1-2048x1536.jpg 2048w, http:\/\/illyes-dombovar.hu\/honlap\/wp-content\/uploads\/2021\/11\/futsal-diak-1-400x300.jpg 400w\" sizes=\"auto, (max-width: 1024px) 100vw, 1024px\" \/><\/figure>\n<\/div>\n\n\nngg_shortcode_0_placeholder\n\n\n<div class=\"wp-block-image\">\n<figure class=\"aligncenter size-large is-resized\"><img loading=\"lazy\" decoding=\"async\" src=\"http:\/\/illyes-dombovar.hu\/honlap\/wp-content\/uploads\/2022\/10\/keszult-1024x910.jpg\" alt=\"\" class=\"wp-image-15240\" width=\"436\" height=\"387\" srcset=\"http:\/\/illyes-dombovar.hu\/honlap\/wp-content\/uploads\/2022\/10\/keszult-1024x910.jpg 1024w, http:\/\/illyes-dombovar.hu\/honlap\/wp-content\/uploads\/2022\/10\/keszult-300x267.jpg 300w, http:\/\/illyes-dombovar.hu\/honlap\/wp-content\/uploads\/2022\/10\/keszult-768x682.jpg 768w, http:\/\/illyes-dombovar.hu\/honlap\/wp-content\/uploads\/2022\/10\/keszult-338x300.jpg 338w, http:\/\/illyes-dombovar.hu\/honlap\/wp-content\/uploads\/2022\/10\/keszult.jpg 1500w\" sizes=\"auto, (max-width: 436px) 100vw, 436px\" \/><\/figure>\n<\/div>\n\n<div class=\"wp-block-image\">\n<figure class=\"aligncenter size-full is-resized\"><img loading=\"lazy\" decoding=\"async\" src=\"http:\/\/illyes-dombovar.hu\/honlap\/wp-content\/uploads\/2022\/10\/bga_alap_logo.png\" alt=\"\" class=\"wp-image-15239\" width=\"333\" height=\"327\" srcset=\"http:\/\/illyes-dombovar.hu\/honlap\/wp-content\/uploads\/2022\/10\/bga_alap_logo.png 618w, http:\/\/illyes-dombovar.hu\/honlap\/wp-content\/uploads\/2022\/10\/bga_alap_logo-300x294.png 300w, http:\/\/illyes-dombovar.hu\/honlap\/wp-content\/uploads\/2022\/10\/bga_alap_logo-60x60.png 60w, http:\/\/illyes-dombovar.hu\/honlap\/wp-content\/uploads\/2022\/10\/bga_alap_logo-306x300.png 306w\" sizes=\"auto, (max-width: 333px) 100vw, 333px\" \/><\/figure>\n<\/div>\n\n<div class=\"wp-block-image\">\n<figure class=\"aligncenter size-large is-resized\"><img loading=\"lazy\" decoding=\"async\" src=\"http:\/\/illyes-dombovar.hu\/honlap\/wp-content\/uploads\/2022\/10\/hatartalanul_logo-1024x627.jpg\" alt=\"\" class=\"wp-image-15237\" width=\"418\" height=\"256\" srcset=\"http:\/\/illyes-dombovar.hu\/honlap\/wp-content\/uploads\/2022\/10\/hatartalanul_logo-1024x627.jpg 1024w, http:\/\/illyes-dombovar.hu\/honlap\/wp-content\/uploads\/2022\/10\/hatartalanul_logo-300x184.jpg 300w, http:\/\/illyes-dombovar.hu\/honlap\/wp-content\/uploads\/2022\/10\/hatartalanul_logo-768x471.jpg 768w, http:\/\/illyes-dombovar.hu\/honlap\/wp-content\/uploads\/2022\/10\/hatartalanul_logo-1536x941.jpg 1536w, http:\/\/illyes-dombovar.hu\/honlap\/wp-content\/uploads\/2022\/10\/hatartalanul_logo-2048x1255.jpg 2048w, http:\/\/illyes-dombovar.hu\/honlap\/wp-content\/uploads\/2022\/10\/hatartalanul_logo-490x300.jpg 490w\" sizes=\"auto, (max-width: 418px) 100vw, 418px\" \/><\/figure>\n<\/div>","protected":false},"excerpt":{"rendered":"<p>Hat\u00e1rtalanul \u2013 Erd\u00e9ly 12.B 2021. szeptember 11-15. Az \u201eErd\u00e9ly\u201d sz\u00f3 minden magyar ember sz\u00edv\u00e9t megdobogtatja, hiszen t\u00f6rt\u00e9nelme igaz\u00e1n egyedi, nagy m\u00faltra tekint vissza. Ebb\u0151l kifoly\u00f3lag v\u00e1rtam m\u00e1r \u00e9n is nagyon [&hellip;]<\/p>\n","protected":false},"author":2,"featured_media":0,"parent":0,"menu_order":0,"comment_status":"closed","ping_status":"closed","template":"","meta":{"ngg_post_thumbnail":0,"footnotes":""},"class_list":["post-12602","page","type-page","status-publish","hentry"],"_links":{"self":[{"href":"http:\/\/illyes-dombovar.hu\/honlap\/wp-json\/wp\/v2\/pages\/12602","targetHints":{"allow":["GET"]}}],"collection":[{"href":"http:\/\/illyes-dombovar.hu\/honlap\/wp-json\/wp\/v2\/pages"}],"about":[{"href":"http:\/\/illyes-dombovar.hu\/honlap\/wp-json\/wp\/v2\/types\/page"}],"author":[{"embeddable":true,"href":"http:\/\/illyes-dombovar.hu\/honlap\/wp-json\/wp\/v2\/users\/2"}],"replies":[{"embeddable":true,"href":"http:\/\/illyes-dombovar.hu\/honlap\/wp-json\/wp\/v2\/comments?post=12602"}],"version-history":[{"count":4,"href":"http:\/\/illyes-dombovar.hu\/honlap\/wp-json\/wp\/v2\/pages\/12602\/revisions"}],"predecessor-version":[{"id":15243,"href":"http:\/\/illyes-dombovar.hu\/honlap\/wp-json\/wp\/v2\/pages\/12602\/revisions\/15243"}],"wp:attachment":[{"href":"http:\/\/illyes-dombovar.hu\/honlap\/wp-json\/wp\/v2\/media?parent=12602"}],"curies":[{"name":"wp","href":"https:\/\/api.w.org\/{rel}","templated":true}]}}