{"id":12590,"date":"2021-10-22T10:11:26","date_gmt":"2021-10-22T10:11:26","guid":{"rendered":"http:\/\/illyes-dombovar.hu\/honlap\/?page_id=12590"},"modified":"2022-10-18T06:16:35","modified_gmt":"2022-10-18T06:16:35","slug":"elso-beszamolo","status":"publish","type":"page","link":"http:\/\/illyes-dombovar.hu\/honlap\/elso-beszamolo\/","title":{"rendered":"Els\u0151 besz\u00e1mol\u00f3"},"content":{"rendered":"\n<p><strong>Erd\u00e9ly-Hat\u00e1rtalanul program<\/strong> <\/p>\n\n\n\n<p><strong>2021.09.11.-15.<\/strong><\/p>\n\n\n\n<p><strong>A 12. \u00e9vfolyam tanul\u00f3i k\u00f6z\u00fcl nyolcvanan 2021. szeptember 11-15 k\u00f6z\u00f6tt Erd\u00e9lybe utaztak a Hat\u00e1rtalanul Program keret\u00e9ben.<\/strong><\/p>\n\n\n\n<p><strong><u>1. nap:<\/u><\/strong> 2021. szeptember 11-\u00e9n reggel 5 \u00f3rakor indult a buszunk a gimit\u0151l, ami eg\u00e9szen Erd\u00e9lyig vitt minket. Az \u00fat nagyon hossz\u00fa \u00e9s f\u00e1raszt\u00f3 volt. Erd\u00e9lyben az els\u0151 meg\u00e1ll\u00f3nk a Kir\u00e1lyh\u00e1g\u00f3n\u00e1l volt, ahol a t\u00e1j mindenkit leny\u0171g\u00f6z\u00f6tt. A Kir\u00e1lyh\u00e1g\u00f3 ut\u00e1n egyenesen Kolozsv\u00e1r fel\u00e9 vett\u00fck az ir\u00e1nyt, ahol megn\u00e9zt\u00fck M\u00e1ty\u00e1s kir\u00e1ly sz\u00fcl\u0151h\u00e1z\u00e1t, illetve a M\u00e1ty\u00e1s szoborcsoportot. A sz\u00e1ll\u00e1sunk Korondon volt, ahol h\u00e1rom \u00e9jszak\u00e1t t\u00f6lt\u00f6tt\u00fcnk el. Az els\u0151 nap nagyon k\u00e9s\u0151n \u00e9rt\u00fcnk Korondra, de a sz\u00e1ll\u00e1sad\u00f3ink nagyon kedvesek voltak, mert meleg vacsor\u00e1val v\u00e1rtak minket.<\/p>\n\n\n<div class=\"wp-block-image\">\n<figure class=\"aligncenter size-full\"><img loading=\"lazy\" decoding=\"async\" width=\"605\" height=\"454\" src=\"http:\/\/illyes-dombovar.hu\/honlap\/wp-content\/uploads\/2021\/10\/001.jpg\" alt=\"\" class=\"wp-image-12591\" srcset=\"http:\/\/illyes-dombovar.hu\/honlap\/wp-content\/uploads\/2021\/10\/001.jpg 605w, http:\/\/illyes-dombovar.hu\/honlap\/wp-content\/uploads\/2021\/10\/001-300x225.jpg 300w, http:\/\/illyes-dombovar.hu\/honlap\/wp-content\/uploads\/2021\/10\/001-400x300.jpg 400w\" sizes=\"auto, (max-width: 605px) 100vw, 605px\" \/><\/figure>\n<\/div>\n\n<div class=\"wp-block-image\">\n<figure class=\"aligncenter size-full\"><img loading=\"lazy\" decoding=\"async\" width=\"605\" height=\"454\" src=\"http:\/\/illyes-dombovar.hu\/honlap\/wp-content\/uploads\/2021\/10\/002.jpg\" alt=\"\" class=\"wp-image-12592\" srcset=\"http:\/\/illyes-dombovar.hu\/honlap\/wp-content\/uploads\/2021\/10\/002.jpg 605w, http:\/\/illyes-dombovar.hu\/honlap\/wp-content\/uploads\/2021\/10\/002-300x225.jpg 300w, http:\/\/illyes-dombovar.hu\/honlap\/wp-content\/uploads\/2021\/10\/002-400x300.jpg 400w\" sizes=\"auto, (max-width: 605px) 100vw, 605px\" \/><\/figure>\n<\/div>\n\n\n<p><strong><u>2. nap:<\/u><\/strong> A k\u00f6vetkez\u0151 nap reggel\u00e9n el\u0151sz\u00f6r Szov\u00e1t\u00e1ra utaztunk, ahol a k\u00fcl\u00f6nleges, s\u00f3s Medve-tavat n\u00e9zt\u00fck meg. Szov\u00e1ta ut\u00e1n egyenesen Parajdra ment\u00fcnk, ahol a Parajdi s\u00f3b\u00e1ny\u00e1ban tett\u00fcnk l\u00e1togat\u00e1st. Egy helyi busz vitt el minket a b\u00e1ny\u00e1ba, ami t\u00f6mve volt emberekkel, \u00edgy alig v\u00e1rtuk m\u00e1r, hogy lesz\u00e1llhassunk arr\u00f3l a buszr\u00f3l \u00e9s bemenj\u00fcnk a h\u0171v\u00f6s s\u00f3b\u00e1ny\u00e1ba. Ezek ut\u00e1n Farkaslak\u00e1ra utaztunk, ahol Tam\u00e1si \u00c1ronr\u00f3l eml\u00e9kezt\u00fcnk meg, megkoszor\u00faztuk a s\u00edrj\u00e1t \u00e9s el\u00e9nekelt\u00fck a Sz\u00e9kely himnuszt. Farkaslaka ut\u00e1n Szelykef\u00fcrd\u0151 fel\u00e9 vett\u00fck az ir\u00e1nyt \u00e9s Orb\u00e1n Bal\u00e1zs s\u00edrj\u00e1hoz l\u00e1togattunk el, akinek eml\u00e9km\u0171v\u00e9n\u00e9l koszor\u00fat helyezt\u00fcnk el. A m\u00e1sodik nap v\u00e9g\u00e9n visszament\u00fcnk Korondra, ahol a helyi fazekasterm\u00e9keket tekinthett\u00fck meg az utc\u00e1kon l\u00e9v\u0151 standokon, kis boltokban.<\/p>\n\n\n<div class=\"wp-block-image\">\n<figure class=\"aligncenter size-full\"><img loading=\"lazy\" decoding=\"async\" width=\"605\" height=\"431\" src=\"http:\/\/illyes-dombovar.hu\/honlap\/wp-content\/uploads\/2021\/10\/003.jpg\" alt=\"\" class=\"wp-image-12593\" srcset=\"http:\/\/illyes-dombovar.hu\/honlap\/wp-content\/uploads\/2021\/10\/003.jpg 605w, http:\/\/illyes-dombovar.hu\/honlap\/wp-content\/uploads\/2021\/10\/003-300x214.jpg 300w, http:\/\/illyes-dombovar.hu\/honlap\/wp-content\/uploads\/2021\/10\/003-421x300.jpg 421w\" sizes=\"auto, (max-width: 605px) 100vw, 605px\" \/><\/figure>\n<\/div>\n\n<div class=\"wp-block-image\">\n<figure class=\"aligncenter size-full\"><img loading=\"lazy\" decoding=\"async\" width=\"605\" height=\"454\" src=\"http:\/\/illyes-dombovar.hu\/honlap\/wp-content\/uploads\/2021\/10\/004.jpg\" alt=\"\" class=\"wp-image-12594\" srcset=\"http:\/\/illyes-dombovar.hu\/honlap\/wp-content\/uploads\/2021\/10\/004.jpg 605w, http:\/\/illyes-dombovar.hu\/honlap\/wp-content\/uploads\/2021\/10\/004-300x225.jpg 300w, http:\/\/illyes-dombovar.hu\/honlap\/wp-content\/uploads\/2021\/10\/004-400x300.jpg 400w\" sizes=\"auto, (max-width: 605px) 100vw, 605px\" \/><\/figure>\n<\/div>\n\n\n<p><strong><u>3. nap: <\/u><\/strong>A harmadik napon el\u0151sz\u00f6r a Gyilkos-t\u00f3hoz l\u00e1togattunk el. \u00dat k\u00f6zben \u00e1lomsz\u00e9p t\u00e1jakon j\u00e1rtunk \u00e9s meg is \u00e1lltunk Pongr\u00e1c-tet\u0151n, ahol helyi k\u00fcl\u00f6nlegess\u00e9geket (m\u00e9z, sz\u00f6rp, lekv\u00e1r) tudtunk v\u00e1s\u00e1rolni. A Gyilkos-t\u00f3n\u00e1l rengeteg id\u0151t t\u00f6lt\u00f6tt\u00fcnk el, hiszen mindenkinek ez tetszett a legjobban. Ez ut\u00e1n v\u00e9gig s\u00e9t\u00e1ltunk a B\u00e9k\u00e1s-szoros egy r\u00e9sz\u00e9n, ami szint\u00e9n leny\u0171g\u00f6z\u0151 volt mindenki sz\u00e1m\u00e1ra. A B\u00e9k\u00e1s-szoros ut\u00e1n Cs\u00edksomly\u00f3ra ment\u00fcnk, ahol a csodatev\u0151 Sz\u0171z M\u00e1ria szobr\u00e1t n\u00e9zt\u00fck meg a kegytemplomban.<\/p>\n\n\n<div class=\"wp-block-image\">\n<figure class=\"aligncenter size-full\"><img loading=\"lazy\" decoding=\"async\" width=\"605\" height=\"454\" src=\"http:\/\/illyes-dombovar.hu\/honlap\/wp-content\/uploads\/2021\/10\/005.jpg\" alt=\"\" class=\"wp-image-12595\" srcset=\"http:\/\/illyes-dombovar.hu\/honlap\/wp-content\/uploads\/2021\/10\/005.jpg 605w, http:\/\/illyes-dombovar.hu\/honlap\/wp-content\/uploads\/2021\/10\/005-300x225.jpg 300w, http:\/\/illyes-dombovar.hu\/honlap\/wp-content\/uploads\/2021\/10\/005-400x300.jpg 400w\" sizes=\"auto, (max-width: 605px) 100vw, 605px\" \/><\/figure>\n<\/div>\n\n<div class=\"wp-block-image\">\n<figure class=\"aligncenter size-full\"><img loading=\"lazy\" decoding=\"async\" width=\"605\" height=\"498\" src=\"http:\/\/illyes-dombovar.hu\/honlap\/wp-content\/uploads\/2021\/10\/006.jpg\" alt=\"\" class=\"wp-image-12596\" srcset=\"http:\/\/illyes-dombovar.hu\/honlap\/wp-content\/uploads\/2021\/10\/006.jpg 605w, http:\/\/illyes-dombovar.hu\/honlap\/wp-content\/uploads\/2021\/10\/006-300x247.jpg 300w, http:\/\/illyes-dombovar.hu\/honlap\/wp-content\/uploads\/2021\/10\/006-364x300.jpg 364w\" sizes=\"auto, (max-width: 605px) 100vw, 605px\" \/><\/figure>\n<\/div>\n\n\n<p><strong><u>4. nap: <\/u><\/strong>&nbsp;Kir\u00e1ndul\u00e1sunk negyedik napj\u00e1nak reggel\u00e9n a b\u0151r\u00f6ndjeinkkel egy\u00fctt sz\u00e1lltunk fel a buszra, hiszen ez volt az utols\u00f3 nap, amit Korondon t\u00f6lt\u00f6tt\u00fcnk. Els\u0151 \u00e1llom\u00e1sunk Sz\u00e9kelyderzs volt, ahol az UNESCO \u00f6r\u00f6ks\u00e9g er\u0151dtemplom\u00e1t n\u00e9zhett\u00fck meg. Sz\u00e9kelyderzs ut\u00e1n Feh\u00e9regyh\u00e1z\u00e1ra utaztunk, ahol a Pet\u0151fi m\u00fazeumot csod\u00e1lhattuk meg, illetve itt ismerkedt\u00fcnk meg J\u00f3zsi b\u00e1csival, aki Pet\u0151fi S\u00e1ndor \u00e9let\u00e9r\u0151l \u00e9s a segesv\u00e1ri csat\u00e1r\u00f3l mes\u00e9lt nek\u00fcnk \u00e9s a m\u00fazeum saj\u00e1toss\u00e1g\u00e1r\u00f3l, helyzet\u00e9r\u0151l. Feh\u00e9regyh\u00e1z\u00e1r\u00f3l egyenesen Torock\u00f3ra utaztunk, ahol csak egy \u00e9jszak\u00e1t t\u00f6lt\u00f6tt\u00fcnk el.<\/p>\n\n\n<div class=\"wp-block-image\">\n<figure class=\"aligncenter size-full\"><img loading=\"lazy\" decoding=\"async\" width=\"605\" height=\"454\" src=\"http:\/\/illyes-dombovar.hu\/honlap\/wp-content\/uploads\/2021\/10\/007.jpg\" alt=\"\" class=\"wp-image-12597\" srcset=\"http:\/\/illyes-dombovar.hu\/honlap\/wp-content\/uploads\/2021\/10\/007.jpg 605w, http:\/\/illyes-dombovar.hu\/honlap\/wp-content\/uploads\/2021\/10\/007-300x225.jpg 300w, http:\/\/illyes-dombovar.hu\/honlap\/wp-content\/uploads\/2021\/10\/007-400x300.jpg 400w\" sizes=\"auto, (max-width: 605px) 100vw, 605px\" \/><\/figure>\n<\/div>\n\n\n<p><strong><u>5. nap: <\/u><\/strong>Torock\u00f3 k\u00fcl\u00f6nlegess\u00e9ge, hogy a falu hat\u00e1r\u00e1ban \u00e1ll\u00f3 hegy miatt k\u00e9tszer kel fel a Nap. Mi sajnos ezt a k\u00f6d miatt nem tudtuk megn\u00e9zni. Reggel miut\u00e1n megreggelizt\u00fcnk \u00e9s bepakoltuk a b\u0151r\u00f6ndjeinket a buszba, D\u00e9v\u00e1ra utaztunk, ahol a t\u00e9gl\u00e1s G\u00e1bor Elm\u00e9leti L\u00edceumban a helyi fiatalokkal t\u00f6lthett\u00fcnk el egy d\u00e9lel\u0151tt\u00f6t. A l\u00e1nyok ismerkedtek \u00e9s k\u00fcl\u00f6nb\u00f6z\u0151 j\u00e1t\u00e9kokat j\u00e1tszottak, a fi\u00fak sz\u00e1m\u00e1ra pedig focimeccseket rendeztek. D\u00e9va ut\u00e1n egyenesen Domb\u00f3v\u00e1r fel\u00e9 vett\u00fck az ir\u00e1nyt, ahova \u00e9ps\u00e9gben meg is \u00e9rkezt\u00fcnk. \u00dagy gondolom, hogy mindenki rengeteg \u00e9lm\u00e9nnyel j\u00f6tt haza \u00e9s, hogy egy felejthetetlen oszt\u00e1ly-, ill. \u00e9vfolyamkir\u00e1ndul\u00e1son kir\u00e1ndul\u00e1son vett\u00fcnk r\u00e9szt.<\/p>\n\n\n<div class=\"wp-block-image\">\n<figure class=\"aligncenter size-full\"><img loading=\"lazy\" decoding=\"async\" width=\"605\" height=\"345\" src=\"http:\/\/illyes-dombovar.hu\/honlap\/wp-content\/uploads\/2021\/10\/008.jpg\" alt=\"\" class=\"wp-image-12598\" srcset=\"http:\/\/illyes-dombovar.hu\/honlap\/wp-content\/uploads\/2021\/10\/008.jpg 605w, http:\/\/illyes-dombovar.hu\/honlap\/wp-content\/uploads\/2021\/10\/008-300x171.jpg 300w, http:\/\/illyes-dombovar.hu\/honlap\/wp-content\/uploads\/2021\/10\/008-526x300.jpg 526w\" sizes=\"auto, (max-width: 605px) 100vw, 605px\" \/><\/figure>\n<\/div>\n\n<div class=\"wp-block-image\">\n<figure class=\"aligncenter size-full\"><img loading=\"lazy\" decoding=\"async\" width=\"605\" height=\"353\" src=\"http:\/\/illyes-dombovar.hu\/honlap\/wp-content\/uploads\/2021\/10\/009.jpg\" alt=\"\" class=\"wp-image-12599\" srcset=\"http:\/\/illyes-dombovar.hu\/honlap\/wp-content\/uploads\/2021\/10\/009.jpg 605w, http:\/\/illyes-dombovar.hu\/honlap\/wp-content\/uploads\/2021\/10\/009-300x175.jpg 300w, http:\/\/illyes-dombovar.hu\/honlap\/wp-content\/uploads\/2021\/10\/009-514x300.jpg 514w\" sizes=\"auto, (max-width: 605px) 100vw, 605px\" \/><\/figure>\n<\/div>\n\n<div class=\"wp-block-image\">\n<figure class=\"aligncenter size-large is-resized\"><img loading=\"lazy\" decoding=\"async\" src=\"http:\/\/illyes-dombovar.hu\/honlap\/wp-content\/uploads\/2022\/10\/keszult-1024x910.jpg\" alt=\"\" class=\"wp-image-15240\" width=\"487\" height=\"433\" srcset=\"http:\/\/illyes-dombovar.hu\/honlap\/wp-content\/uploads\/2022\/10\/keszult-1024x910.jpg 1024w, http:\/\/illyes-dombovar.hu\/honlap\/wp-content\/uploads\/2022\/10\/keszult-300x267.jpg 300w, http:\/\/illyes-dombovar.hu\/honlap\/wp-content\/uploads\/2022\/10\/keszult-768x682.jpg 768w, http:\/\/illyes-dombovar.hu\/honlap\/wp-content\/uploads\/2022\/10\/keszult-338x300.jpg 338w, http:\/\/illyes-dombovar.hu\/honlap\/wp-content\/uploads\/2022\/10\/keszult.jpg 1500w\" sizes=\"auto, (max-width: 487px) 100vw, 487px\" \/><\/figure>\n<\/div>\n\n<div class=\"wp-block-image\">\n<figure class=\"aligncenter size-full is-resized\"><img loading=\"lazy\" decoding=\"async\" src=\"http:\/\/illyes-dombovar.hu\/honlap\/wp-content\/uploads\/2022\/10\/bga_alap_logo.png\" alt=\"\" class=\"wp-image-15239\" width=\"412\" height=\"404\" srcset=\"http:\/\/illyes-dombovar.hu\/honlap\/wp-content\/uploads\/2022\/10\/bga_alap_logo.png 618w, http:\/\/illyes-dombovar.hu\/honlap\/wp-content\/uploads\/2022\/10\/bga_alap_logo-300x294.png 300w, http:\/\/illyes-dombovar.hu\/honlap\/wp-content\/uploads\/2022\/10\/bga_alap_logo-60x60.png 60w, http:\/\/illyes-dombovar.hu\/honlap\/wp-content\/uploads\/2022\/10\/bga_alap_logo-306x300.png 306w\" sizes=\"auto, (max-width: 412px) 100vw, 412px\" \/><\/figure>\n<\/div>\n\n<div class=\"wp-block-image\">\n<figure class=\"aligncenter size-large is-resized\"><img loading=\"lazy\" decoding=\"async\" src=\"http:\/\/illyes-dombovar.hu\/honlap\/wp-content\/uploads\/2022\/10\/hatartalanul_logo-1024x627.jpg\" alt=\"\" class=\"wp-image-15237\" width=\"460\" height=\"281\" srcset=\"http:\/\/illyes-dombovar.hu\/honlap\/wp-content\/uploads\/2022\/10\/hatartalanul_logo-1024x627.jpg 1024w, http:\/\/illyes-dombovar.hu\/honlap\/wp-content\/uploads\/2022\/10\/hatartalanul_logo-300x184.jpg 300w, http:\/\/illyes-dombovar.hu\/honlap\/wp-content\/uploads\/2022\/10\/hatartalanul_logo-768x471.jpg 768w, http:\/\/illyes-dombovar.hu\/honlap\/wp-content\/uploads\/2022\/10\/hatartalanul_logo-1536x941.jpg 1536w, http:\/\/illyes-dombovar.hu\/honlap\/wp-content\/uploads\/2022\/10\/hatartalanul_logo-2048x1255.jpg 2048w, http:\/\/illyes-dombovar.hu\/honlap\/wp-content\/uploads\/2022\/10\/hatartalanul_logo-490x300.jpg 490w\" sizes=\"auto, (max-width: 460px) 100vw, 460px\" \/><\/figure>\n<\/div>","protected":false},"excerpt":{"rendered":"<p>Erd\u00e9ly-Hat\u00e1rtalanul program 2021.09.11.-15. A 12. \u00e9vfolyam tanul\u00f3i k\u00f6z\u00fcl nyolcvanan 2021. szeptember 11-15 k\u00f6z\u00f6tt Erd\u00e9lybe utaztak a Hat\u00e1rtalanul Program keret\u00e9ben. 1. nap: 2021. szeptember 11-\u00e9n reggel 5 \u00f3rakor indult a buszunk [&hellip;]<\/p>\n","protected":false},"author":2,"featured_media":0,"parent":0,"menu_order":0,"comment_status":"closed","ping_status":"closed","template":"","meta":{"ngg_post_thumbnail":0,"footnotes":""},"class_list":["post-12590","page","type-page","status-publish","hentry"],"_links":{"self":[{"href":"http:\/\/illyes-dombovar.hu\/honlap\/wp-json\/wp\/v2\/pages\/12590","targetHints":{"allow":["GET"]}}],"collection":[{"href":"http:\/\/illyes-dombovar.hu\/honlap\/wp-json\/wp\/v2\/pages"}],"about":[{"href":"http:\/\/illyes-dombovar.hu\/honlap\/wp-json\/wp\/v2\/types\/page"}],"author":[{"embeddable":true,"href":"http:\/\/illyes-dombovar.hu\/honlap\/wp-json\/wp\/v2\/users\/2"}],"replies":[{"embeddable":true,"href":"http:\/\/illyes-dombovar.hu\/honlap\/wp-json\/wp\/v2\/comments?post=12590"}],"version-history":[{"count":5,"href":"http:\/\/illyes-dombovar.hu\/honlap\/wp-json\/wp\/v2\/pages\/12590\/revisions"}],"predecessor-version":[{"id":15242,"href":"http:\/\/illyes-dombovar.hu\/honlap\/wp-json\/wp\/v2\/pages\/12590\/revisions\/15242"}],"wp:attachment":[{"href":"http:\/\/illyes-dombovar.hu\/honlap\/wp-json\/wp\/v2\/media?parent=12590"}],"curies":[{"name":"wp","href":"https:\/\/api.w.org\/{rel}","templated":true}]}}