{"id":12579,"date":"2021-10-22T06:12:31","date_gmt":"2021-10-22T06:12:31","guid":{"rendered":"http:\/\/illyes-dombovar.hu\/honlap\/?page_id=12579"},"modified":"2025-10-16T12:10:50","modified_gmt":"2025-10-16T11:10:50","slug":"hatartalanul","status":"publish","type":"page","link":"http:\/\/illyes-dombovar.hu\/honlap\/hatartalanul\/","title":{"rendered":"Hat\u00e1rtalanul"},"content":{"rendered":"\n<p><a href=\"https:\/\/illyes-dombovar.hu\/honlap\/beszamolo-hatartalanul-program-hat-kp-1-2024-1-00-sz-palyazat-szakmai-beszamoloja\/\" data-type=\"link\" data-id=\"https:\/\/illyes-dombovar.hu\/honlap\/beszamolo-hatartalanul-program-hat-kp-1-2024-1-00-sz-palyazat-szakmai-beszamoloja\/\" target=\"_blank\" rel=\"noreferrer noopener\"><strong>Besz\u00e1mol\u00f3 \u2013 Hat\u00e1rtalanul program 2025 &#8211; HAT-KP-1-2024\/1-00 sz. p\u00e1ly\u00e1zat szakmai besz\u00e1mol\u00f3ja<\/strong><\/a><\/p>\n\n\n\n<p><a href=\"http:\/\/illyes-dombovar.hu\/honlap\/beszamolo-hatartalanul-program-hat-19-02-0309\/\" data-type=\"link\" data-id=\"http:\/\/illyes-dombovar.hu\/honlap\/beszamolo-hatartalanul-program-hat-19-02-0309\/\" target=\"_blank\" rel=\"noreferrer noopener\"><strong>Besz\u00e1mol\u00f3 \u2013 Hat\u00e1rtalanul program! HAT-19-02-0309<\/strong> <strong>Erd\u00e9lyiek Magyarorsz\u00e1gon \u2013 2022. m\u00e1jus 10-14.<\/strong> <strong>A Domb\u00f3v\u00e1ri Illy\u00e9s Gyula Gimn\u00e1zium \u00e9s a T\u00e9gl\u00e1s G\u00e1bor L\u00edceum, D\u00e9va k\u00f6z\u00f6s programja<\/strong><\/a><\/p>\n\n\n\n<p><a href=\"http:\/\/illyes-dombovar.hu\/honlap\/beszamolo-hatartalanul-program-hat-19-02-0308\/\" data-type=\"link\" data-id=\"http:\/\/illyes-dombovar.hu\/honlap\/beszamolo-hatartalanul-program-hat-19-02-0308\/\" target=\"_blank\" rel=\"noreferrer noopener\"><strong>Besz\u00e1mol\u00f3 \u2013 Hat\u00e1rtalanul program! HAT-19-02-0308<\/strong> <strong>Erd\u00e9lyiek Magyarorsz\u00e1gon \u2013 2022. m\u00e1jus 10-14.<\/strong> <strong>A Domb\u00f3v\u00e1ri Illy\u00e9s Gyula Gimn\u00e1zium \u00e9s a T\u00e9gl\u00e1s G\u00e1bor L\u00edceum, D\u00e9va k\u00f6z\u00f6s programja<\/strong><\/a><\/p>\n\n\n\n<p><a href=\"http:\/\/illyes-dombovar.hu\/honlap\/hatartalanul-hat-kp-1-2022-1-001475-erdely-2023-junius-6-10-7-n-osztaly-kirandulasa\/\" data-type=\"URL\" data-id=\"http:\/\/illyes-dombovar.hu\/honlap\/hatartalanul-hat-kp-1-2022-1-001475-erdely-2023-junius-6-10-7-n-osztaly-kirandulasa\/\" target=\"_blank\" rel=\"noreferrer noopener\">Hat\u00e1rtalanul &#8211; HAT-KP-1-2022\/1-001475 &#8211; Erd\u00e9ly, 2023. j\u00fanius 6-10., 7. n oszt\u00e1ly kir\u00e1ndul\u00e1sa<\/a><\/p>\n\n\n\n<p><a rel=\"noreferrer noopener\" href=\"http:\/\/illyes-dombovar.hu\/honlap\/elso-beszamolo\/(megnyit\u00e1s \u00faj f\u00fcl\u00f6n)\" target=\"_blank\">A<\/a><a rel=\"noreferrer noopener\" href=\"http:\/\/illyes-dombovar.hu\/honlap\/elso-beszamolo\/\" target=\"_blank\">z els\u0151 besz\u00e1mol\u00f3t ide kattintva van lehet\u0151s\u00e9g megtekinteni &#8211; \u0150seink nyom\u00e1n Erd\u00e9lyben &#8211; HAT-19-02-0309<\/a><\/p>\n\n\n\n<p><a rel=\"noreferrer noopener\" href=\"http:\/\/illyes-dombovar.hu\/honlap\/masodik-beszamolo\/\" data-type=\"URL\" data-id=\"http:\/\/illyes-dombovar.hu\/honlap\/masodik-beszamolo\/\" target=\"_blank\">Az m\u00e1sodik besz\u00e1mol\u00f3t ide kattintva van lehet\u0151s\u00e9g megtekinteni &#8211; Csaba kir\u00e1lyfi csillag\u00f6sv\u00e9nyen &#8211; HAT-19-02-0308<\/a> <\/p>\n\n\n\n<p><a rel=\"noreferrer noopener\" href=\"http:\/\/illyes-dombovar.hu\/honlap\/a-felvideken-jartunk-vezerlo-fejedelmunk-nyomaban-hat-19-01-14-34\/\" data-type=\"URL\" data-id=\"http:\/\/illyes-dombovar.hu\/honlap\/a-felvideken-jartunk-vezerlo-fejedelmunk-nyomaban-hat-19-01-14-34\/\" target=\"_blank\">A Felvid\u00e9ken j\u00e1rtunk \u2013 Vez\u00e9rl\u0151 fejedelm\u00fcnk nyom\u00e1ban \u2013 HAT-19-01-14-34<\/a><\/p>\n\n\n\n<p><a href=\"http:\/\/illyes-dombovar.hu\/honlap\/hat_vegleges_beszamolo_2022 tavasz_felvidek.pdf\" data-type=\"URL\" data-id=\"http:\/\/illyes-dombovar.hu\/honlap\/hat_vegleges_beszamolo_2022 tavasz_felvidek.pdf\" target=\"_blank\" rel=\"noreferrer noopener\">BESZ\u00c1MOL\u00d3 Felvid\u00e9k HAT-KP-1-2021\/1-000986<\/a><\/p>\n\n\n\n<p><a rel=\"noreferrer noopener\" href=\"http:\/\/illyes-dombovar.hu\/honlap\/HAT_Illy\u00e9s_okt\u00f3beri \u00fat besz\u00e1mol\u00f3ja_2022.pdf\" data-type=\"URL\" data-id=\"http:\/\/illyes-dombovar.hu\/honlap\/HAT_Illy\u00e9s_okt\u00f3beri \u00fat besz\u00e1mol\u00f3ja_2022.pdf\" target=\"_blank\">Besz\u00e1mol\u00f3 Erd\u00e9ly<\/a> HAT\/2\/2022. okt\u00f3ber<\/p>\n\n\n\n<p><a rel=\"noreferrer noopener\" href=\"http:\/\/illyes-dombovar.hu\/honlap\/Hat\u00e1rtalanul - Domb\u00f3v\u00e1ri gimn\u00e1zium, 2022. szeptember 25-28..pdf\" target=\"_blank\">Besz\u00e1mol\u00f3 Erd\u00e9ly<\/a> HAT\/20\/2022. szeptember<\/p>\n\n\n<div class=\"wp-block-image\">\n<figure class=\"aligncenter size-large is-resized\"><img loading=\"lazy\" decoding=\"async\" width=\"1024\" height=\"627\" src=\"http:\/\/illyes-dombovar.hu\/honlap\/wp-content\/uploads\/2022\/10\/hatartalanul_logo-1024x627.jpg\" alt=\"\" class=\"wp-image-15237\" style=\"width:439px;height:269px\" srcset=\"http:\/\/illyes-dombovar.hu\/honlap\/wp-content\/uploads\/2022\/10\/hatartalanul_logo-1024x627.jpg 1024w, http:\/\/illyes-dombovar.hu\/honlap\/wp-content\/uploads\/2022\/10\/hatartalanul_logo-300x184.jpg 300w, http:\/\/illyes-dombovar.hu\/honlap\/wp-content\/uploads\/2022\/10\/hatartalanul_logo-768x471.jpg 768w, http:\/\/illyes-dombovar.hu\/honlap\/wp-content\/uploads\/2022\/10\/hatartalanul_logo-1536x941.jpg 1536w, http:\/\/illyes-dombovar.hu\/honlap\/wp-content\/uploads\/2022\/10\/hatartalanul_logo-2048x1255.jpg 2048w, http:\/\/illyes-dombovar.hu\/honlap\/wp-content\/uploads\/2022\/10\/hatartalanul_logo-490x300.jpg 490w\" sizes=\"auto, (max-width: 1024px) 100vw, 1024px\" \/><\/figure>\n<\/div>\n\n<div class=\"wp-block-image\">\n<figure class=\"aligncenter size-full is-resized\"><img loading=\"lazy\" decoding=\"async\" width=\"618\" height=\"606\" src=\"http:\/\/illyes-dombovar.hu\/honlap\/wp-content\/uploads\/2022\/10\/bga_alap_logo.png\" alt=\"\" class=\"wp-image-15239\" style=\"width:317px;height:311px\" srcset=\"http:\/\/illyes-dombovar.hu\/honlap\/wp-content\/uploads\/2022\/10\/bga_alap_logo.png 618w, http:\/\/illyes-dombovar.hu\/honlap\/wp-content\/uploads\/2022\/10\/bga_alap_logo-300x294.png 300w, http:\/\/illyes-dombovar.hu\/honlap\/wp-content\/uploads\/2022\/10\/bga_alap_logo-60x60.png 60w, http:\/\/illyes-dombovar.hu\/honlap\/wp-content\/uploads\/2022\/10\/bga_alap_logo-306x300.png 306w\" sizes=\"auto, (max-width: 618px) 100vw, 618px\" \/><\/figure>\n<\/div>\n\n<div class=\"wp-block-image\">\n<figure class=\"aligncenter size-large is-resized\"><img loading=\"lazy\" decoding=\"async\" width=\"1024\" height=\"910\" src=\"http:\/\/illyes-dombovar.hu\/honlap\/wp-content\/uploads\/2022\/10\/keszult-1024x910.jpg\" alt=\"\" class=\"wp-image-15240\" style=\"width:398px;height:353px\" srcset=\"http:\/\/illyes-dombovar.hu\/honlap\/wp-content\/uploads\/2022\/10\/keszult-1024x910.jpg 1024w, http:\/\/illyes-dombovar.hu\/honlap\/wp-content\/uploads\/2022\/10\/keszult-300x267.jpg 300w, http:\/\/illyes-dombovar.hu\/honlap\/wp-content\/uploads\/2022\/10\/keszult-768x682.jpg 768w, http:\/\/illyes-dombovar.hu\/honlap\/wp-content\/uploads\/2022\/10\/keszult-338x300.jpg 338w, http:\/\/illyes-dombovar.hu\/honlap\/wp-content\/uploads\/2022\/10\/keszult.jpg 1500w\" sizes=\"auto, (max-width: 1024px) 100vw, 1024px\" \/><\/figure>\n<\/div>","protected":false},"excerpt":{"rendered":"<p>Besz\u00e1mol\u00f3 \u2013 Hat\u00e1rtalanul program 2025 &#8211; HAT-KP-1-2024\/1-00 sz. p\u00e1ly\u00e1zat szakmai besz\u00e1mol\u00f3ja Besz\u00e1mol\u00f3 \u2013 Hat\u00e1rtalanul program! HAT-19-02-0309 Erd\u00e9lyiek Magyarorsz\u00e1gon \u2013 2022. m\u00e1jus 10-14. A Domb\u00f3v\u00e1ri Illy\u00e9s Gyula Gimn\u00e1zium \u00e9s a T\u00e9gl\u00e1s [&hellip;]<\/p>\n","protected":false},"author":2,"featured_media":0,"parent":0,"menu_order":0,"comment_status":"closed","ping_status":"closed","template":"","meta":{"ngg_post_thumbnail":0,"footnotes":""},"class_list":["post-12579","page","type-page","status-publish","hentry"],"_links":{"self":[{"href":"http:\/\/illyes-dombovar.hu\/honlap\/wp-json\/wp\/v2\/pages\/12579","targetHints":{"allow":["GET"]}}],"collection":[{"href":"http:\/\/illyes-dombovar.hu\/honlap\/wp-json\/wp\/v2\/pages"}],"about":[{"href":"http:\/\/illyes-dombovar.hu\/honlap\/wp-json\/wp\/v2\/types\/page"}],"author":[{"embeddable":true,"href":"http:\/\/illyes-dombovar.hu\/honlap\/wp-json\/wp\/v2\/users\/2"}],"replies":[{"embeddable":true,"href":"http:\/\/illyes-dombovar.hu\/honlap\/wp-json\/wp\/v2\/comments?post=12579"}],"version-history":[{"count":17,"href":"http:\/\/illyes-dombovar.hu\/honlap\/wp-json\/wp\/v2\/pages\/12579\/revisions"}],"predecessor-version":[{"id":23474,"href":"http:\/\/illyes-dombovar.hu\/honlap\/wp-json\/wp\/v2\/pages\/12579\/revisions\/23474"}],"wp:attachment":[{"href":"http:\/\/illyes-dombovar.hu\/honlap\/wp-json\/wp\/v2\/media?parent=12579"}],"curies":[{"name":"wp","href":"https:\/\/api.w.org\/{rel}","templated":true}]}}